{"id":55,"date":"2023-07-05T14:44:33","date_gmt":"2023-07-05T14:44:33","guid":{"rendered":"https:\/\/aeboaagua.org\/erasmusboaagua\/?page_id=55"},"modified":"2023-10-19T16:07:57","modified_gmt":"2023-10-19T16:07:57","slug":"recursos","status":"publish","type":"page","link":"https:\/\/aeboaagua.org\/erasmusboaagua\/recursos\/","title":{"rendered":"RECURSOS"},"content":{"rendered":"<p><strong>DOCUMENTOS INFORMATIVOS<\/strong><\/p>\n<ul>\n<li><a href=\"https:\/\/aeboaagua.org\/erasmusboaagua\/wp-content\/uploads\/2023\/10\/ERASMUS_factsheet_PT.pdf\">ERASMUS_factsheet_PT<\/a><\/li>\n<li><a href=\"https:\/\/aeboaagua.org\/erasmusboaagua\/wp-content\/uploads\/2023\/10\/folheto_Erasmus_Escolar_compressed.pdf\">folheto_Erasmus+_Escolar_compressed<\/a><a href=\"https:\/\/aeboaagua.org\/erasmusboaagua\/wp-content\/uploads\/2023\/10\/Informacao_SchoolEducationGateway_mobilidade_compressed-1.pdf\">Informa\u00e7\u00e3o_SchoolEducationGateway_mobilidade_compressed<\/a><\/li>\n<\/ul>\n<p>&nbsp;<\/p>\n<p><strong>LINKS<\/strong><\/p>\n<p><img loading=\"lazy\" decoding=\"async\" class=\"alignnone wp-image-410 size-full\" src=\"https:\/\/aeboaagua.org\/erasmusboaagua\/wp-content\/uploads\/2023\/09\/eRASMUS-pORTUGAL-e1697729808169.png\" alt=\"\" width=\"225\" height=\"106\" \/><\/p>\n<p>Mais informa\u00e7\u00f5es sobre Ensino Escolar:\u00a0<a href=\"https:\/\/erasmusmais.pt\/erasmus\/ensino-escolar\/\"> https:\/\/erasmusmais.pt\/erasmus\/ensino-escolar\/<\/a><\/p>\n<p>&nbsp;<\/p>\n<p><img loading=\"lazy\" decoding=\"async\" class=\"alignnone wp-image-412 size-thumbnail\" src=\"https:\/\/aeboaagua.org\/erasmusboaagua\/wp-content\/uploads\/2023\/09\/EU-Login-150x150.png\" alt=\"\" width=\"150\" height=\"150\" srcset=\"https:\/\/aeboaagua.org\/erasmusboaagua\/wp-content\/uploads\/2023\/09\/EU-Login-150x150.png 150w, https:\/\/aeboaagua.org\/erasmusboaagua\/wp-content\/uploads\/2023\/09\/EU-Login-100x100.png 100w, https:\/\/aeboaagua.org\/erasmusboaagua\/wp-content\/uploads\/2023\/09\/EU-Login.png 225w\" sizes=\"auto, (max-width: 150px) 100vw, 150px\" \/><span style=\"font-size: 1rem;\">Acesso a\u00a0<\/span><strong style=\"font-size: 1rem;\">European School Education Platform<\/strong><\/p>\n<p>Criar perfil\/conta EU\u00a0<a href=\"https:\/\/webgate.ec.europa.eu\/cas\/login\">https:\/\/webgate.ec.europa.eu\/cas\/login<\/a><\/p>\n<p>&nbsp;<\/p>\n<p><img loading=\"lazy\" decoding=\"async\" class=\"alignnone size-medium wp-image-437\" src=\"https:\/\/aeboaagua.org\/erasmusboaagua\/wp-content\/uploads\/2023\/10\/School-Education-Gate-Away-300x114.png\" alt=\"\" width=\"300\" height=\"114\" srcset=\"https:\/\/aeboaagua.org\/erasmusboaagua\/wp-content\/uploads\/2023\/10\/School-Education-Gate-Away-300x114.png 300w, https:\/\/aeboaagua.org\/erasmusboaagua\/wp-content\/uploads\/2023\/10\/School-Education-Gate-Away.png 350w\" sizes=\"auto, (max-width: 300px) 100vw, 300px\" \/><span style=\"font-size: 1rem;\">Acesso \u00e0 plataforma digital europeia para o Ensino Escolar: <\/span><a href=\"https:\/\/www.schooleducationgateway.eu\/pt\/pub\/index.htm\">https:\/\/www.schooleducationgateway.eu\/pt\/pub\/index.htm<\/a><\/p>\n<ul>\n<li>Pesquisar atividades no cat\u00e1logo de cursos (consultar Tutorial no separador de Recursos)<\/li>\n<\/ul>\n<p>&nbsp;<\/p>\n<p><img loading=\"lazy\" decoding=\"async\" class=\"alignnone size-full wp-image-438\" src=\"https:\/\/aeboaagua.org\/erasmusboaagua\/wp-content\/uploads\/2023\/10\/eTWINNING.png\" alt=\"\" width=\"271\" height=\"186\" \/>C<span style=\"font-size: 1rem;\">oopera\u00e7\u00e3o virtual, desenvolvimento profissional e recursos educativos<\/span><\/p>\n<p><a href=\"https:\/\/www.etwinning.net\/pt\/pub\/index.htm\">https:\/\/www.etwinning.net\/pt\/pub\/index.htm<\/a><\/p>\n<ul>\n<li>registar-se<\/li>\n<li>associar-se a grupos de interesse<\/li>\n<li>usar os materiais pedag\u00f3gicos dispon\u00edveis<\/li>\n<li>colaborar com projetos e divulgar atividades realizadas<\/li>\n<\/ul>\n<p>-Para coopera\u00e7\u00e3o virtual, desenvolvimento profissional e recursos educativos, consulte:<\/p>\n<p><a href=\"https:\/\/school-education.ec.europa.eu\/en\/etwinning\">https:\/\/school-education.ec.europa.eu\/en\/etwinning<\/a><\/p>\n<p>Neste espa\u00e7o pode:<\/p>\n<ul>\n<li>registra-se;<\/li>\n<li>associar-se a grupos de interesse;<\/li>\n<li>consultar os materiais pedag\u00f3gicos dispon\u00edveis;<\/li>\n<li>colaborar com projetos e divulgar atividades realizadas.<\/li>\n<\/ul>\n","protected":false},"excerpt":{"rendered":"<p>DOCUMENTOS INFORMATIVOS ERASMUS_factsheet_PT folheto_Erasmus+_Escolar_compressedInforma\u00e7\u00e3o_SchoolEducationGateway_mobilidade_compressed &nbsp; LINKS Mais informa\u00e7\u00f5es sobre Ensino Escolar:\u00a0 https:\/\/erasmusmais.pt\/erasmus\/ensino-escolar\/ &nbsp; Acesso a\u00a0European School Education Platform Criar perfil\/conta EU\u00a0https:\/\/webgate.ec.europa.eu\/cas\/login &nbsp; Acesso \u00e0 plataforma digital europeia para o Ensino Escolar: https:\/\/www.schooleducationgateway.eu\/pt\/pub\/index.htm Pesquisar atividades no cat\u00e1logo de cursos (consultar Tutorial no separador de Recursos) &nbsp; Coopera\u00e7\u00e3o virtual, desenvolvimento profissional e recursos educativos https:\/\/www.etwinning.net\/pt\/pub\/index.htm registar-se associar-se &hellip; <\/p>\n<div class=\"link-more\"><a href=\"https:\/\/aeboaagua.org\/erasmusboaagua\/recursos\/\" class=\"more-link\">Read More<span class=\"screen-reader-text\"> &#8220;RECURSOS&#8221;<\/span><\/a><\/div>\n","protected":false},"author":1,"featured_media":0,"parent":0,"menu_order":3,"comment_status":"closed","ping_status":"closed","template":"","meta":{"footnotes":""},"class_list":["post-55","page","type-page","status-publish","hentry"],"_links":{"self":[{"href":"https:\/\/aeboaagua.org\/erasmusboaagua\/wp-json\/wp\/v2\/pages\/55","targetHints":{"allow":["GET"]}}],"collection":[{"href":"https:\/\/aeboaagua.org\/erasmusboaagua\/wp-json\/wp\/v2\/pages"}],"about":[{"href":"https:\/\/aeboaagua.org\/erasmusboaagua\/wp-json\/wp\/v2\/types\/page"}],"author":[{"embeddable":true,"href":"https:\/\/aeboaagua.org\/erasmusboaagua\/wp-json\/wp\/v2\/users\/1"}],"replies":[{"embeddable":true,"href":"https:\/\/aeboaagua.org\/erasmusboaagua\/wp-json\/wp\/v2\/comments?post=55"}],"version-history":[{"count":6,"href":"https:\/\/aeboaagua.org\/erasmusboaagua\/wp-json\/wp\/v2\/pages\/55\/revisions"}],"predecessor-version":[{"id":409,"href":"https:\/\/aeboaagua.org\/erasmusboaagua\/wp-json\/wp\/v2\/pages\/55\/revisions\/409"}],"wp:attachment":[{"href":"https:\/\/aeboaagua.org\/erasmusboaagua\/wp-json\/wp\/v2\/media?parent=55"}],"curies":[{"name":"wp","href":"https:\/\/api.w.org\/{rel}","templated":true}]}}