{"id":47,"date":"2023-07-05T14:43:06","date_gmt":"2023-07-05T14:43:06","guid":{"rendered":"https:\/\/aeboaagua.org\/erasmusboaagua\/?page_id=47"},"modified":"2026-01-26T17:36:36","modified_gmt":"2026-01-26T17:36:36","slug":"candidaturas","status":"publish","type":"page","link":"https:\/\/aeboaagua.org\/erasmusboaagua\/candidaturas\/","title":{"rendered":"CANDIDATURAS"},"content":{"rendered":"<p><strong>&#8211; PASSOS PARA CANDIDATURA<\/strong><\/p>\n<ol>\n<li>Consultar candidaturas\/projetos dispon\u00edveis no site;<\/li>\n<li>Preencher formul\u00e1rio referente \u00e0 sua situa\u00e7\u00e3o (pessoal educativo ou alunos);<\/li>\n<li>Escrever uma Carta de Motiva\u00e7\u00e3o que demonstre os reais motivos para participa\u00e7\u00e3o na atividade Erasmus+ a que se candidata e enviar para: erasmus.mais@aeboaagua.org<\/li>\n<\/ol>\n<p>Aqui ficam alguns breves conselhos para a reda\u00e7\u00e3o da Carta de Motiva\u00e7\u00e3o:<\/p>\n<ul>\n<li><strong>Ser breve e concisa, mas completa<\/strong>.<\/li>\n<li><strong>Ser educado, mas n\u00e3o de forma cansativa<\/strong>.<\/li>\n<li><strong>Estruturar bem a carta<\/strong>. (N\u00e3o esquecer: nome e sobrenome, informa\u00e7\u00f5es de contato como e-mail, ano e turma &#8211; se aluno) .<\/li>\n<li><strong>N\u00e3o basear o seu motivo para querer ir de Erasmus unicamente num t\u00f3pico.<\/strong><\/li>\n<li><strong>Ter cuidado com a emo\u00e7\u00e3o<\/strong>.<\/li>\n<li><strong>Transmitir principalmente de que forma este per\u00edodo Erasmus te vai ajudar para o teu futuro profissional<\/strong>.<\/li>\n<li><strong>Escrever uma frase final em forma de resumo<\/strong> que sintetize tudo o que foi escrito.<\/li>\n<\/ul>\n<p><strong>&#8211; FORMUL\u00c1RIOS<\/strong><\/p>\n<p><a href=\"https:\/\/forms.gle\/KjkVviYRhrxJxJ7PA\">Formul\u00e1rio de candidatura a Mobilidades Erasmus+ &#8211; Pessoal Educativo<\/a><\/p>\n<p><a href=\"https:\/\/forms.gle\/xsFYQwy5yDq3tUUJA\">Formul\u00e1rio de candidatura a Clube Erasmus+ &#8211; Alunos<\/a><\/p>\n<p>&nbsp;<\/p>\n<p><strong>CRIT\u00c9RIOS DE SELE\u00c7\u00c3O para PROFESSORES<\/strong> 2026 no curso &#8220;21st Century Skills for Teachers and Students&#8221;<\/p>\n<p><a href=\"https:\/\/aeboaagua.org\/erasmusboaagua\/wp-content\/uploads\/2026\/01\/Criterios.pdf\">Crit\u00e9rios<\/a><\/p>\n<p><strong>CRIT\u00c9RIOS DE SELE\u00c7\u00c3O para PROFESSORES<\/strong>\u00a0no curso \u00a0&#8220;Fostering Active Democratic Participation Through Global Citizenship Education&#8221;<\/p>\n<p><a href=\"https:\/\/aeboaagua.org\/erasmusboaagua\/wp-content\/uploads\/2026\/01\/Criterios-1.pdf\">Crit\u00e9rios<\/a><\/p>\n<p>&nbsp;<\/p>\n<p><strong>CRIT\u00c9RIOS DE SELE\u00c7\u00c3O para PROFESSORES<\/strong> nas mobilidades de grupo ( a aguardar mobilidade)<\/p>\n<p>&nbsp;<\/p>\n<p>&#8211; CONSTITUI\u00c7\u00c3O DO J\u00daRI<\/p>\n<p><em>Avalia\u00e7\u00e3o e sele\u00e7\u00e3o de candidaturas a mobilidades\u00a0<\/em><\/p>\n<ul>\n<li>O Diretor do Agrupamento (ou outro membro em sua representa\u00e7\u00e3o)<\/li>\n<li>A coordenadora do projeto Erasmus+ (ou outro elemento da equipa em sua representa\u00e7\u00e3o)<\/li>\n<\/ul>\n<p>&nbsp;<\/p>\n<p>&#8211; ORDENA\u00c7\u00c3O DOS CANDIDATOS aos cursos<\/p>\n<p><strong>\u00a0&#8220;Fostering Active Democratic Participation Through Global Citizenship Education&#8221;<\/strong><\/p>\n<p>Professor selecionado: Lu\u00edsa Ara\u00fajo<\/p>\n<p><img loading=\"lazy\" decoding=\"async\" class=\"alignnone wp-image-1263 size-medium\" src=\"https:\/\/aeboaagua.org\/erasmusboaagua\/wp-content\/uploads\/2026\/01\/selecionados-Democracia-300x185.jpg\" alt=\"\" width=\"300\" height=\"185\" srcset=\"https:\/\/aeboaagua.org\/erasmusboaagua\/wp-content\/uploads\/2026\/01\/selecionados-Democracia-300x185.jpg 300w, https:\/\/aeboaagua.org\/erasmusboaagua\/wp-content\/uploads\/2026\/01\/selecionados-Democracia-1024x630.jpg 1024w, https:\/\/aeboaagua.org\/erasmusboaagua\/wp-content\/uploads\/2026\/01\/selecionados-Democracia-768x473.jpg 768w, https:\/\/aeboaagua.org\/erasmusboaagua\/wp-content\/uploads\/2026\/01\/selecionados-Democracia-1536x945.jpg 1536w, https:\/\/aeboaagua.org\/erasmusboaagua\/wp-content\/uploads\/2026\/01\/selecionados-Democracia.jpg 1737w\" sizes=\"auto, (max-width: 300px) 100vw, 300px\" \/><\/p>\n<p><strong>&#8220;21st Century Skills for Teachers and Students&#8221;<\/strong><\/p>\n<p>Professor selecionado: Martine Mendes<\/p>\n","protected":false},"excerpt":{"rendered":"<p>&#8211; PASSOS PARA CANDIDATURA Consultar candidaturas\/projetos dispon\u00edveis no site; Preencher formul\u00e1rio referente \u00e0 sua situa\u00e7\u00e3o (pessoal educativo ou alunos); Escrever uma Carta de Motiva\u00e7\u00e3o que demonstre os reais motivos para participa\u00e7\u00e3o na atividade Erasmus+ a que se candidata e enviar para: erasmus.mais@aeboaagua.org Aqui ficam alguns breves conselhos para a reda\u00e7\u00e3o da Carta de Motiva\u00e7\u00e3o: Ser &hellip; <\/p>\n<div class=\"link-more\"><a href=\"https:\/\/aeboaagua.org\/erasmusboaagua\/candidaturas\/\" class=\"more-link\">Read More<span class=\"screen-reader-text\"> &#8220;CANDIDATURAS&#8221;<\/span><\/a><\/div>\n","protected":false},"author":1,"featured_media":0,"parent":0,"menu_order":1,"comment_status":"closed","ping_status":"closed","template":"","meta":{"footnotes":""},"class_list":["post-47","page","type-page","status-publish","hentry"],"_links":{"self":[{"href":"https:\/\/aeboaagua.org\/erasmusboaagua\/wp-json\/wp\/v2\/pages\/47","targetHints":{"allow":["GET"]}}],"collection":[{"href":"https:\/\/aeboaagua.org\/erasmusboaagua\/wp-json\/wp\/v2\/pages"}],"about":[{"href":"https:\/\/aeboaagua.org\/erasmusboaagua\/wp-json\/wp\/v2\/types\/page"}],"author":[{"embeddable":true,"href":"https:\/\/aeboaagua.org\/erasmusboaagua\/wp-json\/wp\/v2\/users\/1"}],"replies":[{"embeddable":true,"href":"https:\/\/aeboaagua.org\/erasmusboaagua\/wp-json\/wp\/v2\/comments?post=47"}],"version-history":[{"count":21,"href":"https:\/\/aeboaagua.org\/erasmusboaagua\/wp-json\/wp\/v2\/pages\/47\/revisions"}],"predecessor-version":[{"id":1264,"href":"https:\/\/aeboaagua.org\/erasmusboaagua\/wp-json\/wp\/v2\/pages\/47\/revisions\/1264"}],"wp:attachment":[{"href":"https:\/\/aeboaagua.org\/erasmusboaagua\/wp-json\/wp\/v2\/media?parent=47"}],"curies":[{"name":"wp","href":"https:\/\/api.w.org\/{rel}","templated":true}]}}