{"id":45,"date":"2023-07-05T14:42:15","date_gmt":"2023-07-05T14:42:15","guid":{"rendered":"https:\/\/aeboaagua.org\/erasmusboaagua\/?page_id=45"},"modified":"2023-10-17T15:37:00","modified_gmt":"2023-10-17T15:37:00","slug":"projetos","status":"publish","type":"page","link":"https:\/\/aeboaagua.org\/erasmusboaagua\/projetos\/","title":{"rendered":"PROJETOS"},"content":{"rendered":"<p><strong>PRIORIDADE a projetos que envolvem pessoas com menos oportunidades<\/strong><\/p>\n<p>A Comiss\u00e3o Europeia e Ag\u00eancia portuguesa estabeleceram como prioridades projetos que apoiem a remo\u00e7\u00e3o de obst\u00e1culos \u00e0 mobilidade, nomeadamente com enfoque direto na inclus\u00e3o, no apoio a entidades sem experi\u00eancia ou com menos capacidade ou que fomentem a mobilidades de alunos de longa dura\u00e7\u00e3o.<\/p>\n<p><em>\u00abAs pessoas com menos oportunidades s\u00e3o pessoas que, por motivos econ\u00f3micos, sociais, culturais, geogr\u00e1ficos ou de sa\u00fade, devido \u00e0 origem migrante, por motivos relativos a defici\u00eancia ou dificuldades educativas ou por quaisquer outros motivos, nomeadamente os que podem dar azo a pr\u00e1ticas discriminat\u00f3rias constantes do artigo 21.\u00ba da Carta dos Direitos Fundamentais da Uni\u00e3o Europeia, enfrentam obst\u00e1culos que as impedem de ter acesso efetivo a oportunidades de educa\u00e7\u00e3o ao abrigo do programa.\u00bb<\/em><\/p>\n<p>&nbsp;<\/p>\n<p><strong>PROJETOS A DECORRER<\/strong><\/p>\n<ul>\n<li>&#8220;Becoming a Biomaker School&#8221; &#8211; at\u00e9 2025 (mobilidades com alunos)<\/li>\n<li>&#8220;CLIL is practice&#8221; &#8211; at\u00e9 final 2023 (cursos para professores)<\/li>\n<\/ul>\n","protected":false},"excerpt":{"rendered":"<p>PRIORIDADE a projetos que envolvem pessoas com menos oportunidades A Comiss\u00e3o Europeia e Ag\u00eancia portuguesa estabeleceram como prioridades projetos que apoiem a remo\u00e7\u00e3o de obst\u00e1culos \u00e0 mobilidade, nomeadamente com enfoque direto na inclus\u00e3o, no apoio a entidades sem experi\u00eancia ou com menos capacidade ou que fomentem a mobilidades de alunos de longa dura\u00e7\u00e3o. \u00abAs pessoas &hellip; <\/p>\n<div class=\"link-more\"><a href=\"https:\/\/aeboaagua.org\/erasmusboaagua\/projetos\/\" class=\"more-link\">Read More<span class=\"screen-reader-text\"> &#8220;PROJETOS&#8221;<\/span><\/a><\/div>\n","protected":false},"author":1,"featured_media":0,"parent":0,"menu_order":2,"comment_status":"closed","ping_status":"closed","template":"","meta":{"footnotes":""},"class_list":["post-45","page","type-page","status-publish","hentry"],"_links":{"self":[{"href":"https:\/\/aeboaagua.org\/erasmusboaagua\/wp-json\/wp\/v2\/pages\/45","targetHints":{"allow":["GET"]}}],"collection":[{"href":"https:\/\/aeboaagua.org\/erasmusboaagua\/wp-json\/wp\/v2\/pages"}],"about":[{"href":"https:\/\/aeboaagua.org\/erasmusboaagua\/wp-json\/wp\/v2\/types\/page"}],"author":[{"embeddable":true,"href":"https:\/\/aeboaagua.org\/erasmusboaagua\/wp-json\/wp\/v2\/users\/1"}],"replies":[{"embeddable":true,"href":"https:\/\/aeboaagua.org\/erasmusboaagua\/wp-json\/wp\/v2\/comments?post=45"}],"version-history":[{"count":4,"href":"https:\/\/aeboaagua.org\/erasmusboaagua\/wp-json\/wp\/v2\/pages\/45\/revisions"}],"predecessor-version":[{"id":423,"href":"https:\/\/aeboaagua.org\/erasmusboaagua\/wp-json\/wp\/v2\/pages\/45\/revisions\/423"}],"wp:attachment":[{"href":"https:\/\/aeboaagua.org\/erasmusboaagua\/wp-json\/wp\/v2\/media?parent=45"}],"curies":[{"name":"wp","href":"https:\/\/api.w.org\/{rel}","templated":true}]}}