{"id":43,"date":"2023-07-05T14:40:32","date_gmt":"2023-07-05T14:40:32","guid":{"rendered":"https:\/\/aeboaagua.org\/erasmusboaagua\/?page_id=43"},"modified":"2023-10-17T15:06:25","modified_gmt":"2023-10-17T15:06:25","slug":"atividades","status":"publish","type":"page","link":"https:\/\/aeboaagua.org\/erasmusboaagua\/atividades\/","title":{"rendered":"ATIVIDADES"},"content":{"rendered":"<p><strong>ATIVIDADES PARA MOBILIDADES<\/strong><\/p>\n<p>As atividades de mobilidade financiadas no \u00e2mbito da A\u00e7\u00e3o-chave 1 (KA120 + KA121) devem contribuir para:<\/p>\n<ul>\n<li>a aprendizagem dos indiv\u00edduos<\/li>\n<li>o desenvolvimento institucional<\/li>\n<li>a internacionaliza\u00e7\u00e3o do agrupamento<\/li>\n<\/ul>\n<p><strong>Nota importante<\/strong>:\u00a0<em>qualquer atividade de mobilidade deve dar resposta \u00e0s necessidades e objetivos da organiza\u00e7\u00e3o<\/em><\/p>\n<p>&nbsp;<\/p>\n<p><img loading=\"lazy\" decoding=\"async\" class=\"alignnone size-medium wp-image-400\" src=\"https:\/\/aeboaagua.org\/erasmusboaagua\/wp-content\/uploads\/2023\/09\/ATIVIDADES1-300x225.jpg\" alt=\"\" width=\"300\" height=\"225\" srcset=\"https:\/\/aeboaagua.org\/erasmusboaagua\/wp-content\/uploads\/2023\/09\/ATIVIDADES1-300x225.jpg 300w, https:\/\/aeboaagua.org\/erasmusboaagua\/wp-content\/uploads\/2023\/09\/ATIVIDADES1-768x576.jpg 768w, https:\/\/aeboaagua.org\/erasmusboaagua\/wp-content\/uploads\/2023\/09\/ATIVIDADES1.jpg 960w\" sizes=\"auto, (max-width: 300px) 100vw, 300px\" \/> <img loading=\"lazy\" decoding=\"async\" class=\"alignnone size-medium wp-image-401\" src=\"https:\/\/aeboaagua.org\/erasmusboaagua\/wp-content\/uploads\/2023\/09\/aTIVIDADES2-300x225.jpg\" alt=\"\" width=\"300\" height=\"225\" srcset=\"https:\/\/aeboaagua.org\/erasmusboaagua\/wp-content\/uploads\/2023\/09\/aTIVIDADES2-300x225.jpg 300w, https:\/\/aeboaagua.org\/erasmusboaagua\/wp-content\/uploads\/2023\/09\/aTIVIDADES2-768x576.jpg 768w, https:\/\/aeboaagua.org\/erasmusboaagua\/wp-content\/uploads\/2023\/09\/aTIVIDADES2.jpg 960w\" sizes=\"auto, (max-width: 300px) 100vw, 300px\" \/><\/p>\n<p>&nbsp;<\/p>\n<p><b>PRIORIDADE a projetos que envolvem pessoas com menos oportunidades<\/b><\/p>\n<p><span style=\"font-weight: 400;\">A Comiss\u00e3o Europeia e Ag\u00eancia portuguesa estabeleceram como prioridades projetos que apoiem a remo\u00e7\u00e3o de obst\u00e1culos \u00e0 mobilidade, nomeadamente com enfoque direto na inclus\u00e3o, no apoio a entidades sem experi\u00eancia ou com menos capacidade ou que fomentem a mobilidade de alunos de longa dura\u00e7\u00e3o.<\/span><\/p>\n<p><i><span style=\"font-weight: 400;\">\u00abAs pessoas com menos oportunidades s\u00e3o pessoas que, por motivos econ\u00f3micos, sociais, culturais, geogr\u00e1ficos ou de sa\u00fade, devido \u00e0 origem migrante, por motivos relativos a defici\u00eancia ou dificuldades educativas ou por quaisquer outros motivos, nomeadamente os que podem dar azo a pr\u00e1ticas discriminat\u00f3rias constantes do artigo 21.\u00ba da Carta dos Direitos Fundamentais da Uni\u00e3o Europeia, enfrentam obst\u00e1culos que as impedem de ter acesso efetivo a oportunidades de educa\u00e7\u00e3o ao abrigo do programa.\u00bb<\/span><\/i><\/p>\n<p>&nbsp;<\/p>\n<p><strong>APOIO LINGU\u00cdSTICO<\/strong><\/p>\n<p><a href=\"https:\/\/erasmus-plus.ec.europa.eu\/resources-and-tools\/online-language-support\"><span style=\"font-weight: 400;\">Online Language Support | Erasmus+ (europa.eu)<\/span><\/a><\/p>\n<p><span style=\"font-weight: 400;\">OLS \u00e9 o servi\u00e7o gratuito disponibilizado pela CE para apoio lingu\u00edstico aos participantes em mobilidade. O lan\u00e7amento est\u00e1 a ser feito progressivamente at\u00e9 mar\u00e7o de 2023.<\/span><\/p>\n<ul>\n<li style=\"font-weight: 400;\" aria-level=\"1\"><span style=\"font-weight: 400;\">\u00c1rea restrita \u2013 para participantes Erasmus+ de acordo com as suas necessidades e interesses; com maior intera\u00e7\u00e3o e recurso a tecnologias<\/span><\/li>\n<li style=\"font-weight: 400;\" aria-level=\"1\"><span style=\"font-weight: 400;\">\u00c1rea aberta \u2013 a qualquer cidad\u00e3o que queira melhorar as suas compet\u00eancias lingu\u00edsticas<\/span><\/li>\n<\/ul>\n<p><span style=\"font-weight: 400;\">\u00a0<\/span><\/p>\n<p>QUEM PODE ACEDER \u00c0 \u00c1REA RESTRITA<\/p>\n<p><span style=\"font-weight: 400;\">Alunos e pessoal do ensino escolar codificados no M\u00f3dulo do Benefici\u00e1rio (BM) \u2013 a disponibilizar pela pessoa de contacto &#8211; ser\u00e3o automaticamente inscritos.<\/span><\/p>\n<p><span style=\"font-weight: 400;\">\u00a0<\/span>L\u00cdNGUAS<\/p>\n<p><span style=\"font-weight: 400;\">Alem\u00e3o, B\u00falgaro, Checo, Croata, Dinamarqu\u00eas, Eslovaco, Esloveno, Espanhol, Estoniano, Finland\u00eas, Franc\u00eas, Ga\u00e9lico Irland\u00eas, Grego, Holand\u00eas, H\u00fangaro, Ingl\u00eas, Italiano, Let\u00e3o, Lituano, Malt\u00eas, Polaco, Portugu\u00eas, Romeno e Sueco. Gradualmente, ir\u00e3o ser disponibilizadas as 29 l\u00ednguas oficiais dos Estados-Membros da UE e pa\u00edses.<\/span><\/p>\n","protected":false},"excerpt":{"rendered":"<p>ATIVIDADES PARA MOBILIDADES As atividades de mobilidade financiadas no \u00e2mbito da A\u00e7\u00e3o-chave 1 (KA120 + KA121) devem contribuir para: a aprendizagem dos indiv\u00edduos o desenvolvimento institucional a internacionaliza\u00e7\u00e3o do agrupamento Nota importante:\u00a0qualquer atividade de mobilidade deve dar resposta \u00e0s necessidades e objetivos da organiza\u00e7\u00e3o &nbsp; &nbsp; PRIORIDADE a projetos que envolvem pessoas com menos oportunidades &hellip; <\/p>\n<div class=\"link-more\"><a href=\"https:\/\/aeboaagua.org\/erasmusboaagua\/atividades\/\" class=\"more-link\">Read More<span class=\"screen-reader-text\"> &#8220;ATIVIDADES&#8221;<\/span><\/a><\/div>\n","protected":false},"author":1,"featured_media":0,"parent":0,"menu_order":1,"comment_status":"closed","ping_status":"closed","template":"","meta":{"footnotes":""},"class_list":["post-43","page","type-page","status-publish","hentry"],"_links":{"self":[{"href":"https:\/\/aeboaagua.org\/erasmusboaagua\/wp-json\/wp\/v2\/pages\/43","targetHints":{"allow":["GET"]}}],"collection":[{"href":"https:\/\/aeboaagua.org\/erasmusboaagua\/wp-json\/wp\/v2\/pages"}],"about":[{"href":"https:\/\/aeboaagua.org\/erasmusboaagua\/wp-json\/wp\/v2\/types\/page"}],"author":[{"embeddable":true,"href":"https:\/\/aeboaagua.org\/erasmusboaagua\/wp-json\/wp\/v2\/users\/1"}],"replies":[{"embeddable":true,"href":"https:\/\/aeboaagua.org\/erasmusboaagua\/wp-json\/wp\/v2\/comments?post=43"}],"version-history":[{"count":7,"href":"https:\/\/aeboaagua.org\/erasmusboaagua\/wp-json\/wp\/v2\/pages\/43\/revisions"}],"predecessor-version":[{"id":420,"href":"https:\/\/aeboaagua.org\/erasmusboaagua\/wp-json\/wp\/v2\/pages\/43\/revisions\/420"}],"wp:attachment":[{"href":"https:\/\/aeboaagua.org\/erasmusboaagua\/wp-json\/wp\/v2\/media?parent=43"}],"curies":[{"name":"wp","href":"https:\/\/api.w.org\/{rel}","templated":true}]}}