{"id":9006,"date":"2025-02-04T15:55:56","date_gmt":"2025-02-04T15:55:56","guid":{"rendered":"https:\/\/aeboaagua.org\/ebiba\/?page_id=9006"},"modified":"2025-02-04T16:06:11","modified_gmt":"2025-02-04T16:06:11","slug":"relatorio-de-autoavaliacao-2024","status":"publish","type":"page","link":"https:\/\/aeboaagua.org\/ebiba\/relatorio-de-autoavaliacao-2024\/","title":{"rendered":"Relat\u00f3rio de autoavalia\u00e7\u00e3o 2024"},"content":{"rendered":"\n<p><a href=\"https:\/\/aeboaagua.org\/ebiba\/wp-content\/uploads\/2025\/02\/Relatorio-autoavaliacao-agrupamento-2024_compressed-1.pdf\">Relat\u00f3rio de autoavalia\u00e7\u00e3o do Agrupamento 2024<\/a><\/p>\n\n\n\n<p><\/p>\n","protected":false},"excerpt":{"rendered":"<p>Relat\u00f3rio de autoavalia\u00e7\u00e3o do Agrupamento 2024<\/p>\n","protected":false},"author":9,"featured_media":0,"parent":0,"menu_order":0,"comment_status":"closed","ping_status":"closed","template":"","meta":{"footnotes":""},"class_list":["post-9006","page","type-page","status-publish","hentry"],"_links":{"self":[{"href":"https:\/\/aeboaagua.org\/ebiba\/wp-json\/wp\/v2\/pages\/9006","targetHints":{"allow":["GET"]}}],"collection":[{"href":"https:\/\/aeboaagua.org\/ebiba\/wp-json\/wp\/v2\/pages"}],"about":[{"href":"https:\/\/aeboaagua.org\/ebiba\/wp-json\/wp\/v2\/types\/page"}],"author":[{"embeddable":true,"href":"https:\/\/aeboaagua.org\/ebiba\/wp-json\/wp\/v2\/users\/9"}],"replies":[{"embeddable":true,"href":"https:\/\/aeboaagua.org\/ebiba\/wp-json\/wp\/v2\/comments?post=9006"}],"version-history":[{"count":2,"href":"https:\/\/aeboaagua.org\/ebiba\/wp-json\/wp\/v2\/pages\/9006\/revisions"}],"predecessor-version":[{"id":9010,"href":"https:\/\/aeboaagua.org\/ebiba\/wp-json\/wp\/v2\/pages\/9006\/revisions\/9010"}],"wp:attachment":[{"href":"https:\/\/aeboaagua.org\/ebiba\/wp-json\/wp\/v2\/media?parent=9006"}],"curies":[{"name":"wp","href":"https:\/\/api.w.org\/{rel}","templated":true}]}}