{"id":8945,"date":"2024-12-14T11:06:29","date_gmt":"2024-12-14T11:06:29","guid":{"rendered":"https:\/\/aeboaagua.org\/ebiba\/?page_id=8945"},"modified":"2024-12-14T11:27:05","modified_gmt":"2024-12-14T11:27:05","slug":"led-laboratorio-educativo-digital-da-boa-agua","status":"publish","type":"page","link":"https:\/\/aeboaagua.org\/ebiba\/projetos\/led-laboratorio-educativo-digital-da-boa-agua\/","title":{"rendered":"LED (Laborat\u00f3rio Educativo Digital) da Boa \u00c1gua"},"content":{"rendered":"\n<div class=\"wp-block-group is-nowrap is-layout-flex wp-container-core-group-is-layout-1 wp-block-group-is-layout-flex\">\n<figure class=\"wp-block-image size-large is-resized\"><a href=\"https:\/\/led.dge.medu.pt\/\"><img loading=\"lazy\" decoding=\"async\" width=\"1024\" height=\"582\" src=\"https:\/\/aeboaagua.org\/ebiba\/wp-content\/uploads\/2024\/12\/Logo-LED-negro-Tx-negro-HR-1024x582.png\" alt=\"\" class=\"wp-image-8947\" style=\"width:300px\" srcset=\"https:\/\/aeboaagua.org\/ebiba\/wp-content\/uploads\/2024\/12\/Logo-LED-negro-Tx-negro-HR-1024x582.png 1024w, https:\/\/aeboaagua.org\/ebiba\/wp-content\/uploads\/2024\/12\/Logo-LED-negro-Tx-negro-HR-300x170.png 300w, https:\/\/aeboaagua.org\/ebiba\/wp-content\/uploads\/2024\/12\/Logo-LED-negro-Tx-negro-HR-768x436.png 768w, https:\/\/aeboaagua.org\/ebiba\/wp-content\/uploads\/2024\/12\/Logo-LED-negro-Tx-negro-HR-1536x872.png 1536w, https:\/\/aeboaagua.org\/ebiba\/wp-content\/uploads\/2024\/12\/Logo-LED-negro-Tx-negro-HR-2048x1163.png 2048w\" sizes=\"auto, (max-width: 1024px) 100vw, 1024px\" \/><\/a><\/figure>\n\n\n\n<p>Implementamos o nosso LED (Laborat\u00f3rio Educativo Digital), promovido pela MEC-DGE, \u00e2mbito definido na Componente C20 do Plano de Recupera\u00e7\u00e3o e Resili\u00eancia (PRR)1 &#8211; Investimento \u201cTD-C20-i01: Transi\u00e7\u00e3o digital na Educa\u00e7\u00e3o\u201d2, os Laborat\u00f3rios de Educa\u00e7\u00e3o Digital (LED) destinam-se a todos os alunos do Agrupamento.<\/p>\n<\/div>\n\n\n\n<p><strong>Objetivo do LED da AE Boa \u00c1gua<\/strong><\/p>\n\n\n\n<p>Com a instala\u00e7\u00e3o de LED no agrupamento, destinado a todos os alunos do ensino b\u00e1sico, dever\u00e1 contribuir para apoiar as aprendizagens essenciais e desenvolvimento das compet\u00eancias do PASEO, integrando as tecnologias digitais, no processo de ensino e de aprendizagem.<\/p>\n\n\n\n<p>O MEC-DGE pretende que os LED sejam espa\u00e7os de suporte \u00e0 aprendizagem, que proporcionem a professores e a alunos o contacto e a utiliza\u00e7\u00e3o de recursos e equipamentos tecnol\u00f3gicos, em estreita articula\u00e7\u00e3o com o desenvolvimento de atividades curriculares e\/ou extracurriculares.<\/p>\n\n\n\n<p>Assim o agrupamento, espera com estes espa\u00e7os, recursos e equipamentos, os alunos possam realizar atividades pr\u00e1ticas, pesquisar e organizar informa\u00e7\u00e3o, modelar, manipular vari\u00e1veis, realizar experi\u00eancias, analisar resultados, automatizar processos, criar artefactos e solu\u00e7\u00f5es, entre outros, potenciando a sua experi\u00eancia de aprendizagem e o desenvolvimento das suas compet\u00eancias, sempre recorrendo a metodologias ativas.<\/p>\n\n\n\n<p><strong>Nossos espa\u00e7os LED<\/strong><\/p>\n\n\n\n<p>Atualmente no nosso agrupamento existem dois espa\u00e7os LED, os recursos e equipamentos est\u00e3o instalados no nosso LAI (Laborat\u00f3rio de Aprendizagem Interativa) e no MAKERSPACE, na escola sede.<\/p>\n\n\n\n<figure class=\"wp-block-gallery has-nested-images columns-default is-cropped wp-block-gallery-1 is-layout-flex wp-block-gallery-is-layout-flex\">\n<figure class=\"wp-block-image size-full\"><a href=\"https:\/\/aeboaagua.org\/ebiba\/wp-content\/uploads\/2024\/12\/led001.png\"><img loading=\"lazy\" decoding=\"async\" width=\"400\" height=\"300\" data-id=\"8960\" src=\"https:\/\/aeboaagua.org\/ebiba\/wp-content\/uploads\/2024\/12\/led001.png\" alt=\"\" class=\"wp-image-8960\" srcset=\"https:\/\/aeboaagua.org\/ebiba\/wp-content\/uploads\/2024\/12\/led001.png 400w, https:\/\/aeboaagua.org\/ebiba\/wp-content\/uploads\/2024\/12\/led001-300x225.png 300w\" sizes=\"auto, (max-width: 400px) 100vw, 400px\" \/><\/a><\/figure>\n\n\n\n<figure class=\"wp-block-image size-full\"><a href=\"https:\/\/aeboaagua.org\/ebiba\/wp-content\/uploads\/2024\/12\/led002.png\"><img loading=\"lazy\" decoding=\"async\" width=\"400\" height=\"300\" data-id=\"8961\" src=\"https:\/\/aeboaagua.org\/ebiba\/wp-content\/uploads\/2024\/12\/led002.png\" alt=\"\" class=\"wp-image-8961\" srcset=\"https:\/\/aeboaagua.org\/ebiba\/wp-content\/uploads\/2024\/12\/led002.png 400w, https:\/\/aeboaagua.org\/ebiba\/wp-content\/uploads\/2024\/12\/led002-300x225.png 300w\" sizes=\"auto, (max-width: 400px) 100vw, 400px\" \/><\/a><\/figure>\n\n\n\n<figure class=\"wp-block-image size-full\"><a href=\"https:\/\/aeboaagua.org\/ebiba\/wp-content\/uploads\/2024\/12\/led003.png\"><img loading=\"lazy\" decoding=\"async\" width=\"400\" height=\"300\" data-id=\"8962\" src=\"https:\/\/aeboaagua.org\/ebiba\/wp-content\/uploads\/2024\/12\/led003.png\" alt=\"\" class=\"wp-image-8962\" srcset=\"https:\/\/aeboaagua.org\/ebiba\/wp-content\/uploads\/2024\/12\/led003.png 400w, https:\/\/aeboaagua.org\/ebiba\/wp-content\/uploads\/2024\/12\/led003-300x225.png 300w\" sizes=\"auto, (max-width: 400px) 100vw, 400px\" \/><\/a><\/figure>\n\n\n\n<figure class=\"wp-block-image size-full\"><a href=\"https:\/\/aeboaagua.org\/ebiba\/wp-content\/uploads\/2024\/12\/led004.png\"><img loading=\"lazy\" decoding=\"async\" width=\"400\" height=\"300\" data-id=\"8963\" src=\"https:\/\/aeboaagua.org\/ebiba\/wp-content\/uploads\/2024\/12\/led004.png\" alt=\"\" class=\"wp-image-8963\" srcset=\"https:\/\/aeboaagua.org\/ebiba\/wp-content\/uploads\/2024\/12\/led004.png 400w, https:\/\/aeboaagua.org\/ebiba\/wp-content\/uploads\/2024\/12\/led004-300x225.png 300w\" sizes=\"auto, (max-width: 400px) 100vw, 400px\" \/><\/a><\/figure>\n\n\n\n<figure class=\"wp-block-image size-full\"><a href=\"https:\/\/aeboaagua.org\/ebiba\/wp-content\/uploads\/2024\/12\/led005.png\"><img loading=\"lazy\" decoding=\"async\" width=\"400\" height=\"300\" data-id=\"8964\" src=\"https:\/\/aeboaagua.org\/ebiba\/wp-content\/uploads\/2024\/12\/led005.png\" alt=\"\" class=\"wp-image-8964\" srcset=\"https:\/\/aeboaagua.org\/ebiba\/wp-content\/uploads\/2024\/12\/led005.png 400w, https:\/\/aeboaagua.org\/ebiba\/wp-content\/uploads\/2024\/12\/led005-300x225.png 300w\" sizes=\"auto, (max-width: 400px) 100vw, 400px\" \/><\/a><\/figure>\n\n\n\n<figure class=\"wp-block-image size-full\"><a href=\"https:\/\/aeboaagua.org\/ebiba\/wp-content\/uploads\/2024\/12\/led007.png\"><img loading=\"lazy\" decoding=\"async\" width=\"400\" height=\"300\" data-id=\"8965\" src=\"https:\/\/aeboaagua.org\/ebiba\/wp-content\/uploads\/2024\/12\/led007.png\" alt=\"\" class=\"wp-image-8965\" srcset=\"https:\/\/aeboaagua.org\/ebiba\/wp-content\/uploads\/2024\/12\/led007.png 400w, https:\/\/aeboaagua.org\/ebiba\/wp-content\/uploads\/2024\/12\/led007-300x225.png 300w\" sizes=\"auto, (max-width: 400px) 100vw, 400px\" \/><\/a><\/figure>\n\n\n\n<figure class=\"wp-block-image size-full\"><a href=\"https:\/\/aeboaagua.org\/ebiba\/wp-content\/uploads\/2024\/12\/led008.png\"><img loading=\"lazy\" decoding=\"async\" width=\"400\" height=\"412\" data-id=\"8967\" src=\"https:\/\/aeboaagua.org\/ebiba\/wp-content\/uploads\/2024\/12\/led008.png\" alt=\"\" class=\"wp-image-8967\" srcset=\"https:\/\/aeboaagua.org\/ebiba\/wp-content\/uploads\/2024\/12\/led008.png 400w, https:\/\/aeboaagua.org\/ebiba\/wp-content\/uploads\/2024\/12\/led008-291x300.png 291w\" sizes=\"auto, (max-width: 400px) 100vw, 400px\" \/><\/a><\/figure>\n\n\n\n<figure class=\"wp-block-image size-full\"><a href=\"https:\/\/aeboaagua.org\/ebiba\/wp-content\/uploads\/2024\/12\/led011.png\"><img loading=\"lazy\" decoding=\"async\" width=\"400\" height=\"249\" data-id=\"8968\" src=\"https:\/\/aeboaagua.org\/ebiba\/wp-content\/uploads\/2024\/12\/led011.png\" alt=\"\" class=\"wp-image-8968\" srcset=\"https:\/\/aeboaagua.org\/ebiba\/wp-content\/uploads\/2024\/12\/led011.png 400w, https:\/\/aeboaagua.org\/ebiba\/wp-content\/uploads\/2024\/12\/led011-300x187.png 300w\" sizes=\"auto, (max-width: 400px) 100vw, 400px\" \/><\/a><\/figure>\n\n\n\n<figure class=\"wp-block-image size-large\"><a href=\"https:\/\/aeboaagua.org\/ebiba\/wp-content\/uploads\/2024\/12\/robotica-LED-1.png\"><img loading=\"lazy\" decoding=\"async\" width=\"1024\" height=\"843\" data-id=\"8969\" src=\"https:\/\/aeboaagua.org\/ebiba\/wp-content\/uploads\/2024\/12\/robotica-LED-1-1024x843.png\" alt=\"\" class=\"wp-image-8969\" srcset=\"https:\/\/aeboaagua.org\/ebiba\/wp-content\/uploads\/2024\/12\/robotica-LED-1-1024x843.png 1024w, https:\/\/aeboaagua.org\/ebiba\/wp-content\/uploads\/2024\/12\/robotica-LED-1-300x247.png 300w, https:\/\/aeboaagua.org\/ebiba\/wp-content\/uploads\/2024\/12\/robotica-LED-1-768x632.png 768w, https:\/\/aeboaagua.org\/ebiba\/wp-content\/uploads\/2024\/12\/robotica-LED-1.png 1363w\" sizes=\"auto, (max-width: 1024px) 100vw, 1024px\" \/><\/a><\/figure>\n\n\n\n<figure class=\"wp-block-image size-large\"><a href=\"https:\/\/aeboaagua.org\/ebiba\/wp-content\/uploads\/2024\/12\/photo-collage.png.png\"><img loading=\"lazy\" decoding=\"async\" width=\"1024\" height=\"1024\" data-id=\"8970\" src=\"https:\/\/aeboaagua.org\/ebiba\/wp-content\/uploads\/2024\/12\/photo-collage.png-1024x1024.png\" alt=\"\" class=\"wp-image-8970\" srcset=\"https:\/\/aeboaagua.org\/ebiba\/wp-content\/uploads\/2024\/12\/photo-collage.png-1024x1024.png 1024w, https:\/\/aeboaagua.org\/ebiba\/wp-content\/uploads\/2024\/12\/photo-collage.png-300x300.png 300w, https:\/\/aeboaagua.org\/ebiba\/wp-content\/uploads\/2024\/12\/photo-collage.png-150x150.png 150w, https:\/\/aeboaagua.org\/ebiba\/wp-content\/uploads\/2024\/12\/photo-collage.png-768x768.png 768w, https:\/\/aeboaagua.org\/ebiba\/wp-content\/uploads\/2024\/12\/photo-collage.png-90x90.png 90w, https:\/\/aeboaagua.org\/ebiba\/wp-content\/uploads\/2024\/12\/photo-collage.png-75x75.png 75w, https:\/\/aeboaagua.org\/ebiba\/wp-content\/uploads\/2024\/12\/photo-collage.png.png 1080w\" sizes=\"auto, (max-width: 1024px) 100vw, 1024px\" \/><\/a><\/figure>\n<\/figure>\n\n\n\n<p><strong>Cen\u00e1rios de Aprendizagem<\/strong><\/p>\n\n\n\n<p>Assim o Minist\u00e9rio de Educa\u00e7\u00e3o (ME) em colabora\u00e7\u00e3o com os docentes criaram alguns <a href=\"https:\/\/led.dge.medu.pt\/cenarios-de-aprendizagem\">Cen\u00e1rios de Aprendizagem<\/a>, de modo a apoiar estas din\u00e2micas pedag\u00f3gicas, s\u00e3o disponibilizados <a href=\"https:\/\/led.dge.medu.pt\/cenarios-de-aprendizagem\">Cen\u00e1rios de Aprendizagem<\/a>, entre outros materiais, aplic\u00e1veis a v\u00e1rios contextos disciplinares e interdisciplinares, que as escolas e professores possam, a partir destes exemplos, criar\/adaptar os seus pr\u00f3prios cen\u00e1rios e implement\u00e1-los com os seus alunos.<\/p>\n\n\n\n<p><a href=\"https:\/\/led.dge.medu.pt\/cenarios-de-aprendizagem\">Clica aqui<\/a> para ir ao s\u00edtio eletr\u00f4nico e encontrar os diversos <a href=\"https:\/\/led.dge.medu.pt\/cenarios-de-aprendizagem\">Cen\u00e1rios de Aprendizagem<\/a>. <\/p>\n\n\n\n<figure class=\"wp-block-image size-large\"><a href=\"https:\/\/aeboaagua.org\/ebiba\/wp-content\/uploads\/2024\/12\/BARRA3.png\"><img loading=\"lazy\" decoding=\"async\" width=\"1024\" height=\"141\" src=\"https:\/\/aeboaagua.org\/ebiba\/wp-content\/uploads\/2024\/12\/BARRA3-1024x141.png\" alt=\"\" class=\"wp-image-8949\" srcset=\"https:\/\/aeboaagua.org\/ebiba\/wp-content\/uploads\/2024\/12\/BARRA3-1024x141.png 1024w, https:\/\/aeboaagua.org\/ebiba\/wp-content\/uploads\/2024\/12\/BARRA3-300x41.png 300w, https:\/\/aeboaagua.org\/ebiba\/wp-content\/uploads\/2024\/12\/BARRA3-768x106.png 768w, https:\/\/aeboaagua.org\/ebiba\/wp-content\/uploads\/2024\/12\/BARRA3-1536x212.png 1536w, https:\/\/aeboaagua.org\/ebiba\/wp-content\/uploads\/2024\/12\/BARRA3-2048x282.png 2048w\" sizes=\"auto, (max-width: 1024px) 100vw, 1024px\" \/><\/a><\/figure>\n\n\n\n<figure class=\"wp-block-gallery has-nested-images columns-default is-cropped wp-block-gallery-2 is-layout-flex wp-block-gallery-is-layout-flex\">\n<figure class=\"wp-block-image size-large\"><a href=\"https:\/\/aeboaagua.org\/ebiba\/wp-content\/uploads\/2024\/12\/Imagem2-COLLAGE.jpg\"><img loading=\"lazy\" decoding=\"async\" width=\"726\" height=\"726\" data-id=\"8951\" src=\"https:\/\/aeboaagua.org\/ebiba\/wp-content\/uploads\/2024\/12\/Imagem2-COLLAGE.jpg\" alt=\"\" class=\"wp-image-8951\" srcset=\"https:\/\/aeboaagua.org\/ebiba\/wp-content\/uploads\/2024\/12\/Imagem2-COLLAGE.jpg 726w, https:\/\/aeboaagua.org\/ebiba\/wp-content\/uploads\/2024\/12\/Imagem2-COLLAGE-300x300.jpg 300w, https:\/\/aeboaagua.org\/ebiba\/wp-content\/uploads\/2024\/12\/Imagem2-COLLAGE-150x150.jpg 150w, https:\/\/aeboaagua.org\/ebiba\/wp-content\/uploads\/2024\/12\/Imagem2-COLLAGE-90x90.jpg 90w, https:\/\/aeboaagua.org\/ebiba\/wp-content\/uploads\/2024\/12\/Imagem2-COLLAGE-75x75.jpg 75w\" sizes=\"auto, (max-width: 726px) 100vw, 726px\" \/><\/a><\/figure>\n\n\n\n<figure class=\"wp-block-image size-full\"><a href=\"https:\/\/aeboaagua.org\/ebiba\/wp-content\/uploads\/2024\/12\/robotica-LED01.png\"><img loading=\"lazy\" decoding=\"async\" width=\"600\" height=\"494\" data-id=\"8971\" src=\"https:\/\/aeboaagua.org\/ebiba\/wp-content\/uploads\/2024\/12\/robotica-LED01.png\" alt=\"\" class=\"wp-image-8971\" srcset=\"https:\/\/aeboaagua.org\/ebiba\/wp-content\/uploads\/2024\/12\/robotica-LED01.png 600w, https:\/\/aeboaagua.org\/ebiba\/wp-content\/uploads\/2024\/12\/robotica-LED01-300x247.png 300w\" sizes=\"auto, (max-width: 600px) 100vw, 600px\" \/><\/a><\/figure>\n\n\n\n<figure class=\"wp-block-image size-full\"><a href=\"https:\/\/aeboaagua.org\/ebiba\/wp-content\/uploads\/2024\/12\/multimedia-LED01.png\"><img loading=\"lazy\" decoding=\"async\" width=\"600\" height=\"517\" data-id=\"8972\" src=\"https:\/\/aeboaagua.org\/ebiba\/wp-content\/uploads\/2024\/12\/multimedia-LED01.png\" alt=\"\" class=\"wp-image-8972\" srcset=\"https:\/\/aeboaagua.org\/ebiba\/wp-content\/uploads\/2024\/12\/multimedia-LED01.png 600w, https:\/\/aeboaagua.org\/ebiba\/wp-content\/uploads\/2024\/12\/multimedia-LED01-300x259.png 300w\" sizes=\"auto, (max-width: 600px) 100vw, 600px\" \/><\/a><\/figure>\n\n\n\n<figure class=\"wp-block-image size-full\"><a href=\"https:\/\/aeboaagua.org\/ebiba\/wp-content\/uploads\/2024\/12\/led006.png\"><img loading=\"lazy\" decoding=\"async\" width=\"400\" height=\"300\" data-id=\"8973\" src=\"https:\/\/aeboaagua.org\/ebiba\/wp-content\/uploads\/2024\/12\/led006.png\" alt=\"\" class=\"wp-image-8973\" srcset=\"https:\/\/aeboaagua.org\/ebiba\/wp-content\/uploads\/2024\/12\/led006.png 400w, https:\/\/aeboaagua.org\/ebiba\/wp-content\/uploads\/2024\/12\/led006-300x225.png 300w\" sizes=\"auto, (max-width: 400px) 100vw, 400px\" \/><\/a><\/figure>\n\n\n\n<figure class=\"wp-block-image size-large\"><a href=\"https:\/\/aeboaagua.org\/ebiba\/wp-content\/uploads\/2024\/12\/impressora3D-LED.png\"><img loading=\"lazy\" decoding=\"async\" width=\"1024\" height=\"915\" data-id=\"8952\" src=\"https:\/\/aeboaagua.org\/ebiba\/wp-content\/uploads\/2024\/12\/impressora3D-LED-1024x915.png\" alt=\"\" class=\"wp-image-8952\" srcset=\"https:\/\/aeboaagua.org\/ebiba\/wp-content\/uploads\/2024\/12\/impressora3D-LED-1024x915.png 1024w, https:\/\/aeboaagua.org\/ebiba\/wp-content\/uploads\/2024\/12\/impressora3D-LED-300x268.png 300w, https:\/\/aeboaagua.org\/ebiba\/wp-content\/uploads\/2024\/12\/impressora3D-LED-768x686.png 768w, https:\/\/aeboaagua.org\/ebiba\/wp-content\/uploads\/2024\/12\/impressora3D-LED.png 1318w\" sizes=\"auto, (max-width: 1024px) 100vw, 1024px\" \/><\/a><\/figure>\n\n\n\n<figure class=\"wp-block-image size-full\"><a href=\"https:\/\/aeboaagua.org\/ebiba\/wp-content\/uploads\/2024\/12\/lai-led.png\"><img loading=\"lazy\" decoding=\"async\" width=\"600\" height=\"600\" data-id=\"8974\" src=\"https:\/\/aeboaagua.org\/ebiba\/wp-content\/uploads\/2024\/12\/lai-led.png\" alt=\"\" class=\"wp-image-8974\" srcset=\"https:\/\/aeboaagua.org\/ebiba\/wp-content\/uploads\/2024\/12\/lai-led.png 600w, https:\/\/aeboaagua.org\/ebiba\/wp-content\/uploads\/2024\/12\/lai-led-300x300.png 300w, https:\/\/aeboaagua.org\/ebiba\/wp-content\/uploads\/2024\/12\/lai-led-150x150.png 150w, https:\/\/aeboaagua.org\/ebiba\/wp-content\/uploads\/2024\/12\/lai-led-90x90.png 90w, https:\/\/aeboaagua.org\/ebiba\/wp-content\/uploads\/2024\/12\/lai-led-75x75.png 75w\" sizes=\"auto, (max-width: 600px) 100vw, 600px\" \/><\/a><\/figure>\n<\/figure>\n","protected":false},"excerpt":{"rendered":"<p>Implementamos o nosso LED (Laborat\u00f3rio Educativo Digital), promovido pela MEC-DGE, \u00e2mbito definido na Componente C20 do Plano de Recupera\u00e7\u00e3o e Resili\u00eancia (PRR)1 &#8211; Investimento \u201cTD-C20-i01: Transi\u00e7\u00e3o digital na Educa\u00e7\u00e3o\u201d2, os Laborat\u00f3rios de Educa\u00e7\u00e3o Digital (LED) destinam-se a todos os alunos do Agrupamento. Objetivo do LED da AE Boa \u00c1gua Com a instala\u00e7\u00e3o de LED no agrupamento, destinado a todos os<\/p>\n","protected":false},"author":10,"featured_media":8959,"parent":5308,"menu_order":0,"comment_status":"closed","ping_status":"closed","template":"","meta":{"footnotes":""},"class_list":["post-8945","page","type-page","status-publish","has-post-thumbnail","hentry"],"_links":{"self":[{"href":"https:\/\/aeboaagua.org\/ebiba\/wp-json\/wp\/v2\/pages\/8945","targetHints":{"allow":["GET"]}}],"collection":[{"href":"https:\/\/aeboaagua.org\/ebiba\/wp-json\/wp\/v2\/pages"}],"about":[{"href":"https:\/\/aeboaagua.org\/ebiba\/wp-json\/wp\/v2\/types\/page"}],"author":[{"embeddable":true,"href":"https:\/\/aeboaagua.org\/ebiba\/wp-json\/wp\/v2\/users\/10"}],"replies":[{"embeddable":true,"href":"https:\/\/aeboaagua.org\/ebiba\/wp-json\/wp\/v2\/comments?post=8945"}],"version-history":[{"count":7,"href":"https:\/\/aeboaagua.org\/ebiba\/wp-json\/wp\/v2\/pages\/8945\/revisions"}],"predecessor-version":[{"id":8975,"href":"https:\/\/aeboaagua.org\/ebiba\/wp-json\/wp\/v2\/pages\/8945\/revisions\/8975"}],"up":[{"embeddable":true,"href":"https:\/\/aeboaagua.org\/ebiba\/wp-json\/wp\/v2\/pages\/5308"}],"wp:featuredmedia":[{"embeddable":true,"href":"https:\/\/aeboaagua.org\/ebiba\/wp-json\/wp\/v2\/media\/8959"}],"wp:attachment":[{"href":"https:\/\/aeboaagua.org\/ebiba\/wp-json\/wp\/v2\/media?parent=8945"}],"curies":[{"name":"wp","href":"https:\/\/api.w.org\/{rel}","templated":true}]}}