{"id":8848,"date":"2024-09-09T20:24:58","date_gmt":"2024-09-09T20:24:58","guid":{"rendered":"https:\/\/aeboaagua.org\/ebiba\/?page_id=8848"},"modified":"2024-09-09T20:29:18","modified_gmt":"2024-09-09T20:29:18","slug":"avaliacao-externa-das-escolas-relatorio","status":"publish","type":"page","link":"https:\/\/aeboaagua.org\/ebiba\/avaliacao-externa-das-escolas-relatorio\/","title":{"rendered":"Avalia\u00e7\u00e3o Externa das Escolas &#8211; Relat\u00f3rio"},"content":{"rendered":"\n<p><a href=\"https:\/\/aeboaagua.org\/ebiba\/wp-content\/uploads\/2024\/09\/SETUBAL_Sesimbra_AEE_AE-Boa-Agua_2023-2024_R_H.pdf\">Avalia\u00e7\u00e3o Externa das Escolas &#8211; Relat\u00f3rio 2024<\/a><\/p>\n","protected":false},"excerpt":{"rendered":"<p>Avalia\u00e7\u00e3o Externa das Escolas &#8211; Relat\u00f3rio 2024<\/p>\n","protected":false},"author":9,"featured_media":0,"parent":0,"menu_order":0,"comment_status":"closed","ping_status":"closed","template":"","meta":{"footnotes":""},"class_list":["post-8848","page","type-page","status-publish","hentry"],"_links":{"self":[{"href":"https:\/\/aeboaagua.org\/ebiba\/wp-json\/wp\/v2\/pages\/8848","targetHints":{"allow":["GET"]}}],"collection":[{"href":"https:\/\/aeboaagua.org\/ebiba\/wp-json\/wp\/v2\/pages"}],"about":[{"href":"https:\/\/aeboaagua.org\/ebiba\/wp-json\/wp\/v2\/types\/page"}],"author":[{"embeddable":true,"href":"https:\/\/aeboaagua.org\/ebiba\/wp-json\/wp\/v2\/users\/9"}],"replies":[{"embeddable":true,"href":"https:\/\/aeboaagua.org\/ebiba\/wp-json\/wp\/v2\/comments?post=8848"}],"version-history":[{"count":3,"href":"https:\/\/aeboaagua.org\/ebiba\/wp-json\/wp\/v2\/pages\/8848\/revisions"}],"predecessor-version":[{"id":8852,"href":"https:\/\/aeboaagua.org\/ebiba\/wp-json\/wp\/v2\/pages\/8848\/revisions\/8852"}],"wp:attachment":[{"href":"https:\/\/aeboaagua.org\/ebiba\/wp-json\/wp\/v2\/media?parent=8848"}],"curies":[{"name":"wp","href":"https:\/\/api.w.org\/{rel}","templated":true}]}}