{"id":8757,"date":"2024-06-15T20:57:57","date_gmt":"2024-06-15T20:57:57","guid":{"rendered":"https:\/\/aeboaagua.org\/ebiba\/?page_id=8757"},"modified":"2024-06-15T21:05:16","modified_gmt":"2024-06-15T21:05:16","slug":"qualcomm-smart-connected-classrooms","status":"publish","type":"page","link":"https:\/\/aeboaagua.org\/ebiba\/qualcomm-smart-connected-classrooms\/","title":{"rendered":"Qualcomm Smart Connected Classrooms"},"content":{"rendered":"\n<p>O que \u00e9?<\/p>\n\n\n\n<p><a href=\"https:\/\/www.qualcomm.com\/news\/onq\/2021\/12\/qualcomm-education-service-transforming-digital-and-hybrid-classroom-and-campus\">https:\/\/www.qualcomm.com\/news\/onq\/2021\/12\/qualcomm-education-service-transforming-digital-and-hybrid-classroom-and-campus<\/a><\/p>\n\n\n\n<p>A experi\u00eancia na Boa \u00c1gua<\/p>\n\n\n\n<p>Projeto da Qualcomm smart connected classrooms sobre a explora\u00e7\u00e3o dos \u00f3culos VR nas aulas no AE da Boa \u00c1gua<\/p>\n\n\n\n<figure class=\"wp-block-embed is-type-video is-provider-youtube wp-block-embed-youtube wp-embed-aspect-16-9 wp-has-aspect-ratio\"><div class=\"wp-block-embed__wrapper\">\n<iframe loading=\"lazy\" title=\"Aula de CN com os VR Headsets da Qualcomm - Smart Connected Classrooms Pilot Project\" width=\"860\" height=\"484\" src=\"https:\/\/www.youtube.com\/embed\/G_tiXfU1UDQ?feature=oembed\" frameborder=\"0\" allow=\"accelerometer; autoplay; clipboard-write; encrypted-media; gyroscope; picture-in-picture; web-share\" referrerpolicy=\"strict-origin-when-cross-origin\" allowfullscreen><\/iframe>\n<\/div><\/figure>\n\n\n\n<figure class=\"wp-block-embed is-type-video is-provider-youtube wp-block-embed-youtube wp-embed-aspect-16-9 wp-has-aspect-ratio\"><div class=\"wp-block-embed__wrapper\">\n<iframe loading=\"lazy\" title=\"The Smart Connected Classroom Pilot Project (Qualcomm Wireless Reach) v3\" width=\"860\" height=\"484\" src=\"https:\/\/www.youtube.com\/embed\/SK8V9XDN6tE?feature=oembed\" frameborder=\"0\" allow=\"accelerometer; autoplay; clipboard-write; encrypted-media; gyroscope; picture-in-picture; web-share\" referrerpolicy=\"strict-origin-when-cross-origin\" allowfullscreen><\/iframe>\n<\/div><\/figure>\n\n\n\n<p><\/p>\n\n\n\n<p><\/p>\n","protected":false},"excerpt":{"rendered":"<p>O que \u00e9? https:\/\/www.qualcomm.com\/news\/onq\/2021\/12\/qualcomm-education-service-transforming-digital-and-hybrid-classroom-and-campus A experi\u00eancia na Boa \u00c1gua Projeto da Qualcomm smart connected classrooms sobre a explora\u00e7\u00e3o dos \u00f3culos VR nas aulas no AE da Boa \u00c1gua<\/p>\n","protected":false},"author":9,"featured_media":0,"parent":0,"menu_order":0,"comment_status":"closed","ping_status":"closed","template":"","meta":{"footnotes":""},"class_list":["post-8757","page","type-page","status-publish","hentry"],"_links":{"self":[{"href":"https:\/\/aeboaagua.org\/ebiba\/wp-json\/wp\/v2\/pages\/8757","targetHints":{"allow":["GET"]}}],"collection":[{"href":"https:\/\/aeboaagua.org\/ebiba\/wp-json\/wp\/v2\/pages"}],"about":[{"href":"https:\/\/aeboaagua.org\/ebiba\/wp-json\/wp\/v2\/types\/page"}],"author":[{"embeddable":true,"href":"https:\/\/aeboaagua.org\/ebiba\/wp-json\/wp\/v2\/users\/9"}],"replies":[{"embeddable":true,"href":"https:\/\/aeboaagua.org\/ebiba\/wp-json\/wp\/v2\/comments?post=8757"}],"version-history":[{"count":3,"href":"https:\/\/aeboaagua.org\/ebiba\/wp-json\/wp\/v2\/pages\/8757\/revisions"}],"predecessor-version":[{"id":8762,"href":"https:\/\/aeboaagua.org\/ebiba\/wp-json\/wp\/v2\/pages\/8757\/revisions\/8762"}],"wp:attachment":[{"href":"https:\/\/aeboaagua.org\/ebiba\/wp-json\/wp\/v2\/media?parent=8757"}],"curies":[{"name":"wp","href":"https:\/\/api.w.org\/{rel}","templated":true}]}}