{"id":8688,"date":"2024-04-03T17:25:53","date_gmt":"2024-04-03T17:25:53","guid":{"rendered":"https:\/\/aeboaagua.org\/ebiba\/?page_id=8688"},"modified":"2024-04-03T17:25:53","modified_gmt":"2024-04-03T17:25:53","slug":"video-de-apresentacao-do-agrupamento","status":"publish","type":"page","link":"https:\/\/aeboaagua.org\/ebiba\/video-de-apresentacao-do-agrupamento\/","title":{"rendered":"V\u00eddeo de apresenta\u00e7\u00e3o do Agrupamento"},"content":{"rendered":"\n<p><a href=\"https:\/\/www.facebook.com\/aeboaagua\/posts\/pfbid0b1ziYPJeckT1qoRk1hvCQSKQdYyzXcQ1KEKkBHDCKJ4G12tgWqRLTRx1U1op6HJil?notif_id=1712163973759735&amp;notif_t=feedback_reaction_generic&amp;ref=notif\">V\u00eddeo &#8211; Dia do Agrupamento 2024<\/a><\/p>\n","protected":false},"excerpt":{"rendered":"<p>V\u00eddeo &#8211; Dia do Agrupamento 2024<\/p>\n","protected":false},"author":9,"featured_media":0,"parent":0,"menu_order":0,"comment_status":"closed","ping_status":"closed","template":"","meta":{"footnotes":""},"class_list":["post-8688","page","type-page","status-publish","hentry"],"_links":{"self":[{"href":"https:\/\/aeboaagua.org\/ebiba\/wp-json\/wp\/v2\/pages\/8688","targetHints":{"allow":["GET"]}}],"collection":[{"href":"https:\/\/aeboaagua.org\/ebiba\/wp-json\/wp\/v2\/pages"}],"about":[{"href":"https:\/\/aeboaagua.org\/ebiba\/wp-json\/wp\/v2\/types\/page"}],"author":[{"embeddable":true,"href":"https:\/\/aeboaagua.org\/ebiba\/wp-json\/wp\/v2\/users\/9"}],"replies":[{"embeddable":true,"href":"https:\/\/aeboaagua.org\/ebiba\/wp-json\/wp\/v2\/comments?post=8688"}],"version-history":[{"count":1,"href":"https:\/\/aeboaagua.org\/ebiba\/wp-json\/wp\/v2\/pages\/8688\/revisions"}],"predecessor-version":[{"id":8690,"href":"https:\/\/aeboaagua.org\/ebiba\/wp-json\/wp\/v2\/pages\/8688\/revisions\/8690"}],"wp:attachment":[{"href":"https:\/\/aeboaagua.org\/ebiba\/wp-json\/wp\/v2\/media?parent=8688"}],"curies":[{"name":"wp","href":"https:\/\/api.w.org\/{rel}","templated":true}]}}