{"id":8192,"date":"2023-02-10T17:28:47","date_gmt":"2023-02-10T17:28:47","guid":{"rendered":"https:\/\/aeboaagua.org\/ebiba\/?page_id=8192"},"modified":"2024-06-15T20:56:17","modified_gmt":"2024-06-15T20:56:17","slug":"clube-internet-segura","status":"publish","type":"page","link":"https:\/\/aeboaagua.org\/ebiba\/clube-internet-segura\/","title":{"rendered":"Clube Internet Segura"},"content":{"rendered":"\n<p>Este clube tem como objetivo sensibilizar e divulgar boas pr\u00e1ticas de utiliza\u00e7\u00e3o da Internet entre todos os membros da nossa comunidade escolar.<\/p>\n\n\n\n<p>Iremos aqui divulgar e publicar recursos e informa\u00e7\u00e3o que nos \u00e9 partilhado pelos sites &#8220;<a rel=\"noreferrer noopener\" href=\"https:\/\/www.internetsegura.pt\/\" data-type=\"URL\" data-id=\"https:\/\/www.internetsegura.pt\/\" target=\"_blank\">Internet Segura<\/a>&#8221; e &#8220;<a rel=\"noreferrer noopener\" href=\"https:\/\/www.seguranet.pt\/\" data-type=\"URL\" data-id=\"https:\/\/www.seguranet.pt\/\" target=\"_blank\">SeguraNet<\/a>&#8220;, bem como os eventos e atividades de comemora\u00e7\u00e3o da &#8220;<strong>Semana da Internet Segura<\/strong>&#8221; e o &#8220;<strong>Dia da Internet Segura<\/strong>&#8220;.<\/p>\n\n\n\n<p>E<\/p>\n\n\n\n<figure class=\"wp-block-embed is-type-video is-provider-youtube wp-block-embed-youtube wp-embed-aspect-16-9 wp-has-aspect-ratio\"><div class=\"wp-block-embed__wrapper\">\n<iframe loading=\"lazy\" title=\"Safer Internet Day 2023: Together for a better internet on the 20th anniversary of SID\" width=\"860\" height=\"484\" src=\"https:\/\/www.youtube.com\/embed\/gZDUY2z29ys?feature=oembed\" frameborder=\"0\" allow=\"accelerometer; autoplay; clipboard-write; encrypted-media; gyroscope; picture-in-picture; web-share\" referrerpolicy=\"strict-origin-when-cross-origin\" allowfullscreen><\/iframe>\n<\/div><figcaption class=\"wp-element-caption\">20.\u00aa edi\u00e7\u00e3o do Dia da Internet Mais Segura, dia 7 de fevereiro de 2023<\/figcaption><\/figure>\n\n\n\n<figure class=\"wp-block-image size-large\"><img decoding=\"async\" src=\"https:\/\/www.seguranet.pt\/sites\/default\/files\/styles\/gallery_styl\/public\/2016-11\/10-regras.jpg?itok=xFqmswz4\" alt=\"\"\/><\/figure>\n\n\n\n<h2 class=\"has-text-align-center wp-block-heading\">Internet Segura na Boa \u00c1gua<\/h2>\n\n\n\n<p>Clica no aqui indicado, para visualizares os conte\u00fados publicados e partilhados com jogos e desafios sobre o tema Internet Segura.<\/p>\n\n\n\n<p>Link: <a href=\"https:\/\/sites.google.com\/aeboaagua.org\/site-internetsegura-aeboaagua\/is-aeba-23\" data-type=\"URL\" data-id=\"https:\/\/sites.google.com\/aeboaagua.org\/site-internetsegura-aeboaagua\/is-aeba-23\" target=\"_blank\" rel=\"noreferrer noopener\">Semana Internet Segura na Boa \u00c1gua<\/a><\/p>\n\n\n\n<figure class=\"wp-block-embed is-type-video is-provider-youtube wp-block-embed-youtube wp-embed-aspect-16-9 wp-has-aspect-ratio\"><div class=\"wp-block-embed__wrapper\">\n<iframe loading=\"lazy\" title=\"SeguraNet Epis\u00f3dio 6 Ciberbullying (Portugu\u00eas)\" width=\"860\" height=\"484\" src=\"https:\/\/www.youtube.com\/embed\/oSAPIx75aPc?feature=oembed\" frameborder=\"0\" allow=\"accelerometer; autoplay; clipboard-write; encrypted-media; gyroscope; picture-in-picture; web-share\" referrerpolicy=\"strict-origin-when-cross-origin\" allowfullscreen><\/iframe>\n<\/div><figcaption class=\"wp-element-caption\">Anima\u00e7\u00e3o da SeguraNet: Ciberbullying<\/figcaption><\/figure>\n\n\n\n<figure class=\"wp-block-image size-large\"><img decoding=\"async\" src=\"https:\/\/www.seguranet.pt\/sites\/default\/files\/styles\/gallery_styl\/public\/2018-02\/6_versao_2018.jpg?itok=WwvyTqHr\" alt=\"\"\/><\/figure>\n\n\n\n<p><strong>Nota\/Fonte:<\/strong> Todos recursos e informa\u00e7\u00f5es, foram recolhidos nos sites &#8220;<a rel=\"noreferrer noopener\" href=\"https:\/\/www.internetsegura.pt\/\" data-type=\"URL\" data-id=\"https:\/\/www.internetsegura.pt\/\" target=\"_blank\">Internet Segura<\/a>&#8221; e &#8220;<a rel=\"noreferrer noopener\" href=\"https:\/\/www.seguranet.pt\/\" data-type=\"URL\" data-id=\"https:\/\/www.seguranet.pt\/\" target=\"_blank\">SeguraNet<\/a>&#8220;.<\/p>\n","protected":false},"excerpt":{"rendered":"<p>Este clube tem como objetivo sensibilizar e divulgar boas pr\u00e1ticas de utiliza\u00e7\u00e3o da Internet entre todos os membros da nossa comunidade escolar. Iremos aqui divulgar e publicar recursos e informa\u00e7\u00e3o que nos \u00e9 partilhado pelos sites &#8220;Internet Segura&#8221; e &#8220;SeguraNet&#8220;, bem como os eventos e atividades de comemora\u00e7\u00e3o da &#8220;Semana da Internet Segura&#8221; e o &#8220;Dia da Internet Segura&#8220;. E<\/p>\n","protected":false},"author":15,"featured_media":0,"parent":0,"menu_order":0,"comment_status":"closed","ping_status":"closed","template":"","meta":{"footnotes":""},"class_list":["post-8192","page","type-page","status-publish","hentry"],"_links":{"self":[{"href":"https:\/\/aeboaagua.org\/ebiba\/wp-json\/wp\/v2\/pages\/8192","targetHints":{"allow":["GET"]}}],"collection":[{"href":"https:\/\/aeboaagua.org\/ebiba\/wp-json\/wp\/v2\/pages"}],"about":[{"href":"https:\/\/aeboaagua.org\/ebiba\/wp-json\/wp\/v2\/types\/page"}],"author":[{"embeddable":true,"href":"https:\/\/aeboaagua.org\/ebiba\/wp-json\/wp\/v2\/users\/15"}],"replies":[{"embeddable":true,"href":"https:\/\/aeboaagua.org\/ebiba\/wp-json\/wp\/v2\/comments?post=8192"}],"version-history":[{"count":4,"href":"https:\/\/aeboaagua.org\/ebiba\/wp-json\/wp\/v2\/pages\/8192\/revisions"}],"predecessor-version":[{"id":8756,"href":"https:\/\/aeboaagua.org\/ebiba\/wp-json\/wp\/v2\/pages\/8192\/revisions\/8756"}],"wp:attachment":[{"href":"https:\/\/aeboaagua.org\/ebiba\/wp-json\/wp\/v2\/media?parent=8192"}],"curies":[{"name":"wp","href":"https:\/\/api.w.org\/{rel}","templated":true}]}}