{"id":7997,"date":"2022-09-27T14:01:55","date_gmt":"2022-09-27T14:01:55","guid":{"rendered":"https:\/\/aeboaagua.org\/ebiba\/?page_id=7997"},"modified":"2022-09-28T10:56:56","modified_gmt":"2022-09-28T10:56:56","slug":"projeto-rescur","status":"publish","type":"page","link":"https:\/\/aeboaagua.org\/ebiba\/projeto-rescur\/","title":{"rendered":"Projeto RESCUR"},"content":{"rendered":"\n<p><strong>Curr\u00edculo Europeu para a resili\u00eancia<\/strong><\/p>\n\n\n\n<p>O Projeto RESCUR tem como objetivo a promo\u00e7\u00e3o do desenvolvimento de compet\u00eancias no \u00e2mbito da resili\u00eancia em crian\u00e7as e adolescentes, atrav\u00e9s da implementa\u00e7\u00e3o de sess\u00f5es semanais do <strong>Curr\u00edculo RESCUR &#8211; Curr\u00edculo Europeu para a Resili\u00eancia<\/strong>.<\/p>\n\n\n\n<p>O Curr\u00edculo RESCUR foi desenvolvido por uma equipa internacional de docentes e investigadores ligados \u00e0s \u00e1reas da resili\u00eancia, educa\u00e7\u00e3o, educa\u00e7\u00e3o especial, e promo\u00e7\u00e3o da sa\u00fade, oriundos de 6 pa\u00edses (Malta, Gr\u00e9cia, It\u00e1lia, Cro\u00e1cia, Portugal e Su\u00e9cia).<\/p>\n\n\n\n<p>\u200bO RESCUR visa os seguintes <strong><u>objetivos<\/u>:<\/strong><\/p>\n\n\n\n<ul class=\"wp-block-list\"><li><strong>Promover a aprendizagem emocional, social e de compet\u00eancias de resili\u00eancia; <\/strong><strong><\/strong><\/li><li><strong>Promover o comportamento positivo e pr\u00f3-social e as rela\u00e7\u00f5es saud\u00e1veis; <\/strong><strong><\/strong><\/li><li><strong>Promover a sa\u00fade mental e o bem-estar, principalmente das crian\u00e7as mais vulner\u00e1veis; <\/strong><strong><\/strong><\/li><li><strong>Melhorar o envolvimento acad\u00e9mico, a motiva\u00e7\u00e3o e a aprendizagem.<\/strong><strong><\/strong><\/li><\/ul>\n\n\n\n<p>\u00c9 um curr\u00edculo preventivo de car\u00e1ter universal, estruturado numa abordagem ecol\u00f3gica e sist\u00e9mica, tendo uma aten\u00e7\u00e3o especial aos grupos vulner\u00e1veis como as crian\u00e7as migrantes e\/ou refugiadas ou crian\u00e7as com necessidades especiais, fomentando a sua inclus\u00e3o, estreitando rela\u00e7\u00f5es entre colegas, professores, pais e estimulando as trocas culturais e pedag\u00f3gicas. Tem um conjunto de recursos, nomeadamente, manuais orientadores para pais e professores, e manuais com a descri\u00e7\u00e3o de sess\u00f5es para serem realizadas na sala de aula, organizadas em n\u00edveis de complexidade crescente, incluindo hist\u00f3rias, jogos, atividades expressivas e atividades de Mindfulness.&nbsp;<\/p>\n\n\n\n<p>Estes manuais est\u00e3o organizados em 6 <strong><u>temas<\/u><\/strong>:<\/p>\n\n\n\n<p><strong>1. Desenvolver compet\u00eancias de comunica\u00e7\u00e3o&nbsp;<\/strong><\/p>\n\n\n\n<p>(1.1 Comunica\u00e7\u00e3o eficaz; 1.2 Assertividade);&nbsp;<\/p>\n\n\n\n<p><strong>2. Estabelecer e manter rela\u00e7\u00f5es saud\u00e1veis&nbsp;<\/strong><\/p>\n\n\n\n<p>(2.1 Rela\u00e7\u00f5es saud\u00e1veis; 2.2 Coopera\u00e7\u00e3o, empatia e \u00e9tica);&nbsp;<\/p>\n\n\n\n<p><strong>3. Desenvolver uma mente positiva&nbsp;<\/strong><\/p>\n\n\n\n<p>(3.1 Pensamento positivo e otimista; 3.2 Emo\u00e7\u00f5es positivas);&nbsp;<\/p>\n\n\n\n<p><strong>4. Desenvolver a autodetermina\u00e7\u00e3o&nbsp;<\/strong><\/p>\n\n\n\n<p>(4.1 Resolu\u00e7\u00e3o de problemas; 4.2 Capacita\u00e7\u00e3o e autonomia);&nbsp;<\/p>\n\n\n\n<p><strong>5. Desenvolver recursos&nbsp;<\/strong><\/p>\n\n\n\n<p>(5.1 Autoconceito e autoestima positivos; 5.2 Utilizar os recursos no envolvimento acad\u00e9mico e social);&nbsp;<\/p>\n\n\n\n<p><strong>6. Transformar desafios em oportunidades&nbsp;<\/strong><\/p>\n\n\n\n<p>(6.1 Lidar com a adversidade; 6.2 Lidar com a rejei\u00e7\u00e3o; 6.3 Lidar com a perda; 6.4 Lidar com conflitos familiares; 6.5 Lidar com o bullying; 6.6 Lidar com mudan\u00e7as e transi\u00e7\u00f5es).&nbsp;<\/p>\n\n\n\n<p><\/p>\n\n\n\n<p>Para mais informa\u00e7\u00f5es sobre o Projeto e o Curr\u00edculo RESCUR, consulte a p\u00e1gina: <a href=\"http:\/\/www.rescur.eu\">www.rescur.eu<\/a><\/p>\n\n\n\n<figure class=\"wp-block-image size-large\"><a href=\"https:\/\/aeboaagua.org\/ebiba\/wp-content\/uploads\/2022\/09\/rescur-site.jpg\"><img loading=\"lazy\" decoding=\"async\" width=\"1024\" height=\"781\" src=\"https:\/\/aeboaagua.org\/ebiba\/wp-content\/uploads\/2022\/09\/rescur-site-1024x781.jpg\" alt=\"\" class=\"wp-image-8001\" srcset=\"https:\/\/aeboaagua.org\/ebiba\/wp-content\/uploads\/2022\/09\/rescur-site-1024x781.jpg 1024w, https:\/\/aeboaagua.org\/ebiba\/wp-content\/uploads\/2022\/09\/rescur-site-300x229.jpg 300w, https:\/\/aeboaagua.org\/ebiba\/wp-content\/uploads\/2022\/09\/rescur-site-768x586.jpg 768w, https:\/\/aeboaagua.org\/ebiba\/wp-content\/uploads\/2022\/09\/rescur-site-1536x1172.jpg 1536w, https:\/\/aeboaagua.org\/ebiba\/wp-content\/uploads\/2022\/09\/rescur-site.jpg 1776w\" sizes=\"auto, (max-width: 1024px) 100vw, 1024px\" \/><\/a><\/figure>\n","protected":false},"excerpt":{"rendered":"<p>Curr\u00edculo Europeu para a resili\u00eancia O Projeto RESCUR tem como objetivo a promo\u00e7\u00e3o do desenvolvimento de compet\u00eancias no \u00e2mbito da resili\u00eancia em crian\u00e7as e adolescentes, atrav\u00e9s da implementa\u00e7\u00e3o de sess\u00f5es semanais do Curr\u00edculo RESCUR &#8211; Curr\u00edculo Europeu para a Resili\u00eancia. O Curr\u00edculo RESCUR foi desenvolvido por uma equipa internacional de docentes e investigadores ligados \u00e0s \u00e1reas da resili\u00eancia, educa\u00e7\u00e3o, educa\u00e7\u00e3o<\/p>\n","protected":false},"author":9,"featured_media":0,"parent":0,"menu_order":0,"comment_status":"closed","ping_status":"closed","template":"","meta":{"footnotes":""},"class_list":["post-7997","page","type-page","status-publish","hentry"],"_links":{"self":[{"href":"https:\/\/aeboaagua.org\/ebiba\/wp-json\/wp\/v2\/pages\/7997","targetHints":{"allow":["GET"]}}],"collection":[{"href":"https:\/\/aeboaagua.org\/ebiba\/wp-json\/wp\/v2\/pages"}],"about":[{"href":"https:\/\/aeboaagua.org\/ebiba\/wp-json\/wp\/v2\/types\/page"}],"author":[{"embeddable":true,"href":"https:\/\/aeboaagua.org\/ebiba\/wp-json\/wp\/v2\/users\/9"}],"replies":[{"embeddable":true,"href":"https:\/\/aeboaagua.org\/ebiba\/wp-json\/wp\/v2\/comments?post=7997"}],"version-history":[{"count":3,"href":"https:\/\/aeboaagua.org\/ebiba\/wp-json\/wp\/v2\/pages\/7997\/revisions"}],"predecessor-version":[{"id":8003,"href":"https:\/\/aeboaagua.org\/ebiba\/wp-json\/wp\/v2\/pages\/7997\/revisions\/8003"}],"wp:attachment":[{"href":"https:\/\/aeboaagua.org\/ebiba\/wp-json\/wp\/v2\/media?parent=7997"}],"curies":[{"name":"wp","href":"https:\/\/api.w.org\/{rel}","templated":true}]}}