{"id":7113,"date":"2020-11-22T12:02:11","date_gmt":"2020-11-22T12:02:11","guid":{"rendered":"https:\/\/aeboaagua.org\/ebiba\/?page_id=7113"},"modified":"2020-11-22T12:02:11","modified_gmt":"2020-11-22T12:02:11","slug":"projeto-de-avaliacao-pedagogica-maia-2020","status":"publish","type":"page","link":"https:\/\/aeboaagua.org\/ebiba\/projeto-de-avaliacao-pedagogica-maia-2020\/","title":{"rendered":"Projeto de Avalia\u00e7\u00e3o Pedag\u00f3gica MAIA 2020"},"content":{"rendered":"\n<p><a href=\"https:\/\/aeboaagua.org\/ebiba\/aeba_projeto-de-intervencao-em-avaliacao-pedagogica-maia-2020\/\">Projeto de Interven\u00e7\u00e3o em Avalia\u00e7\u00e3o Pedag\u00f3gica MAIA 2020<\/a><\/p>\n","protected":false},"excerpt":{"rendered":"<p>Projeto de Interven\u00e7\u00e3o em Avalia\u00e7\u00e3o Pedag\u00f3gica MAIA 2020<\/p>\n","protected":false},"author":9,"featured_media":0,"parent":0,"menu_order":0,"comment_status":"closed","ping_status":"closed","template":"","meta":{"footnotes":""},"class_list":["post-7113","page","type-page","status-publish","hentry"],"_links":{"self":[{"href":"https:\/\/aeboaagua.org\/ebiba\/wp-json\/wp\/v2\/pages\/7113","targetHints":{"allow":["GET"]}}],"collection":[{"href":"https:\/\/aeboaagua.org\/ebiba\/wp-json\/wp\/v2\/pages"}],"about":[{"href":"https:\/\/aeboaagua.org\/ebiba\/wp-json\/wp\/v2\/types\/page"}],"author":[{"embeddable":true,"href":"https:\/\/aeboaagua.org\/ebiba\/wp-json\/wp\/v2\/users\/9"}],"replies":[{"embeddable":true,"href":"https:\/\/aeboaagua.org\/ebiba\/wp-json\/wp\/v2\/comments?post=7113"}],"version-history":[{"count":1,"href":"https:\/\/aeboaagua.org\/ebiba\/wp-json\/wp\/v2\/pages\/7113\/revisions"}],"predecessor-version":[{"id":7116,"href":"https:\/\/aeboaagua.org\/ebiba\/wp-json\/wp\/v2\/pages\/7113\/revisions\/7116"}],"wp:attachment":[{"href":"https:\/\/aeboaagua.org\/ebiba\/wp-json\/wp\/v2\/media?parent=7113"}],"curies":[{"name":"wp","href":"https:\/\/api.w.org\/{rel}","templated":true}]}}