{"id":6500,"date":"2020-04-05T15:02:08","date_gmt":"2020-04-05T15:02:08","guid":{"rendered":"http:\/\/aeboaagua.org\/ebiba\/?page_id=6500"},"modified":"2020-05-17T14:46:47","modified_gmt":"2020-05-17T14:46:47","slug":"sapo-campus-aeba","status":"publish","type":"page","link":"https:\/\/aeboaagua.org\/ebiba\/agrupamento-2\/sapo-campus-aeba\/","title":{"rendered":"O nosso Sapo Campus (Campus by Altice)"},"content":{"rendered":"<p><strong>Bem vindo ao Agrupamento de Escolas da Boa \u00c1gua<\/strong><\/p>\n<p>No nosso Agrupamento, foi adotado como meio privilegiado de comunica\u00e7\u00e3o o Sapo Campus (Campus by Altice), onde centralizamos os nossos recursos e os partilhamos com Alunos, Professores, Funcion\u00e1rios e Encarregados de Educa\u00e7\u00e3o.<\/p>\n<p>Nesta p\u00e1gina, tens pequenos v\u00eddeos de apoio \u00e0 utiliza\u00e7\u00e3o da plataforma de comunica\u00e7\u00e3o Sapo Campus do nosso agrupamento.<\/p>\n<p><strong>V\u00eddeos tutoriais<\/strong>:<\/p>\n<ul>\n<li>Como registar no Sapo Campus do Agrupamento<\/li>\n<\/ul>\n<p><iframe loading=\"lazy\" title=\"Como registar no SapoCampus\" width=\"860\" height=\"484\" src=\"https:\/\/www.youtube.com\/embed\/cp0NjTutRvY?feature=oembed\" frameborder=\"0\" allow=\"accelerometer; autoplay; encrypted-media; gyroscope; picture-in-picture\" allowfullscreen><\/iframe><\/p>\n<ul>\n<li>Como solicitar ades\u00e3o a um grupo no Sapo Campus do Agrupamento<\/li>\n<\/ul>\n<p><iframe loading=\"lazy\" title=\"Como aderir a um grupo SapoCampus\" width=\"860\" height=\"484\" src=\"https:\/\/www.youtube.com\/embed\/wK4odZLk7M0?feature=oembed\" frameborder=\"0\" allow=\"accelerometer; autoplay; encrypted-media; gyroscope; picture-in-picture\" allowfullscreen><\/iframe><\/p>\n<hr \/>\n<p><strong>Nota:<\/strong> Aconselhamos o uso do navegador de Internet (browser) Mozilla Firefox (URL: <a href=\"https:\/\/www.mozilla.org\/pt-PT\/firefox\/\">https:\/\/www.mozilla.org\/pt-PT\/firefox\/<\/a> )<\/p>\n<hr \/>\n<p><a href=\"https:\/\/campus.altice.pt\/s\/aeboaagua\" target=\"_blank\" rel=\"noopener noreferrer\"><img loading=\"lazy\" decoding=\"async\" class=\"aligncenter wp-image-6149 size-full\" src=\"http:\/\/aeboaagua.org\/ebiba\/wp-content\/uploads\/2019\/09\/logo-sapo-campus-e1483551680984.png\" alt=\"\" width=\"225\" height=\"184\" \/><\/a><\/p>\n","protected":false},"excerpt":{"rendered":"<p>Bem vindo ao Agrupamento de Escolas da Boa \u00c1gua No nosso Agrupamento, foi adotado como meio privilegiado de comunica\u00e7\u00e3o o Sapo Campus (Campus by Altice), onde centralizamos os nossos recursos e os partilhamos com Alunos, Professores, Funcion\u00e1rios e Encarregados de Educa\u00e7\u00e3o. Nesta p\u00e1gina, tens pequenos v\u00eddeos de apoio \u00e0 utiliza\u00e7\u00e3o da plataforma de comunica\u00e7\u00e3o Sapo Campus do nosso agrupamento. V\u00eddeos<\/p>\n","protected":false},"author":15,"featured_media":6503,"parent":5342,"menu_order":5,"comment_status":"closed","ping_status":"closed","template":"","meta":{"footnotes":""},"class_list":["post-6500","page","type-page","status-publish","has-post-thumbnail","hentry"],"_links":{"self":[{"href":"https:\/\/aeboaagua.org\/ebiba\/wp-json\/wp\/v2\/pages\/6500","targetHints":{"allow":["GET"]}}],"collection":[{"href":"https:\/\/aeboaagua.org\/ebiba\/wp-json\/wp\/v2\/pages"}],"about":[{"href":"https:\/\/aeboaagua.org\/ebiba\/wp-json\/wp\/v2\/types\/page"}],"author":[{"embeddable":true,"href":"https:\/\/aeboaagua.org\/ebiba\/wp-json\/wp\/v2\/users\/15"}],"replies":[{"embeddable":true,"href":"https:\/\/aeboaagua.org\/ebiba\/wp-json\/wp\/v2\/comments?post=6500"}],"version-history":[{"count":8,"href":"https:\/\/aeboaagua.org\/ebiba\/wp-json\/wp\/v2\/pages\/6500\/revisions"}],"predecessor-version":[{"id":6557,"href":"https:\/\/aeboaagua.org\/ebiba\/wp-json\/wp\/v2\/pages\/6500\/revisions\/6557"}],"up":[{"embeddable":true,"href":"https:\/\/aeboaagua.org\/ebiba\/wp-json\/wp\/v2\/pages\/5342"}],"wp:featuredmedia":[{"embeddable":true,"href":"https:\/\/aeboaagua.org\/ebiba\/wp-json\/wp\/v2\/media\/6503"}],"wp:attachment":[{"href":"https:\/\/aeboaagua.org\/ebiba\/wp-json\/wp\/v2\/media?parent=6500"}],"curies":[{"name":"wp","href":"https:\/\/api.w.org\/{rel}","templated":true}]}}