{"id":5874,"date":"2019-05-10T20:25:40","date_gmt":"2019-05-10T20:25:40","guid":{"rendered":"http:\/\/aeboaagua.org\/ebiba\/?page_id=5874"},"modified":"2021-07-02T10:05:28","modified_gmt":"2021-07-02T10:05:28","slug":"parcerias-2","status":"publish","type":"page","link":"https:\/\/aeboaagua.org\/ebiba\/agrupamento-2\/parcerias-2\/","title":{"rendered":"Parcerias"},"content":{"rendered":"\n<figure class=\"wp-block-image size-large\"><img loading=\"lazy\" decoding=\"async\" width=\"724\" height=\"1024\" src=\"https:\/\/aeboaagua.org\/ebiba\/wp-content\/uploads\/2021\/07\/parceiros_logos-724x1024.jpg\" alt=\"\" class=\"wp-image-7413\" srcset=\"https:\/\/aeboaagua.org\/ebiba\/wp-content\/uploads\/2021\/07\/parceiros_logos-724x1024.jpg 724w, https:\/\/aeboaagua.org\/ebiba\/wp-content\/uploads\/2021\/07\/parceiros_logos-212x300.jpg 212w, https:\/\/aeboaagua.org\/ebiba\/wp-content\/uploads\/2021\/07\/parceiros_logos-768x1086.jpg 768w, https:\/\/aeboaagua.org\/ebiba\/wp-content\/uploads\/2021\/07\/parceiros_logos-1086x1536.jpg 1086w, https:\/\/aeboaagua.org\/ebiba\/wp-content\/uploads\/2021\/07\/parceiros_logos-1448x2048.jpg 1448w, https:\/\/aeboaagua.org\/ebiba\/wp-content\/uploads\/2021\/07\/parceiros_logos.jpg 1654w\" sizes=\"auto, (max-width: 724px) 100vw, 724px\" \/><\/figure>\n\n\n\n<p>&#8211; C\u00e2mara Municipal de Sesimbra<\/p>\n\n\n\n<p>&#8211; Junta de Freguesia da Quinta do Conde<\/p>\n\n\n\n<p>&#8211; Centro Comunit\u00e1rio da Quinta do Conde<\/p>\n\n\n\n<p>&#8211; Liga dos Amigos da Quinta do Conde<\/p>\n\n\n\n<p>&#8211; Associa\u00e7\u00e3o \u201cA Voz do Alentejo\u201d<\/p>\n\n\n\n<p>&#8211; Associa\u00e7\u00e3o para o Desenvolvimento da Quinta do Conde<\/p>\n\n\n\n<p>&#8211; \u201cEcos d\u2019Arte\u201d Associa\u00e7\u00e3o Cultural<\/p>\n\n\n\n<p>&#8211; Cercizimbra<\/p>\n\n\n\n<p>&#8211; Centro de Forma\u00e7\u00e3o Ordem de Santiago<\/p>\n\n\n\n<p>&#8211; CREF \u2013 Centro de Recursos Educativos de Forma\u00e7\u00e3o<\/p>\n\n\n\n<p>&#8211; Empres\u00e1rios para a Inclus\u00e3o Social \u2013 EPIS<\/p>\n\n\n\n<p>&#8211; Senilife<\/p>\n\n\n\n<p>&#8211; Grupo Leya<\/p>\n\n\n\n<p>&#8211; Example Edulab<\/p>\n\n\n\n<p>&#8211; Funda\u00e7\u00e3o Altice<\/p>\n\n\n\n<p>&#8211; Sapo Campus \u2013 Universidade de Aveiro<\/p>\n\n\n\n<p>&#8211; Universidade Lus\u00f3fona<\/p>\n\n\n\n<p>&#8211; Instituto Piaget<\/p>\n\n\n\n<p>&#8211; Odisseias Corporate<\/p>\n","protected":false},"excerpt":{"rendered":"<p>&#8211; C\u00e2mara Municipal de Sesimbra &#8211; Junta de Freguesia da Quinta do Conde &#8211; Centro Comunit\u00e1rio da Quinta do Conde &#8211; Liga dos Amigos da Quinta do Conde &#8211; Associa\u00e7\u00e3o \u201cA Voz do Alentejo\u201d &#8211; Associa\u00e7\u00e3o para o Desenvolvimento da Quinta do Conde &#8211; \u201cEcos d\u2019Arte\u201d Associa\u00e7\u00e3o Cultural &#8211; Cercizimbra &#8211; Centro de Forma\u00e7\u00e3o Ordem de Santiago &#8211; CREF \u2013<\/p>\n","protected":false},"author":9,"featured_media":0,"parent":5342,"menu_order":3,"comment_status":"closed","ping_status":"closed","template":"","meta":{"footnotes":""},"class_list":["post-5874","page","type-page","status-publish","hentry"],"_links":{"self":[{"href":"https:\/\/aeboaagua.org\/ebiba\/wp-json\/wp\/v2\/pages\/5874","targetHints":{"allow":["GET"]}}],"collection":[{"href":"https:\/\/aeboaagua.org\/ebiba\/wp-json\/wp\/v2\/pages"}],"about":[{"href":"https:\/\/aeboaagua.org\/ebiba\/wp-json\/wp\/v2\/types\/page"}],"author":[{"embeddable":true,"href":"https:\/\/aeboaagua.org\/ebiba\/wp-json\/wp\/v2\/users\/9"}],"replies":[{"embeddable":true,"href":"https:\/\/aeboaagua.org\/ebiba\/wp-json\/wp\/v2\/comments?post=5874"}],"version-history":[{"count":11,"href":"https:\/\/aeboaagua.org\/ebiba\/wp-json\/wp\/v2\/pages\/5874\/revisions"}],"predecessor-version":[{"id":7414,"href":"https:\/\/aeboaagua.org\/ebiba\/wp-json\/wp\/v2\/pages\/5874\/revisions\/7414"}],"up":[{"embeddable":true,"href":"https:\/\/aeboaagua.org\/ebiba\/wp-json\/wp\/v2\/pages\/5342"}],"wp:attachment":[{"href":"https:\/\/aeboaagua.org\/ebiba\/wp-json\/wp\/v2\/media?parent=5874"}],"curies":[{"name":"wp","href":"https:\/\/api.w.org\/{rel}","templated":true}]}}