{"id":5799,"date":"2022-09-01T11:58:00","date_gmt":"2022-09-01T11:58:00","guid":{"rendered":"http:\/\/aeboaagua.org\/ebiba\/?page_id=5799"},"modified":"2025-11-10T16:14:54","modified_gmt":"2025-11-10T16:14:54","slug":"contactos","status":"publish","type":"page","link":"https:\/\/aeboaagua.org\/ebiba\/contactos\/","title":{"rendered":"Contactos"},"content":{"rendered":"<p style=\"text-align: center;\"><a href=\"http:\/\/aeboaagua.org\/ebiba\/wp-content\/uploads\/2019\/05\/contactos.jpeg\"><img loading=\"lazy\" decoding=\"async\" class=\"alignright wp-image-5840 \" src=\"http:\/\/aeboaagua.org\/ebiba\/wp-content\/uploads\/2019\/05\/contactos-300x151.jpeg\" alt=\"\" width=\"358\" height=\"180\" srcset=\"https:\/\/aeboaagua.org\/ebiba\/wp-content\/uploads\/2019\/05\/contactos-300x151.jpeg 300w, https:\/\/aeboaagua.org\/ebiba\/wp-content\/uploads\/2019\/05\/contactos-768x386.jpeg 768w, https:\/\/aeboaagua.org\/ebiba\/wp-content\/uploads\/2019\/05\/contactos.jpeg 997w\" sizes=\"auto, (max-width: 358px) 100vw, 358px\" \/><\/a><\/p>\n<div class=\"entry clearfix\">\n<ul>\n<li><strong>Escola B\u00e1sica Integrada da Boa \u00c1gua (sede)<\/strong><\/li>\n<\/ul>\n<p>Rua Serra de Monchique<br \/>\n2975 \u2013 174 Quinta do Conde<br \/>\nTel:21 211 04 60\/1\/2<br \/>\nFax: 21 210 04 04\/21 211 04 69<\/p>\n<p>Email: secretaria@aeboaagua.org (servi\u00e7os administrativos)<\/p>\n<p>direcao@aeboaagua.org (dire\u00e7\u00e3o)<\/p>\n<\/div>\n<p><iframe loading=\"lazy\" style=\"border: 0;\" src=\"https:\/\/www.google.com\/maps\/embed?pb=!1m18!1m12!1m3!1d2798.174563958162!2d-9.053109288434099!3d38.55462555812359!2m3!1f0!2f0!3f0!3m2!1i1024!2i768!4f13.1!3m3!1m2!1s0xd1948d343595f9d%3A0x5ed47bd7f75485e3!2sEscola%20EBI%20da%20Boa%20%C3%81gua!5e1!3m2!1spt-PT!2spt!4v1568558480197!5m2!1spt-PT!2spt\" width=\"600\" height=\"450\" frameborder=\"0\" allowfullscreen=\"allowfullscreen\"><\/iframe><\/p>\n<div class=\"entry clearfix\">\n<div class=\"entry clearfix\">\n<ul>\n<li><strong><span style=\"font-size: 0.95em;\">Escola B\u00e1sica do 1.\u00ba Ciclo n.\u00ba 2 da Quinta do Conde<\/span><\/strong><\/li>\n<\/ul>\n<p>Rua Serra d&#8217;Aire<\/p>\n<p>2975-173 Quinta do Conde<\/p>\n<p><span style=\"font-size: 0.95em;\">Tel. 212100256<\/span><\/p>\n<p>Email: eb1n2quintadoconde@aeboaagua.org<\/p>\n<\/div>\n<div class=\"entry clearfix\">\n<p><iframe loading=\"lazy\" style=\"border: 0;\" src=\"https:\/\/www.google.com\/maps\/embed?pb=!1m18!1m12!1m3!1d2669.214087895885!2d-9.051436385101663!3d38.55272677479257!2m3!1f0!2f0!3f0!3m2!1i1024!2i768!4f13.1!3m3!1m2!1s0xd194f2cddc0a861%3A0x4010dead70ada9ca!2sEscola%20prim%C3%A1ria%20da%20Boa%20%C3%81gua!5e1!3m2!1spt-PT!2spt!4v1568558828229!5m2!1spt-PT!2spt\" width=\"600\" height=\"450\" frameborder=\"0\" allowfullscreen=\"allowfullscreen\"><\/iframe><\/p>\n<ul>\n<li><strong>Escola B\u00e1sica do 1.\u00ba Ciclo e JI do Pinhal de General<\/strong><\/li>\n<\/ul>\n<p>Rua Cidade de Leiria<\/p>\n<p>2975-212 Quinta do Conde<\/p>\n<p>Tel. 212109200<\/p>\n<p>Email:eb1jipinhalgeneral@aeboaagua.org<\/p>\n<p><iframe loading=\"lazy\" style=\"border: 0;\" src=\"https:\/\/www.google.com\/maps\/embed?pb=!1m18!1m12!1m3!1d1336.1107505663972!2d-9.053420800194692!3d38.56261906825885!2m3!1f0!2f0!3f0!3m2!1i1024!2i768!4f13.1!3m3!1m2!1s0xd1948d76cc47e77%3A0xa2ebe9c28c5ac88!2sEscola%20E.B.1%20E%20J.I.%20do%20Pinhal%20do%20General!5e1!3m2!1spt-PT!2spt!4v1568558967896!5m2!1spt-PT!2spt\" width=\"600\" height=\"450\" frameborder=\"0\" allowfullscreen=\"allowfullscreen\"><\/iframe><\/p>\n<ul>\n<li><strong>Jardim de Inf\u00e2ncia do Pinhal do General <\/strong><\/li>\n<\/ul>\n<p>Rua Ilha Terceira<\/p>\n<p>2975-237 Quinta do Conde<\/p>\n<p>Tel. 212104938<\/p>\n<p>Email: jipinhalgeneral@aeboaagua.org<\/p>\n<\/div>\n<\/div>\n<p><iframe loading=\"lazy\" style=\"border: 0;\" src=\"https:\/\/www.google.com\/maps\/embed?pb=!1m18!1m12!1m3!1d2657.9345633985813!2d-9.05636902590889!3d38.55092410883826!2m3!1f0!2f0!3f0!3m2!1i1024!2i768!4f13.1!3m3!1m2!1s0xd194f2aff622d4d%3A0xc5dc861edcea19e6!2sJardim%20de%20Inf%C3%A2ncia%20do%20Pinhal%20do%20General!5e1!3m2!1spt-PT!2spt!4v1568559026287!5m2!1spt-PT!2spt\" width=\"600\" height=\"450\" frameborder=\"0\" allowfullscreen=\"allowfullscreen\"><\/iframe><\/p>\n","protected":false},"excerpt":{"rendered":"<p>Escola B\u00e1sica Integrada da Boa \u00c1gua (sede) Rua Serra de Monchique 2975 \u2013 174 Quinta do Conde Tel:21 211 04 60\/1\/2 Fax: 21 210 04 04\/21 211 04 69 Email: secretaria@aeboaagua.org (servi\u00e7os administrativos) direcao@aeboaagua.org (dire\u00e7\u00e3o) Escola B\u00e1sica do 1.\u00ba Ciclo n.\u00ba 2 da Quinta do Conde Rua Serra d&#8217;Aire 2975-173 Quinta do Conde Tel. 212100256 Email: eb1n2quintadoconde@aeboaagua.org Escola B\u00e1sica do<\/p>\n","protected":false},"author":15,"featured_media":0,"parent":0,"menu_order":9,"comment_status":"closed","ping_status":"closed","template":"","meta":{"footnotes":""},"class_list":["post-5799","page","type-page","status-publish","hentry"],"_links":{"self":[{"href":"https:\/\/aeboaagua.org\/ebiba\/wp-json\/wp\/v2\/pages\/5799","targetHints":{"allow":["GET"]}}],"collection":[{"href":"https:\/\/aeboaagua.org\/ebiba\/wp-json\/wp\/v2\/pages"}],"about":[{"href":"https:\/\/aeboaagua.org\/ebiba\/wp-json\/wp\/v2\/types\/page"}],"author":[{"embeddable":true,"href":"https:\/\/aeboaagua.org\/ebiba\/wp-json\/wp\/v2\/users\/15"}],"replies":[{"embeddable":true,"href":"https:\/\/aeboaagua.org\/ebiba\/wp-json\/wp\/v2\/comments?post=5799"}],"version-history":[{"count":24,"href":"https:\/\/aeboaagua.org\/ebiba\/wp-json\/wp\/v2\/pages\/5799\/revisions"}],"predecessor-version":[{"id":9249,"href":"https:\/\/aeboaagua.org\/ebiba\/wp-json\/wp\/v2\/pages\/5799\/revisions\/9249"}],"wp:attachment":[{"href":"https:\/\/aeboaagua.org\/ebiba\/wp-json\/wp\/v2\/media?parent=5799"}],"curies":[{"name":"wp","href":"https:\/\/api.w.org\/{rel}","templated":true}]}}