{"id":5759,"date":"2019-04-30T16:21:27","date_gmt":"2019-04-30T16:21:27","guid":{"rendered":"http:\/\/aeboaagua.org\/ebiba\/?page_id=5759"},"modified":"2019-05-01T17:27:35","modified_gmt":"2019-05-01T17:27:35","slug":"sobre-nos","status":"publish","type":"page","link":"https:\/\/aeboaagua.org\/ebiba\/agrupamento-2\/sobre-nos\/","title":{"rendered":"Sobre n\u00f3s"},"content":{"rendered":"<h6>Quem somos<\/h6>\n<p>O Agrupamento de Escolas da Boa \u00c1gua (AEBA) foi criado em julho de 2009, situando-se na freguesia da Quinta do Conde, concelho de Sesimbra. Sendo o mais jovem do concelho, \u00e9 frequentado por cerca de 1400 alunos, distribu\u00eddos por quatro estabelecimentos de ensino:<\/p>\n<div class=\"entry clearfix\">\n<ul>\n<li>Escola B\u00e1sica Integrada da Boa \u00c1gua (Sede);<\/li>\n<li>Escola B\u00e1sica do 1\u00ba Ciclo n\u00ba 2 da Quinta do Conde;<\/li>\n<li>Escola B\u00e1sica do 1\u00ba Ciclo e Jardim de Inf\u00e2ncia do Pinhal de General;<\/li>\n<li>Jardim de Inf\u00e2ncia do Pinhal do General.<\/li>\n<\/ul>\n<\/div>\n<h6>A comunidade educativa e as fam\u00edlias<\/h6>\n<p>O AEBA inclui a Associa\u00e7\u00e3o de Pais e Encarregados de Educa\u00e7\u00e3o da Escola B\u00e1sica Integrada da Boa \u00c1gua (APABIBA) e a Associa\u00e7\u00e3o de Pais dos Alunos da Escola B\u00e1sica do 1.\u00ba Ciclo e Jardim de Inf\u00e2ncia do Pinhal do General (APEPG), que articulam e dinamizam atividades nas escolas, assumindo um papel importante na vida da comunidade educativa. Inclusivamente, a APABIBA gere a oferta de atividades de tempos livres (ATL), que funciona nas instala\u00e7\u00f5es da escola sede.<\/p>\n<p>Tendo em conta a caracteriza\u00e7\u00e3o do territ\u00f3rio educativo, verificam-se assimetrias que se refletem no agrupamento quanto ao n\u00edvel socioecon\u00f3mico e cultural dos alunos.<\/p>\n<p>&nbsp;<\/p>\n<h6>As atividades de complemento curricular<\/h6>\n<p>Considerando um curr\u00edculo integrador que agrega todas as atividades e projetos do agrupamento e mobiliza compet\u00eancias e literacias diversas, o AEBA promove atividades de complemento curricular de \u00edndole cultural, art\u00edstica, c\u00edvica e de inser\u00e7\u00e3o e participa\u00e7\u00e3o na vida comunit\u00e1ria, de \u00e2mbito escolar, local, nacional e internacional, de entre as quais destacamos: Assembleia de Alunos, Assembleia Municipal de Jovens de Sesimbra, Desporto Escolar, Clube de Andebol Boa \u00c1gua, Projeto Eco-Escolas, Clube Ci\u00eancia Viva, Clube Europeu, Erasmus+, Orquestra Gera\u00e7\u00e3o, Rock\u2019Art e Clube de Teatro.<\/p>\n<p>&nbsp;<\/p>\n<h6>A Quinta do Conde<\/h6>\n<p>O AEBA situa-se na freguesia da Quinta do Conde, concelho de Sesimbra, distrito de Set\u00fabal. Origin\u00e1ria do loteamento clandestino de uma propriedade r\u00fastica e consequente constru\u00e7\u00e3o de moradias, a Quinta do Conde foi elevada a freguesia em 1985 e, dez anos depois, a vila. Continua a apresentar um crescimento demogr\u00e1fico acelerado (31,8%, segundo os Censos 2011), tendo cerca de 8.000 habitantes em 1991, 16.500 em 2001 e 30.000 atualmente. Este deve-se prioritariamente \u00e0 vinda de popula\u00e7\u00e3o proveniente de outros concelhos, a fluxos migrat\u00f3rios de outros pa\u00edses, sobretudo do Brasil, e ao aumento da natalidade. \u00c9 de real\u00e7ar a percentagem de popula\u00e7\u00e3o mais jovem na freguesia, superior \u00e0 m\u00e9dia nacional (19,9% entre os 0 e os 14 anos; 10,6% entre os 15 e os 24 anos).<\/p>\n<p>A Quinta do Conde continua a ter caracter\u00edsticas urban\u00edsticas de baixa volumetria. O setor comercial e a presta\u00e7\u00e3o de servi\u00e7os constituem as atividades econ\u00f3micas predominantes que empregam os seus habitantes, servindo tamb\u00e9m de \u201cdormit\u00f3rio\u201d aos trabalhadores que se deslocam para a capital.<\/p>\n<p>&nbsp;<\/p>\n<p>&nbsp;<\/p>\n","protected":false},"excerpt":{"rendered":"<p>Quem somos O Agrupamento de Escolas da Boa \u00c1gua (AEBA) foi criado em julho de 2009, situando-se na freguesia da Quinta do Conde, concelho de Sesimbra. Sendo o mais jovem do concelho, \u00e9 frequentado por cerca de 1400 alunos, distribu\u00eddos por quatro estabelecimentos de ensino: Escola B\u00e1sica Integrada da Boa \u00c1gua (Sede); Escola B\u00e1sica do 1\u00ba Ciclo n\u00ba 2 da<\/p>\n","protected":false},"author":2,"featured_media":0,"parent":5342,"menu_order":1,"comment_status":"closed","ping_status":"closed","template":"","meta":{"footnotes":""},"class_list":["post-5759","page","type-page","status-publish","hentry"],"_links":{"self":[{"href":"https:\/\/aeboaagua.org\/ebiba\/wp-json\/wp\/v2\/pages\/5759","targetHints":{"allow":["GET"]}}],"collection":[{"href":"https:\/\/aeboaagua.org\/ebiba\/wp-json\/wp\/v2\/pages"}],"about":[{"href":"https:\/\/aeboaagua.org\/ebiba\/wp-json\/wp\/v2\/types\/page"}],"author":[{"embeddable":true,"href":"https:\/\/aeboaagua.org\/ebiba\/wp-json\/wp\/v2\/users\/2"}],"replies":[{"embeddable":true,"href":"https:\/\/aeboaagua.org\/ebiba\/wp-json\/wp\/v2\/comments?post=5759"}],"version-history":[{"count":6,"href":"https:\/\/aeboaagua.org\/ebiba\/wp-json\/wp\/v2\/pages\/5759\/revisions"}],"predecessor-version":[{"id":5853,"href":"https:\/\/aeboaagua.org\/ebiba\/wp-json\/wp\/v2\/pages\/5759\/revisions\/5853"}],"up":[{"embeddable":true,"href":"https:\/\/aeboaagua.org\/ebiba\/wp-json\/wp\/v2\/pages\/5342"}],"wp:attachment":[{"href":"https:\/\/aeboaagua.org\/ebiba\/wp-json\/wp\/v2\/media?parent=5759"}],"curies":[{"name":"wp","href":"https:\/\/api.w.org\/{rel}","templated":true}]}}