{"id":5657,"date":"2019-04-29T11:59:05","date_gmt":"2019-04-29T11:59:05","guid":{"rendered":"http:\/\/aeboaagua.org\/ebiba\/?page_id=5657"},"modified":"2022-09-24T11:36:31","modified_gmt":"2022-09-24T11:36:31","slug":"rockart","status":"publish","type":"page","link":"https:\/\/aeboaagua.org\/ebiba\/projetos\/rockart\/","title":{"rendered":"Rock&#8217;art"},"content":{"rendered":"<p><img decoding=\"async\" src=\"https:\/\/aeboaagua.org\/ebiba\/wp-content\/uploads\/2022\/09\/rockart_set_22-1024x826.jpg\" \/><img loading=\"lazy\" decoding=\"async\" class=\"size-full wp-image-6210 aligncenter\" src=\"http:\/\/aeboaagua.org\/ebiba\/wp-content\/uploads\/2019\/09\/rockart4-1.jpg\" alt=\"\" width=\"960\" height=\"574\" srcset=\"https:\/\/aeboaagua.org\/ebiba\/wp-content\/uploads\/2019\/09\/rockart4-1.jpg 960w, https:\/\/aeboaagua.org\/ebiba\/wp-content\/uploads\/2019\/09\/rockart4-1-300x179.jpg 300w, https:\/\/aeboaagua.org\/ebiba\/wp-content\/uploads\/2019\/09\/rockart4-1-768x459.jpg 768w, https:\/\/aeboaagua.org\/ebiba\/wp-content\/uploads\/2019\/09\/rockart4-1-500x300.jpg 500w\" sizes=\"auto, (max-width: 960px) 100vw, 960px\" \/><\/p>\n\n\n<p><\/p>\n\n\n\n<p>&gt;<a href=\"https:\/\/drive.google.com\/file\/d\/1s5jQLquxYQPxMI4NX4JtY-86VLagHewB\/view?usp=sharing\">Rock&#8217;Art 2022<\/a><\/p>\n\n\n\n<p>&gt;<a href=\"https:\/\/www.facebook.com\/watch\/?v=302061978239775\">Dia da Crian\u00e7a 2021<\/a><\/p>\n\n\n\n<p>&gt;<a href=\"https:\/\/www.youtube.com\/watch?v=aly3T8Lv8vc\">Rock&#8217;Art no Cine Teatro Jo\u00e3o Mota (2017)<\/a><\/p>\n\n\n\n<p>&gt;<a href=\"http:\/\/videos.sapo.pt\/UBAh2NS0Qov7N1bdH32Z?fbclid=IwAR0WNFTU14pDOhM95I-nsvMsyFpwleI9H6V0smBL8xxdDVxWRoGsA3caG-U\">Os prim\u00f3rdios&#8230;(2014\/15)<\/a><\/p>\n","protected":false},"excerpt":{"rendered":"<p>&gt;Rock&#8217;Art 2022 &gt;Dia da Crian\u00e7a 2021 &gt;Rock&#8217;Art no Cine Teatro Jo\u00e3o Mota (2017) &gt;Os prim\u00f3rdios&#8230;(2014\/15)<\/p>\n","protected":false},"author":9,"featured_media":0,"parent":5308,"menu_order":5,"comment_status":"closed","ping_status":"closed","template":"","meta":{"footnotes":""},"class_list":["post-5657","page","type-page","status-publish","hentry"],"_links":{"self":[{"href":"https:\/\/aeboaagua.org\/ebiba\/wp-json\/wp\/v2\/pages\/5657","targetHints":{"allow":["GET"]}}],"collection":[{"href":"https:\/\/aeboaagua.org\/ebiba\/wp-json\/wp\/v2\/pages"}],"about":[{"href":"https:\/\/aeboaagua.org\/ebiba\/wp-json\/wp\/v2\/types\/page"}],"author":[{"embeddable":true,"href":"https:\/\/aeboaagua.org\/ebiba\/wp-json\/wp\/v2\/users\/9"}],"replies":[{"embeddable":true,"href":"https:\/\/aeboaagua.org\/ebiba\/wp-json\/wp\/v2\/comments?post=5657"}],"version-history":[{"count":15,"href":"https:\/\/aeboaagua.org\/ebiba\/wp-json\/wp\/v2\/pages\/5657\/revisions"}],"predecessor-version":[{"id":7982,"href":"https:\/\/aeboaagua.org\/ebiba\/wp-json\/wp\/v2\/pages\/5657\/revisions\/7982"}],"up":[{"embeddable":true,"href":"https:\/\/aeboaagua.org\/ebiba\/wp-json\/wp\/v2\/pages\/5308"}],"wp:attachment":[{"href":"https:\/\/aeboaagua.org\/ebiba\/wp-json\/wp\/v2\/media?parent=5657"}],"curies":[{"name":"wp","href":"https:\/\/api.w.org\/{rel}","templated":true}]}}