{"id":5654,"date":"2019-04-29T11:12:05","date_gmt":"2019-04-29T11:12:05","guid":{"rendered":"http:\/\/aeboaagua.org\/ebiba\/?page_id=5654"},"modified":"2025-03-21T12:09:23","modified_gmt":"2025-03-21T12:09:23","slug":"5654-2","status":"publish","type":"page","link":"https:\/\/aeboaagua.org\/ebiba\/projetos\/5654-2\/","title":{"rendered":"Clube de Teatro Gota d&#8217;\u00c1gua"},"content":{"rendered":"<div class=\"wp-block-image is-style-default\">\n<figure class=\"aligncenter size-medium\"><a href=\"https:\/\/sites.google.com\/aeboaagua.org\/clubedeteatrogotadgua\/in%C3%ADcio\" target=\"_blank\" rel=\" noreferrer noopener\"><img loading=\"lazy\" decoding=\"async\" width=\"266\" height=\"300\" src=\"https:\/\/aeboaagua.org\/ebiba\/wp-content\/uploads\/2023\/02\/ClubeTeatro-tp-266x300.png\" alt=\"Log\u00f3tipo do Clube de Teatro\" class=\"wp-image-8179\" srcset=\"https:\/\/aeboaagua.org\/ebiba\/wp-content\/uploads\/2023\/02\/ClubeTeatro-tp-266x300.png 266w, https:\/\/aeboaagua.org\/ebiba\/wp-content\/uploads\/2023\/02\/ClubeTeatro-tp-908x1024.png 908w, https:\/\/aeboaagua.org\/ebiba\/wp-content\/uploads\/2023\/02\/ClubeTeatro-tp-768x866.png 768w, https:\/\/aeboaagua.org\/ebiba\/wp-content\/uploads\/2023\/02\/ClubeTeatro-tp-1361x1536.png 1361w, https:\/\/aeboaagua.org\/ebiba\/wp-content\/uploads\/2023\/02\/ClubeTeatro-tp.png 1693w\" sizes=\"auto, (max-width: 266px) 100vw, 266px\" \/><\/a><figcaption class=\"wp-element-caption\">Clube de Teatro &#8220;Gota d&#8217;\u00c1gua&#8221;<\/figcaption><\/figure><\/div>\n\n\n<h2 class=\"wp-block-heading has-text-align-center\"><strong>Noticias e publica\u00e7\u00f5es do Clube de teatro escolar do Agrupamento de Escolas da Boa \u00c1gua.<\/strong><\/h2>\n\n\n<div class=\"wp-block-image\">\n<figure class=\"aligncenter size-large is-resized\"><a href=\"https:\/\/sites.google.com\/aeboaagua.org\/clubedeteatrogotadgua\/in%C3%ADcio\" target=\"_blank\" rel=\" noreferrer noopener\"><img loading=\"lazy\" decoding=\"async\" width=\"724\" height=\"1024\" src=\"https:\/\/aeboaagua.org\/ebiba\/wp-content\/uploads\/2025\/03\/Gota-dAgua-Clube-de-teatro-2025-724x1024.png\" alt=\"\" class=\"wp-image-9027\" style=\"width:600px\" srcset=\"https:\/\/aeboaagua.org\/ebiba\/wp-content\/uploads\/2025\/03\/Gota-dAgua-Clube-de-teatro-2025-724x1024.png 724w, https:\/\/aeboaagua.org\/ebiba\/wp-content\/uploads\/2025\/03\/Gota-dAgua-Clube-de-teatro-2025-212x300.png 212w, https:\/\/aeboaagua.org\/ebiba\/wp-content\/uploads\/2025\/03\/Gota-dAgua-Clube-de-teatro-2025-768x1086.png 768w, https:\/\/aeboaagua.org\/ebiba\/wp-content\/uploads\/2025\/03\/Gota-dAgua-Clube-de-teatro-2025.png 900w\" sizes=\"auto, (max-width: 724px) 100vw, 724px\" \/><\/a><figcaption class=\"wp-element-caption\">Cartaz dos Ensaios do Clube de Teatro.<\/figcaption><\/figure><\/div>\n\n\n<h2 class=\"wp-block-heading has-text-align-center\">Inscri\u00e7\u00f5es e contactos do Clube &#8220;Gota d&#8217;\u00c1gua&#8221;<\/h2>\n\n\n\n<p class=\"has-text-align-left\">Para inscrever no Clube, ter\u00e1s de ir \u00e0 BE\/CRE (Biblioteca escolar\/centro de Recursos Educativos), e solicitares a <a href=\"https:\/\/docs.google.com\/forms\/d\/e\/1FAIpQLSe2D5Y5wQu2z7Wsqg31jWsSIO75h0YvsuFD-b51VSbNLrVhhw\/viewform\" data-type=\"URL\" data-id=\"https:\/\/docs.google.com\/forms\/d\/e\/1FAIpQLSe2D5Y5wQu2z7Wsqg31jWsSIO75h0YvsuFD-b51VSbNLrVhhw\/viewform\" target=\"_blank\" rel=\"noreferrer noopener\">inscri\u00e7\u00e3o no Clube de Comunica\u00e7\u00e3o<\/a>.<\/p>\n\n\n\n<p>Mas n\u00e3o te esque\u00e7as de inscrever aqui neste link: <a href=\"https:\/\/docs.google.com\/forms\/d\/e\/1FAIpQLScBen2hdUjZ-7wu9m9IPaDEeQTBaAQvceiYM22aLlunDV-Fvg\/viewform\" data-type=\"URL\" data-id=\"https:\/\/docs.google.com\/forms\/d\/e\/1FAIpQLScBen2hdUjZ-7wu9m9IPaDEeQTBaAQvceiYM22aLlunDV-Fvg\/viewform\" target=\"_blank\" rel=\"noreferrer noopener\">Ficha de inscri\u00e7\u00e3o do Clube de Teatro<\/a><\/p>\n\n\n\n<div class=\"container-wrapper-genially\" style=\"position: relative; min-height: 400px; max-width: 100%;\"><video class=\"loader-genially\" autoplay=\"autoplay\" loop=\"loop\" playsinline=\"playsInline\" muted=\"muted\" style=\"position: absolute;top: 45%;left: 50%;transform: translate(-50%, -50%);width: 80px;height: 80px;margin-bottom: 10%\"><source src=\"https:\/\/static.genial.ly\/resources\/loader-default.mp4\" type=\"video\/mp4\" \/>Your browser does not support the video tag.<\/video><div id=\"6166b511f9b0d50e1a4c5c2b\" class=\"genially-embed\" style=\"margin: 0px auto; position: relative; height: auto; width: 100%;\"><\/div><\/div><script>(function (d) { var js, id = \"genially-embed-js\", ref = d.getElementsByTagName(\"script\")[0]; if (d.getElementById(id)) { return; } js = d.createElement(\"script\"); js.id = id; js.async = true; js.src = \"https:\/\/view.genial.ly\/static\/embed\/embed.js\"; ref.parentNode.insertBefore(js, ref); }(document));<\/script>\n\n\n<h3 style=\"text-align: center;\">Sabe mais sobre o Teatro. Vem conhecer o teatro.<\/h3>\n<h4 style=\"text-align: center;\"><span style=\"color: #993300;\">A VIDA NUM TEATRO<\/span><\/h4>\n<p>A vida num teatro pode ser uma aventura muito rica.<\/p>\n<p>Os atores podem representar na rua ou numa pra\u00e7a da vila, como se fazia h\u00e1 muitos anos, mas tamb\u00e9m num palco de um edif\u00edcio chamado teatro, como no tempo de William Shakespeare.<\/p>\n<p>Em Portugal, na altura de Gil Vicente, assistia-se ao teatro nas cortes, mais propriamente nas salas onde os reis davam banquetes. Nesse espa\u00e7o, Gil Vicente apresentava com\u00e9dias, onde tro\u00e7ava dos maus padres, dos nobres vaidosos e dos maus servidores.<\/p>\n<p>Os espetadores instalam-se geralmente em semic\u00edrculo, diante de uma \u00e1rea destinada \u00e0 representa\u00e7\u00e3o, denominada palco. Quando ouvem as tr\u00eas pancadas feitas com um pesado bast\u00e3o comprido, fazem sil\u00eancio.<\/p>\n<p>Mas, no teatro, vida come\u00e7a antes, durante e depois de uma representa\u00e7\u00e3o dram\u00e1tica, pois muita gente trabalha com o encenador e com o cen\u00f3grafo.<\/p>\n<p>O marceneiro constr\u00f3i o cen\u00e1rio, que tem de colocar em cena e pintar.<\/p>\n<p>O maquinista ocupa-se dos cen\u00e1rios que entram e saem das barras.<\/p>\n<p>Podemos ainda acrescentar a este grupo de pessoas, o sonoplasta e luminot\u00e9cnico.\u00a0O primeiro trata do som que ir\u00e1 criar ambiente durante a pe\u00e7a. O segundo \u00e9 o t\u00e9cnico das luzes, que regula os projetores e cria fant\u00e1sticos efeitos de luzes.<\/p>\n<p>Os costureiros criam o guarda-roupa, preparam um traje para cada ator.<\/p>\n<p>Assim todas estas pessoas importantes fazem nascer um espet\u00e1culo de teatro.<\/p>\n<\/p>\n<p><a href=\"http:\/\/aeboaagua.org\/ebiba\/wp-content\/uploads\/2019\/06\/61563837_2088115947952281_1268252405980463104_n-1.jpg\"><img loading=\"lazy\" decoding=\"async\" class=\"alignnone wp-image-5995\" src=\"http:\/\/aeboaagua.org\/ebiba\/wp-content\/uploads\/2019\/06\/61563837_2088115947952281_1268252405980463104_n-1-300x169.jpg\" alt=\"\" width=\"373\" height=\"210\" srcset=\"https:\/\/aeboaagua.org\/ebiba\/wp-content\/uploads\/2019\/06\/61563837_2088115947952281_1268252405980463104_n-1-300x169.jpg 300w, https:\/\/aeboaagua.org\/ebiba\/wp-content\/uploads\/2019\/06\/61563837_2088115947952281_1268252405980463104_n-1-768x432.jpg 768w, https:\/\/aeboaagua.org\/ebiba\/wp-content\/uploads\/2019\/06\/61563837_2088115947952281_1268252405980463104_n-1.jpg 960w\" sizes=\"auto, (max-width: 373px) 100vw, 373px\" \/><\/a>\u00a0 \u00a0 <a href=\"http:\/\/aeboaagua.org\/ebiba\/wp-content\/uploads\/2019\/06\/61684123_2088112997952576_5958415736127881216_n.jpg\"><img loading=\"lazy\" decoding=\"async\" class=\"alignnone wp-image-5996\" src=\"http:\/\/aeboaagua.org\/ebiba\/wp-content\/uploads\/2019\/06\/61684123_2088112997952576_5958415736127881216_n-300x225.jpg\" alt=\"\" width=\"281\" height=\"211\" srcset=\"https:\/\/aeboaagua.org\/ebiba\/wp-content\/uploads\/2019\/06\/61684123_2088112997952576_5958415736127881216_n-300x225.jpg 300w, https:\/\/aeboaagua.org\/ebiba\/wp-content\/uploads\/2019\/06\/61684123_2088112997952576_5958415736127881216_n-768x576.jpg 768w, https:\/\/aeboaagua.org\/ebiba\/wp-content\/uploads\/2019\/06\/61684123_2088112997952576_5958415736127881216_n.jpg 960w\" sizes=\"auto, (max-width: 281px) 100vw, 281px\" \/><\/a><\/p>\n<\/p>\n<p><iframe loading=\"lazy\" title=\"&quot;A Querida Bruxa&quot; - Teatro &quot;A Gota d&#039; \u00c1gua - AE da Boa \u00c1gua - XIV Mostra de Teatro Escolar\" width=\"860\" height=\"484\" src=\"https:\/\/www.youtube.com\/embed\/dxFfV3nUaRM?feature=oembed\" frameborder=\"0\" allow=\"accelerometer; autoplay; clipboard-write; encrypted-media; gyroscope; picture-in-picture; web-share\" referrerpolicy=\"strict-origin-when-cross-origin\" allowfullscreen><\/iframe><\/p>\n<\/p>\n<h4 style=\"text-align: center;\">Espa\u00e7o promovido pelo Clube de Teatro e a Biblioteca Escolar do Agrupamento:<\/h4>\n<h3 style=\"text-align: center;\"><span style=\"color: #0000ff;\">HORA M\u00c1GICA do CONTO<\/span><\/h3>\n<\/p>\n<p>Hora M\u00e1gica do Conto: um espa\u00e7o dedicado \u00e0 anima\u00e7\u00e3o de contos e dramatiza\u00e7\u00e3o dos mesmos.<\/p>\n<p>Um espa\u00e7o de contos e fantasias. Aqui o teatro nasce dos livros e dos contos infantis ejuvenis.<\/p>\n<p>Vem e participa!!! Traz o teu professor&#8230; aqui todos somos crian\u00e7as.<\/p>\n<\/p>\n\n<div class=\"wp-block-image\">\n<figure class=\"aligncenter size-full\"><a href=\"https:\/\/sites.google.com\/aeboaagua.org\/clubedeteatrogotadgua\/hora-m%C3%A1gica-do-conto\" target=\"_blank\" rel=\" noreferrer noopener\"><img loading=\"lazy\" decoding=\"async\" width=\"250\" height=\"273\" src=\"https:\/\/aeboaagua.org\/ebiba\/wp-content\/uploads\/2023\/02\/logo-horamagicaconto-v5.png\" alt=\"Hora M\u00e1gica do Conto\" class=\"wp-image-8182\"\/><\/a><figcaption class=\"wp-element-caption\">Hora M\u00e1gica do Conto<\/figcaption><\/figure><\/div>\n\n\n<p>Podes tamb\u00e9m visualizar no site da &#8220;<a href=\"https:\/\/sites.google.com\/aeboaagua.org\/clubedeteatrogotadgua\/hora-m%C3%A1gica-do-conto\" target=\"_blank\" rel=\"noreferrer noopener\">Hora M\u00e1gica do Conto<\/a>&#8221; as novidades e atividades. <a href=\"https:\/\/sites.google.com\/aeboaagua.org\/clubedeteatrogotadgua\/hora-m%C3%A1gica-do-conto\" target=\"_blank\" rel=\"noreferrer noopener\">Clica aqui<\/a> para veres.<\/p>\n\n\n\n<h2 class=\"wp-block-heading has-text-align-center\">O Canal do Clube de Teatro<\/h2>\n\n\n\n<p><a href=\"https:\/\/www.youtube.com\/@GotadAgua-aeba\" target=\"_blank\" rel=\"noreferrer noopener\">Canal de Youtube do Clube de Teatro &#8220;Gota d&#8217;\u00c1gua&#8221; do agrupamento.<\/a><\/p>\n\n\n\n<p>O clube de teatro tem um canal no Youtube, visita-nos e visualiza os nossos momentos, eventos e atividades, promovidas e realizadas pelos os nossos atores.<\/p>\n\n\n\n<p>Aqui fica um pequeno v\u00eddeo de um trabalho realizado em parceria com as turmas 2cC e 2cE, no \u00e2mbito de uma projeto de articula\u00e7\u00e3o de turma, onde diversas disciplinas participaram e se desenvolveu as compet\u00eancias do PASEO e as respetivas aprendizagens ess\u00eancias.<\/p>\n\n\n\n<p>O projeto intitulado de &#8220;Viver As Aventuras de Jo\u00e3o Sem Medo&#8221;, onde com o apoio dos LEDs do Agrupamento e das turmas, realizou-se v\u00eddeos das apresenta\u00e7\u00f5es de teatro de sombra do primeiro cap\u00edtulo da obra abordada, &#8220;Homem Sem Cabe\u00e7a&#8221;. <\/p>\n\n\n\n<p>Fica atento! Pois vamos ter mais novidades deste projeto, teatro de fantoches, stopmotion e muitas outras representa\u00e7\u00f5es.<\/p>\n\n\n\n<figure class=\"wp-block-embed is-type-video is-provider-youtube wp-block-embed-youtube wp-embed-aspect-16-9 wp-has-aspect-ratio\"><div class=\"wp-block-embed__wrapper\">\n<iframe loading=\"lazy\" title=\"Homem sem cabe\u00e7a  1B da Turma 2cC\" width=\"860\" height=\"484\" src=\"https:\/\/www.youtube.com\/embed\/7DCIrP-Jpes?feature=oembed\" frameborder=\"0\" allow=\"accelerometer; autoplay; clipboard-write; encrypted-media; gyroscope; picture-in-picture; web-share\" referrerpolicy=\"strict-origin-when-cross-origin\" allowfullscreen><\/iframe>\n<\/div><\/figure>\n\n\n\n<p>O clube est\u00e1 tamb\u00e9m a colaborar com o PNA (Plano Nacional das Artes) na realiza\u00e7\u00e3o e dinamiza\u00e7\u00e3o do PCE (Plano Cultural de Escola) do Agrupamento.<\/p>\n","protected":false},"excerpt":{"rendered":"<p>Noticias e publica\u00e7\u00f5es do Clube de teatro escolar do Agrupamento de Escolas da Boa \u00c1gua. Inscri\u00e7\u00f5es e contactos do Clube &#8220;Gota d&#8217;\u00c1gua&#8221; Para inscrever no Clube, ter\u00e1s de ir \u00e0 BE\/CRE (Biblioteca escolar\/centro de Recursos Educativos), e solicitares a inscri\u00e7\u00e3o no Clube de Comunica\u00e7\u00e3o. Mas n\u00e3o te esque\u00e7as de inscrever aqui neste link: Ficha de inscri\u00e7\u00e3o do Clube de Teatro<\/p>\n","protected":false},"author":9,"featured_media":0,"parent":5308,"menu_order":6,"comment_status":"closed","ping_status":"closed","template":"","meta":{"footnotes":""},"class_list":["post-5654","page","type-page","status-publish","hentry"],"_links":{"self":[{"href":"https:\/\/aeboaagua.org\/ebiba\/wp-json\/wp\/v2\/pages\/5654","targetHints":{"allow":["GET"]}}],"collection":[{"href":"https:\/\/aeboaagua.org\/ebiba\/wp-json\/wp\/v2\/pages"}],"about":[{"href":"https:\/\/aeboaagua.org\/ebiba\/wp-json\/wp\/v2\/types\/page"}],"author":[{"embeddable":true,"href":"https:\/\/aeboaagua.org\/ebiba\/wp-json\/wp\/v2\/users\/9"}],"replies":[{"embeddable":true,"href":"https:\/\/aeboaagua.org\/ebiba\/wp-json\/wp\/v2\/comments?post=5654"}],"version-history":[{"count":22,"href":"https:\/\/aeboaagua.org\/ebiba\/wp-json\/wp\/v2\/pages\/5654\/revisions"}],"predecessor-version":[{"id":9036,"href":"https:\/\/aeboaagua.org\/ebiba\/wp-json\/wp\/v2\/pages\/5654\/revisions\/9036"}],"up":[{"embeddable":true,"href":"https:\/\/aeboaagua.org\/ebiba\/wp-json\/wp\/v2\/pages\/5308"}],"wp:attachment":[{"href":"https:\/\/aeboaagua.org\/ebiba\/wp-json\/wp\/v2\/media?parent=5654"}],"curies":[{"name":"wp","href":"https:\/\/api.w.org\/{rel}","templated":true}]}}