{"id":5573,"date":"2019-03-24T16:48:54","date_gmt":"2019-03-24T16:48:54","guid":{"rendered":"http:\/\/aeboaagua.org\/ebiba\/?page_id=5573"},"modified":"2026-04-16T13:41:37","modified_gmt":"2026-04-16T13:41:37","slug":"conselho-geral","status":"publish","type":"page","link":"https:\/\/aeboaagua.org\/ebiba\/agrupamento-2\/orgaos-de-gestao\/conselho-geral\/","title":{"rendered":"Conselho Geral"},"content":{"rendered":"\n<h2 class=\"wp-block-heading\"><\/h2>\n\n\n\n<figure class=\"wp-block-image size-large\"><a href=\"https:\/\/aeboaagua.org\/ebiba\/wp-content\/uploads\/2026\/04\/CG_page-0001.jpg\"><img loading=\"lazy\" decoding=\"async\" width=\"917\" height=\"1024\" src=\"https:\/\/aeboaagua.org\/ebiba\/wp-content\/uploads\/2026\/04\/CG_page-0001-917x1024.jpg\" alt=\"\" class=\"wp-image-9405\" srcset=\"https:\/\/aeboaagua.org\/ebiba\/wp-content\/uploads\/2026\/04\/CG_page-0001-917x1024.jpg 917w, https:\/\/aeboaagua.org\/ebiba\/wp-content\/uploads\/2026\/04\/CG_page-0001-269x300.jpg 269w, https:\/\/aeboaagua.org\/ebiba\/wp-content\/uploads\/2026\/04\/CG_page-0001-768x858.jpg 768w, https:\/\/aeboaagua.org\/ebiba\/wp-content\/uploads\/2026\/04\/CG_page-0001.jpg 938w\" sizes=\"auto, (max-width: 917px) 100vw, 917px\" \/><\/a><\/figure>\n\n\n\n<p><\/p>\n\n\n\n<p><strong><mark style=\"background-color:rgba(0, 0, 0, 0)\" class=\"has-inline-color has-black-color\">Agendas das reuni\u00f5es (s\u00ednteses)<\/mark><\/strong><\/p>\n\n\n\n<p>&gt; <a href=\"https:\/\/aeboaagua.org\/ebiba\/wp-content\/uploads\/2024\/01\/Agenda_46_CG.pdf\">Reuni\u00e3o n.\u00ba 46<\/a><\/p>\n\n\n\n<p>&gt;<a href=\"https:\/\/aeboaagua.org\/ebiba\/wp-content\/uploads\/2024\/01\/Agenda_47_CG.pdf\">Reuni\u00e3o n.\u00ba 47<\/a><\/p>\n\n\n\n<p>&gt;<a href=\"https:\/\/aeboaagua.org\/ebiba\/wp-content\/uploads\/2024\/01\/Agenda_48_CG.pdf\">Reuni\u00e3o n.\u00ba 48<\/a><\/p>\n\n\n\n<p>&gt;<a href=\"https:\/\/aeboaagua.org\/ebiba\/wp-content\/uploads\/2024\/01\/Agenda_49_CG.pdf\">Reuni\u00e3o n.\u00ba 49<\/a><\/p>\n\n\n\n<p>&gt;<a href=\"https:\/\/aeboaagua.org\/ebiba\/wp-content\/uploads\/2024\/01\/Agenda_50_CG.pdf\">Reuni\u00e3o n.\u00ba 50 <\/a><\/p>\n\n\n\n<p><a href=\"https:\/\/aeboaagua.org\/ebiba\/wp-content\/uploads\/2024\/10\/51-o-Agenda-Conselho-Geral.docx-Google-Docs.pdf\">&gt;Reuni\u00e3o n.\u00ba 51<\/a><\/p>\n\n\n\n<p><a href=\"https:\/\/aeboaagua.org\/ebiba\/wp-content\/uploads\/2024\/10\/52-o-Agenda-Conselho-Geral-2.docx-Google-Docs.pdf\">&gt;Reuni\u00e3o n.\u00ba 52<\/a><\/p>\n\n\n\n<p><a href=\"https:\/\/aeboaagua.org\/ebiba\/wp-content\/uploads\/2024\/10\/53o-Agenda-Conselho-Geral.docx-Google-Docs.pdf\">&gt;Reuni\u00e3o n.\u00ba 53<\/a><\/p>\n\n\n\n<p><a href=\"https:\/\/aeboaagua.org\/ebiba\/wp-content\/uploads\/2024\/10\/54-o-Agenda-Conselho-Geral-Google-Docs.pdf\">&gt;Reuni\u00e3o n.\u00ba 54<\/a><\/p>\n\n\n\n<p><a href=\"https:\/\/aeboaagua.org\/ebiba\/wp-content\/uploads\/2025\/01\/55-o-Agenda-Conselho-Geral.-partilha-docx-Google-Docs.pdf\">&gt;Reuni\u00e3o n.\u00ba 55<\/a><\/p>\n\n\n\n<p><a href=\"https:\/\/aeboaagua.org\/ebiba\/wp-content\/uploads\/2026\/03\/Agenda-55.oA-Agenda-Comissao-Permanente-Google-Docs.pdf\">&gt;Reuni\u00e3o n.\u00ba 55A<\/a><\/p>\n\n\n\n<p><a href=\"https:\/\/aeboaagua.org\/ebiba\/wp-content\/uploads\/2026\/03\/56.-o-Agenda-Conselho-Geral.docx-Google-Docs.pdf\">&gt;Reuni\u00e3o n.\u00ba 56<\/a><\/p>\n\n\n\n<p><a href=\"https:\/\/aeboaagua.org\/ebiba\/wp-content\/uploads\/2026\/03\/57.-o-Agenda-Conselho-Geral-.docx-Google-Docs.pdf\">&gt;Reuni\u00e3o n.\u00ba 57<\/a><\/p>\n\n\n\n<p><a href=\"https:\/\/aeboaagua.org\/ebiba\/wp-content\/uploads\/2026\/03\/58-a-Agenda-Conselho-Geral.docx-Google-Docs.pdf\">&gt;Reuni\u00e3o n.\u00ba 58<\/a><\/p>\n\n\n\n<p><a href=\"https:\/\/aeboaagua.org\/ebiba\/wp-content\/uploads\/2026\/03\/59-a-Agenda-Conselho-Geral.docx-Google-Docs.pdf\">&gt;Reuni\u00e3o n.\u00ba 59<\/a><\/p>\n\n\n\n<p>&gt;Reuni\u00e3o n.\u00ba 60<\/p>\n\n\n\n<p><a href=\"https:\/\/aeboaagua.org\/ebiba\/wp-content\/uploads\/2026\/04\/61.-a-Agenda-Conselho-Geral.pdf\">&gt;Reuni\u00e3o n.\u00ba 61<\/a><\/p>\n\n\n\n<p><a href=\"https:\/\/docs.google.com\/document\/d\/1ONbYceNDJZMcCF9JAZ1RWM4xULRsWQS4\/edit\">>Reuni\u00e3o n.\u00ba 62<\/a><\/p>\n\n\n\n<p><\/p>\n\n\n\n<p><\/p>\n\n\n\n<p><\/p>\n\n\n\n<p><strong>Documentos<\/strong><\/p>\n\n\n\n<p><a href=\"https:\/\/drive.google.com\/drive\/folders\/1c2MLMg11aaQg1TzxdZ_v8IFf5TxKl_X9\">Regimento do Conselho Geral<\/a><\/p>\n\n\n\n<p><a href=\"https:\/\/drive.google.com\/drive\/folders\/1c2MLMg11aaQg1TzxdZ_v8IFf5TxKl_X9\">Crit\u00e9rios de avalia\u00e7\u00e3o do Diretor<\/a><\/p>\n","protected":false},"excerpt":{"rendered":"<p>Agendas das reuni\u00f5es (s\u00ednteses) &gt; Reuni\u00e3o n.\u00ba 46 &gt;Reuni\u00e3o n.\u00ba 47 &gt;Reuni\u00e3o n.\u00ba 48 &gt;Reuni\u00e3o n.\u00ba 49 &gt;Reuni\u00e3o n.\u00ba 50 &gt;Reuni\u00e3o n.\u00ba 51 &gt;Reuni\u00e3o n.\u00ba 52 &gt;Reuni\u00e3o n.\u00ba 53 &gt;Reuni\u00e3o n.\u00ba 54 &gt;Reuni\u00e3o n.\u00ba 55 &gt;Reuni\u00e3o n.\u00ba 55A &gt;Reuni\u00e3o n.\u00ba 56 &gt;Reuni\u00e3o n.\u00ba 57 &gt;Reuni\u00e3o n.\u00ba 58 &gt;Reuni\u00e3o n.\u00ba 59 &gt;Reuni\u00e3o n.\u00ba 60 &gt;Reuni\u00e3o n.\u00ba 61 >Reuni\u00e3o n.\u00ba 62 Documentos<\/p>\n","protected":false},"author":9,"featured_media":0,"parent":5358,"menu_order":1,"comment_status":"closed","ping_status":"closed","template":"","meta":{"footnotes":""},"class_list":["post-5573","page","type-page","status-publish","hentry"],"_links":{"self":[{"href":"https:\/\/aeboaagua.org\/ebiba\/wp-json\/wp\/v2\/pages\/5573","targetHints":{"allow":["GET"]}}],"collection":[{"href":"https:\/\/aeboaagua.org\/ebiba\/wp-json\/wp\/v2\/pages"}],"about":[{"href":"https:\/\/aeboaagua.org\/ebiba\/wp-json\/wp\/v2\/types\/page"}],"author":[{"embeddable":true,"href":"https:\/\/aeboaagua.org\/ebiba\/wp-json\/wp\/v2\/users\/9"}],"replies":[{"embeddable":true,"href":"https:\/\/aeboaagua.org\/ebiba\/wp-json\/wp\/v2\/comments?post=5573"}],"version-history":[{"count":39,"href":"https:\/\/aeboaagua.org\/ebiba\/wp-json\/wp\/v2\/pages\/5573\/revisions"}],"predecessor-version":[{"id":9412,"href":"https:\/\/aeboaagua.org\/ebiba\/wp-json\/wp\/v2\/pages\/5573\/revisions\/9412"}],"up":[{"embeddable":true,"href":"https:\/\/aeboaagua.org\/ebiba\/wp-json\/wp\/v2\/pages\/5358"}],"wp:attachment":[{"href":"https:\/\/aeboaagua.org\/ebiba\/wp-json\/wp\/v2\/media?parent=5573"}],"curies":[{"name":"wp","href":"https:\/\/api.w.org\/{rel}","templated":true}]}}