{"id":5432,"date":"2018-10-13T15:52:36","date_gmt":"2018-10-13T15:52:36","guid":{"rendered":"http:\/\/aeboaagua.org\/ebiba\/?page_id=5432"},"modified":"2023-10-20T17:21:46","modified_gmt":"2023-10-20T17:21:46","slug":"clube-europeu","status":"publish","type":"page","link":"https:\/\/aeboaagua.org\/ebiba\/projetos\/clube-europeu\/","title":{"rendered":"Erasmus +"},"content":{"rendered":"\n<figure class=\"wp-block-image size-full\"><a href=\"https:\/\/aeboaagua.org\/ebiba\/wp-content\/uploads\/2023\/10\/cropped-logo-AEBA-erasmus_mais-01-1.png\"><img loading=\"lazy\" decoding=\"async\" width=\"250\" height=\"250\" src=\"https:\/\/aeboaagua.org\/ebiba\/wp-content\/uploads\/2023\/10\/cropped-logo-AEBA-erasmus_mais-01-1.png\" alt=\"Espa\u00e7o Erasmus na Boa \u00c1gua\" class=\"wp-image-8549\" srcset=\"https:\/\/aeboaagua.org\/ebiba\/wp-content\/uploads\/2023\/10\/cropped-logo-AEBA-erasmus_mais-01-1.png 250w, https:\/\/aeboaagua.org\/ebiba\/wp-content\/uploads\/2023\/10\/cropped-logo-AEBA-erasmus_mais-01-1-150x150.png 150w, https:\/\/aeboaagua.org\/ebiba\/wp-content\/uploads\/2023\/10\/cropped-logo-AEBA-erasmus_mais-01-1-90x90.png 90w, https:\/\/aeboaagua.org\/ebiba\/wp-content\/uploads\/2023\/10\/cropped-logo-AEBA-erasmus_mais-01-1-75x75.png 75w\" sizes=\"auto, (max-width: 250px) 100vw, 250px\" \/><\/a><figcaption class=\"wp-element-caption\">Espa\u00e7o Erasmus na Boa \u00c1gua<\/figcaption><\/figure>\n\n\n<p><span id=\"fbPhotoSnowliftCaption\" class=\"fbPhotosPhotoCaption\" tabindex=\"0\" aria-live=\"polite\" data-ft=\"{&quot;tn&quot;:&quot;K&quot;}\"><span class=\"hasCaption\">O Agrupamento de Escolas da Boa \u00c1gua deu in\u00edcio em 2018\/19 a v\u00e1rias atividades relacionadas com projetos Erasmus + A\u00e7\u00e3o-Chave 2 em que somos parceiros. Trata-se de projetos de Coopera\u00e7\u00e3o para a Inova\u00e7\u00e3o e o Interc\u00e2mbio de Boas Pr\u00e1ticas, os quais permitir\u00e3o o desenvolvimento, a transfer\u00eancia e a realiza\u00e7\u00e3o de pr\u00e1ticas inovadoras.<\/span><\/span><\/p>\n<p>Estando alguns destes projetos ainda em desenvolvimento, junta-se-lhes outro, destinado \u00e0 forma\u00e7\u00e3o de professores, a desenvolver em 2021-23.<\/p>\n<p><\/p>\n<p><a href=\"https:\/\/drive.google.com\/file\/d\/1zZWdpxcRBheq5kYV_qDRjNLNSfip0mPJ\/view?usp=sharing\">V\u00eddeo de apresenta\u00e7\u00e3o&nbsp;&nbsp;<\/a><\/p>\n\n\n<p><a href=\"https:\/\/aeboaagua.org\/ebiba\/wp-content\/uploads\/2022\/09\/Edicao-869-compactado.pdf\">Erasmus+ Boa \u00c1gua na imprensa (jun. 22)<\/a><\/p>\n\n\n\n<p><a href=\"https:\/\/aeboaagua.org\/erasmusboaagua\/\" target=\"_blank\" rel=\"noreferrer noopener\">Website do Projeto Erasmus+ da Boa <\/a><a href=\"https:\/\/aeboaagua.org\/erasmusboaagua\/\">\u00c1gua<\/a><\/p>\n","protected":false},"excerpt":{"rendered":"<p>O Agrupamento de Escolas da Boa \u00c1gua deu in\u00edcio em 2018\/19 a v\u00e1rias atividades relacionadas com projetos Erasmus + A\u00e7\u00e3o-Chave 2 em que somos parceiros. Trata-se de projetos de Coopera\u00e7\u00e3o para a Inova\u00e7\u00e3o e o Interc\u00e2mbio de Boas Pr\u00e1ticas, os quais permitir\u00e3o o desenvolvimento, a transfer\u00eancia e a realiza\u00e7\u00e3o de pr\u00e1ticas inovadoras. Estando alguns destes projetos ainda em desenvolvimento, junta-se-lhes<\/p>\n","protected":false},"author":9,"featured_media":0,"parent":5308,"menu_order":6,"comment_status":"closed","ping_status":"closed","template":"","meta":{"footnotes":""},"class_list":["post-5432","page","type-page","status-publish","hentry"],"_links":{"self":[{"href":"https:\/\/aeboaagua.org\/ebiba\/wp-json\/wp\/v2\/pages\/5432","targetHints":{"allow":["GET"]}}],"collection":[{"href":"https:\/\/aeboaagua.org\/ebiba\/wp-json\/wp\/v2\/pages"}],"about":[{"href":"https:\/\/aeboaagua.org\/ebiba\/wp-json\/wp\/v2\/types\/page"}],"author":[{"embeddable":true,"href":"https:\/\/aeboaagua.org\/ebiba\/wp-json\/wp\/v2\/users\/9"}],"replies":[{"embeddable":true,"href":"https:\/\/aeboaagua.org\/ebiba\/wp-json\/wp\/v2\/comments?post=5432"}],"version-history":[{"count":14,"href":"https:\/\/aeboaagua.org\/ebiba\/wp-json\/wp\/v2\/pages\/5432\/revisions"}],"predecessor-version":[{"id":8551,"href":"https:\/\/aeboaagua.org\/ebiba\/wp-json\/wp\/v2\/pages\/5432\/revisions\/8551"}],"up":[{"embeddable":true,"href":"https:\/\/aeboaagua.org\/ebiba\/wp-json\/wp\/v2\/pages\/5308"}],"wp:attachment":[{"href":"https:\/\/aeboaagua.org\/ebiba\/wp-json\/wp\/v2\/media?parent=5432"}],"curies":[{"name":"wp","href":"https:\/\/api.w.org\/{rel}","templated":true}]}}