{"id":5403,"date":"2018-10-10T11:14:32","date_gmt":"2018-10-10T11:14:32","guid":{"rendered":"http:\/\/aeboaagua.org\/ebiba\/?page_id=5403"},"modified":"2020-12-26T15:44:52","modified_gmt":"2020-12-26T15:44:52","slug":"includ-ed","status":"publish","type":"page","link":"https:\/\/aeboaagua.org\/ebiba\/projetos\/includ-ed\/","title":{"rendered":"Includ-Ed"},"content":{"rendered":"<p><strong>O Projeto INCLUD-ED tem como principal objetivo alcan\u00e7ar o sucesso escolar de todos e todas promovendo a coes\u00e3o social e a participa\u00e7\u00e3o das fam\u00edlias. <\/strong><\/p>\n<p>O INCLUD-ED resultou da pesquisa financiada pelo VI Programa Quadro da Comiss\u00e3o Europeia, coordenada pelo CREA \u2013 Community of Research in Excellence for All, da Universidade de Barcelona. Esta investiga\u00e7\u00e3o permitiu encontrar ambientes de aprendizagem que proporcionam excelentes resultados acad\u00e9micos e de inclus\u00e3o. O estudo indica que o sucesso acad\u00e9mico est\u00e1 intimamente ligado \u00e0s intera\u00e7\u00f5es pessoais num ambiente de conviv\u00eancia e de partilha de experi\u00eancias e de saberes aplicando os 7 princ\u00edpios da aprendizagem dial\u00f3gica. Atrav\u00e9s desta investiga\u00e7\u00e3o, o estudo identificou 6 a\u00e7\u00f5es educativas de sucesso (AES), que promovem a coes\u00e3o social e alcan\u00e7am o sucesso educativo de TODOS.<\/p>\n<p>\u00a0<\/p>\n<p><a href=\"http:\/\/aeboaagua.org\/ebiba\/wp-content\/uploads\/2018\/10\/Imagem4.jpg\"><img loading=\"lazy\" decoding=\"async\" class=\"alignnone size-medium wp-image-5426\" src=\"http:\/\/aeboaagua.org\/ebiba\/wp-content\/uploads\/2018\/10\/Imagem4-300x226.jpg\" alt=\"\" width=\"300\" height=\"226\" srcset=\"https:\/\/aeboaagua.org\/ebiba\/wp-content\/uploads\/2018\/10\/Imagem4-300x226.jpg 300w, https:\/\/aeboaagua.org\/ebiba\/wp-content\/uploads\/2018\/10\/Imagem4.jpg 312w\" sizes=\"auto, (max-width: 300px) 100vw, 300px\" \/><\/a>\u00a0 \u00a0 \u00a0 \u00a0 \u00a0 \u00a0\u00a0<a href=\"http:\/\/aeboaagua.org\/ebiba\/wp-content\/uploads\/2018\/10\/Imagem1.jpg\"><img loading=\"lazy\" decoding=\"async\" class=\"alignnone size-medium wp-image-5428\" src=\"http:\/\/aeboaagua.org\/ebiba\/wp-content\/uploads\/2018\/10\/Imagem1-300x225.jpg\" alt=\"\" width=\"300\" height=\"225\" srcset=\"https:\/\/aeboaagua.org\/ebiba\/wp-content\/uploads\/2018\/10\/Imagem1-300x225.jpg 300w, https:\/\/aeboaagua.org\/ebiba\/wp-content\/uploads\/2018\/10\/Imagem1.jpg 554w\" sizes=\"auto, (max-width: 300px) 100vw, 300px\" \/><\/a><\/p>\n<p>\u00a0<\/p>\n<p>No Agrupamento de Escolas da Boa \u00c1gua encontramos uma unidade escolar que se transformou em COMUNIDADE DE APRENDIZAGEM no ano letivo 2017\/2018. A EB1 n.\u00ba 2 da Quinta do Conde passou pelas fases de aplica\u00e7\u00e3o, implementando progressivamente as a\u00e7\u00f5es educativas de sucesso (AES). Fam\u00edlias, docentes, assistentes operacionais e alunos formaram diferentes comiss\u00f5es mistas e aplicam em contexto escolar os GRUPOS INTERATIVOS, as TERT\u00daLIAS DIAL\u00d3GICAS e a BIBLIOTECA TUTORADA.<\/p>\n<p>\u00a0<\/p>\n<p><a style=\"text-decoration-line: underline; font-size: 15.2015px;\" href=\"http:\/\/aeboaagua.org\/ebiba\/wp-content\/uploads\/2018\/10\/Imagem3.jpg\"><img loading=\"lazy\" decoding=\"async\" class=\"alignnone size-medium wp-image-5427\" src=\"http:\/\/aeboaagua.org\/ebiba\/wp-content\/uploads\/2018\/10\/Imagem3-300x169.jpg\" alt=\"\" width=\"300\" height=\"169\" srcset=\"https:\/\/aeboaagua.org\/ebiba\/wp-content\/uploads\/2018\/10\/Imagem3-300x169.jpg 300w, https:\/\/aeboaagua.org\/ebiba\/wp-content\/uploads\/2018\/10\/Imagem3.jpg 419w\" sizes=\"auto, (max-width: 300px) 100vw, 300px\" \/>\u00a0 \u00a0 \u00a0 \u00a0 \u00a0 \u00a0 \u00a0<\/a><a href=\"http:\/\/aeboaagua.org\/ebiba\/wp-content\/uploads\/2018\/10\/Imagem2.jpg\"><img loading=\"lazy\" decoding=\"async\" class=\"alignnone size-medium wp-image-5429\" src=\"http:\/\/aeboaagua.org\/ebiba\/wp-content\/uploads\/2018\/10\/Imagem2-300x170.jpg\" alt=\"\" width=\"300\" height=\"170\" srcset=\"https:\/\/aeboaagua.org\/ebiba\/wp-content\/uploads\/2018\/10\/Imagem2-300x170.jpg 300w, https:\/\/aeboaagua.org\/ebiba\/wp-content\/uploads\/2018\/10\/Imagem2.jpg 533w\" sizes=\"auto, (max-width: 300px) 100vw, 300px\" \/><\/a><\/p>\n<p>\u00a0<\/p>\n<p>Em 2018\/2019, o INCLUD-ED foi abra\u00e7ado pelos Departamentos do Pr\u00e9-Escolar e do 1.\u00ba Ciclo, sendo aplic\u00e1vel em qualquer n\u00edvel de ensino. A EB1 n.\u00ba 2 da Quinta do Conde, atrav\u00e9s da vota\u00e7\u00e3o em comiss\u00e3o gestora e posterior parecer dos Pais\/EE da escola, decidiu dar continuidade \u00e0 COMUNIDADE DE APRENDIZAGEM. Nas restantes unidades escolares, ap\u00f3s a fase de sensibiliza\u00e7\u00e3o e de forma\u00e7\u00e3o, aplicar-se-\u00e3o GRUPOS INTERATIVOS e TERT\u00daLIAS DIAL\u00d3GICAS. O INCLUD-ED na Boa \u00c1gua alcan\u00e7ar\u00e1 os 700 alunos, a equipa pedag\u00f3gica, as fam\u00edlias e restante comunidade educativa.<\/p>\n<p><a href=\"http:\/\/aeboaagua.org\/ebiba\/wp-content\/uploads\/2019\/09\/includ-ed.png\"><img loading=\"lazy\" decoding=\"async\" class=\"size-medium wp-image-6167 aligncenter\" src=\"http:\/\/aeboaagua.org\/ebiba\/wp-content\/uploads\/2019\/09\/includ-ed-300x251.png\" alt=\"\" width=\"300\" height=\"251\" srcset=\"https:\/\/aeboaagua.org\/ebiba\/wp-content\/uploads\/2019\/09\/includ-ed-300x251.png 300w, https:\/\/aeboaagua.org\/ebiba\/wp-content\/uploads\/2019\/09\/includ-ed-768x644.png 768w, https:\/\/aeboaagua.org\/ebiba\/wp-content\/uploads\/2019\/09\/includ-ed.png 940w\" sizes=\"auto, (max-width: 300px) 100vw, 300px\" \/><\/a><\/p>\n\n\n<p><a rel=\"noreferrer noopener\" href=\"https:\/\/www.rtp.pt\/play\/zigzag\/p6874\/e504718\/movimento-gentil-desafio-escolas-3\" target=\"_blank\">Includ-Ed Boa \u00c1gua no Zig Zag, RTP 2<\/a><\/p>\n\n\n\n<p><a href=\"https:\/\/www.facebook.com\/aeboaagua\/videos\/220440469675844\">Tert\u00falia Dial\u00f3gica de Natal 2020<\/a><\/p>\n","protected":false},"excerpt":{"rendered":"<p>O Projeto INCLUD-ED tem como principal objetivo alcan\u00e7ar o sucesso escolar de todos e todas promovendo a coes\u00e3o social e a participa\u00e7\u00e3o das fam\u00edlias. O INCLUD-ED resultou da pesquisa financiada pelo VI Programa Quadro da Comiss\u00e3o Europeia, coordenada pelo CREA \u2013 Community of Research in Excellence for All, da Universidade de Barcelona. Esta investiga\u00e7\u00e3o permitiu encontrar ambientes de aprendizagem que<\/p>\n","protected":false},"author":9,"featured_media":0,"parent":5308,"menu_order":4,"comment_status":"closed","ping_status":"closed","template":"","meta":{"footnotes":""},"class_list":["post-5403","page","type-page","status-publish","hentry"],"_links":{"self":[{"href":"https:\/\/aeboaagua.org\/ebiba\/wp-json\/wp\/v2\/pages\/5403","targetHints":{"allow":["GET"]}}],"collection":[{"href":"https:\/\/aeboaagua.org\/ebiba\/wp-json\/wp\/v2\/pages"}],"about":[{"href":"https:\/\/aeboaagua.org\/ebiba\/wp-json\/wp\/v2\/types\/page"}],"author":[{"embeddable":true,"href":"https:\/\/aeboaagua.org\/ebiba\/wp-json\/wp\/v2\/users\/9"}],"replies":[{"embeddable":true,"href":"https:\/\/aeboaagua.org\/ebiba\/wp-json\/wp\/v2\/comments?post=5403"}],"version-history":[{"count":10,"href":"https:\/\/aeboaagua.org\/ebiba\/wp-json\/wp\/v2\/pages\/5403\/revisions"}],"predecessor-version":[{"id":7155,"href":"https:\/\/aeboaagua.org\/ebiba\/wp-json\/wp\/v2\/pages\/5403\/revisions\/7155"}],"up":[{"embeddable":true,"href":"https:\/\/aeboaagua.org\/ebiba\/wp-json\/wp\/v2\/pages\/5308"}],"wp:attachment":[{"href":"https:\/\/aeboaagua.org\/ebiba\/wp-json\/wp\/v2\/media?parent=5403"}],"curies":[{"name":"wp","href":"https:\/\/api.w.org\/{rel}","templated":true}]}}