{"id":5396,"date":"2018-10-08T17:42:49","date_gmt":"2018-10-08T17:42:49","guid":{"rendered":"http:\/\/aeboaagua.org\/ebiba\/?page_id=5396"},"modified":"2018-10-13T15:58:44","modified_gmt":"2018-10-13T15:58:44","slug":"co-lab","status":"publish","type":"page","link":"https:\/\/aeboaagua.org\/ebiba\/projetos\/co-lab\/","title":{"rendered":"Co-Lab"},"content":{"rendered":"<p>O\u00a0<strong>projeto CO-LAB<\/strong>\u00a0tem como objetivo contribuir para a dissemina\u00e7\u00e3o da aprendizagem colaborativa em contexto de sala de aula, proporcionando\u00a0o desenvolvimento de pr\u00e1ticas de ensino e de aprendizagem colaborativas, permitindo ainda descobrir o que potencia este tipo de trabalho e quais as aprendizagens realizadas.<\/p>\n<p>O CO-LAB apoia\u00a0a integra\u00e7\u00e3o do ensino e da\u00a0aprendizagem colaborativos na sala de\u00a0aula do s\u00e9culo XXI, atrav\u00e9s da forma\u00e7\u00e3o de\u00a0profissionais de toda a Europa, capacitando-os para utilizar m\u00e9todos inovadores comprovados.<\/p>\n<p>Ao longo deste projeto, os parceiros\u00a0enriquecem os cen\u00e1rios\u00a0de ensino e de aprendizagem\u00a0existentes bem como formas de avalia\u00e7\u00e3o, validados por\u00a0profissionais de toda\u00a0a Europa.<\/p>\n<p><img decoding=\"async\" src=\"http:\/\/www.erte.dge.mec.pt\/sites\/default\/files\/styles\/image_left\/public\/co-lab_logo_large_hd.png?itok=DgpC18-y\" alt=\"Resultado de imagem para co-lab\" \/><\/p>\n","protected":false},"excerpt":{"rendered":"<p>O\u00a0projeto CO-LAB\u00a0tem como objetivo contribuir para a dissemina\u00e7\u00e3o da aprendizagem colaborativa em contexto de sala de aula, proporcionando\u00a0o desenvolvimento de pr\u00e1ticas de ensino e de aprendizagem colaborativas, permitindo ainda descobrir o que potencia este tipo de trabalho e quais as aprendizagens realizadas. O CO-LAB apoia\u00a0a integra\u00e7\u00e3o do ensino e da\u00a0aprendizagem colaborativos na sala de\u00a0aula do s\u00e9culo XXI, atrav\u00e9s da forma\u00e7\u00e3o<\/p>\n","protected":false},"author":9,"featured_media":0,"parent":5308,"menu_order":8,"comment_status":"closed","ping_status":"closed","template":"","meta":{"footnotes":""},"class_list":["post-5396","page","type-page","status-publish","hentry"],"_links":{"self":[{"href":"https:\/\/aeboaagua.org\/ebiba\/wp-json\/wp\/v2\/pages\/5396","targetHints":{"allow":["GET"]}}],"collection":[{"href":"https:\/\/aeboaagua.org\/ebiba\/wp-json\/wp\/v2\/pages"}],"about":[{"href":"https:\/\/aeboaagua.org\/ebiba\/wp-json\/wp\/v2\/types\/page"}],"author":[{"embeddable":true,"href":"https:\/\/aeboaagua.org\/ebiba\/wp-json\/wp\/v2\/users\/9"}],"replies":[{"embeddable":true,"href":"https:\/\/aeboaagua.org\/ebiba\/wp-json\/wp\/v2\/comments?post=5396"}],"version-history":[{"count":1,"href":"https:\/\/aeboaagua.org\/ebiba\/wp-json\/wp\/v2\/pages\/5396\/revisions"}],"predecessor-version":[{"id":5397,"href":"https:\/\/aeboaagua.org\/ebiba\/wp-json\/wp\/v2\/pages\/5396\/revisions\/5397"}],"up":[{"embeddable":true,"href":"https:\/\/aeboaagua.org\/ebiba\/wp-json\/wp\/v2\/pages\/5308"}],"wp:attachment":[{"href":"https:\/\/aeboaagua.org\/ebiba\/wp-json\/wp\/v2\/media?parent=5396"}],"curies":[{"name":"wp","href":"https:\/\/api.w.org\/{rel}","templated":true}]}}