{"id":5380,"date":"2018-10-08T17:03:28","date_gmt":"2018-10-08T17:03:28","guid":{"rendered":"http:\/\/aeboaagua.org\/ebiba\/?page_id=5380"},"modified":"2019-04-29T12:33:19","modified_gmt":"2019-04-29T12:33:19","slug":"eco-escolas","status":"publish","type":"page","link":"https:\/\/aeboaagua.org\/ebiba\/projetos\/eco-escolas\/","title":{"rendered":"Eco-Escolas"},"content":{"rendered":"<div>O Agrupamento de Escolas da Boa \u00c1gua \u00e9 um Eco-Agrupamento, pois todos os estabelecimentos de ensino que o comp\u00f5em receberam a sua bandeira, que reconhece as boas pr\u00e1ticas no \u00e2mbito da educa\u00e7\u00e3o para o ambiente e da sustentabilidade.<\/div>\n<div>.<\/div>\n<div>Mas o que s\u00e3o as Eco-Escolas?<\/div>\n<div>.<\/div>\n<div class=\"divider-wrap\">\n<div class=\"divider\"><span style=\"font-size: 0.95em;\">Eco-Escolas \u00e9 um programa internacional da \u201cFoundation for Environmental Education\u201d, desenvolvido em Portugal desde 1996 pela ABAE. Pretende encorajar a\u00e7\u00f5es e reconhecer o trabalho de qualidade desenvolvido pela escola, no \u00e2mbito da Educa\u00e7\u00e3o Ambiental para a Sustentabilidade.<\/span><\/div>\n<\/div>\n<div>.<\/div>\n<div><\/div>\n<div><img decoding=\"async\" class=\"aligncenter\" src=\"http:\/\/aeboaagua.org\/ebiba\/wp-content\/uploads\/2018\/10\/eco-agrupamento.jpg\" \/><\/div>\n<div><\/div>\n<p>A sua metodologia, inspirada nos princ\u00edpios da Agenda 21 local, visa garantir a participa\u00e7\u00e3o das crian\u00e7as\u00a0e jovens na tomada de decis\u00f5es, promover uma cidadania respons\u00e1vel e contribuir para uma escola e\u00a0de uma comunidade mais sustent\u00e1veis.<br \/>\nTem como objetivos gerais:<br \/>\n1. Aumentar o conhecimento (sensibiliza\u00e7\u00e3o, divulga\u00e7\u00e3o, informa\u00e7\u00e3o em Educa\u00e7\u00e3o Ambiental\/EDS).<br \/>\n2. Integrar a Educa\u00e7\u00e3o Ambiental \/ EDS na educa\u00e7\u00e3o formal, n\u00e3o formal e informal.<br \/>\n3. Contribuir para a concretiza\u00e7\u00e3o dos objetivos de desenvolvimento dustent\u00e1vel (Agenda 2030-ONU).<br \/>\n4. Contribuir para o progresso na escala da literacia ambiental atrav\u00e9s do recurso a metodologias\u00a0participativas de exerc\u00edcio da cidadania.<br \/>\n5. Melhorar a gest\u00e3o ambiental da escola; sensibilizar e envolver a comunidade.<br \/>\n6. Envolver toda a comunidade escolar com \u00eanfase nos alunos.<br \/>\n7. Orientar para a a\u00e7\u00e3o (mudan\u00e7a de atitude e comportamento, compromisso, participa\u00e7\u00e3o e\u00a0envolvimento, cidadania e governan\u00e7a).<br \/>\n8. Abordar \u201cpela positiva\u201d as boas pr\u00e1ticas de sustentabilidade (pedagogia de exemplo,<br \/>\nconstrutiva).<\/p>\n<p>Possui como objetivos espec\u00edficos principais:<br \/>\n1. Trabalhar a gest\u00e3o ambiental do espa\u00e7o escola atrav\u00e9s da implementa\u00e7\u00e3o de a\u00e7\u00f5es de efetiva\u00a0melhoria na gest\u00e3o de recursos;<br \/>\n2. (In)formar e envolver os participantes aplicando a metodologia Eco-Escolas- 7 passos;<br \/>\n3. Produzir valiosos exerc\u00edcios de cidadania conducentes a uma atitude pr\u00f3-ativa na comunidade\u00a0escolar e envolvente.<br \/>\n4. Trabalhar anualmente diversos temas sendo alguns deles de car\u00e1ter obrigat\u00f3rio (\u00e1gua,<br \/>\nres\u00edduos e energia) aos quais acresce um tema do ano (floresta ou mar em 2018\/19), podendo ainda integrar todos os outros temas e atividades em desenvolvimento na escola no \u00e2mbito\u00a0da cidadania e sustentabilidade.<\/p>\n<p><strong>Siga a <a href=\"https:\/\/www.facebook.com\/profile.php?id=100009064693795\">Eco Boa\u00e1gua<\/a>\u00a0 no Facebook.<\/strong><\/p>\n<p><img decoding=\"async\" class=\"aligncenter\" src=\"http:\/\/aeboaagua.org\/ebiba\/wp-content\/uploads\/2018\/06\/eco-mascote_fnd-blue-295x300.png\" \/><\/p>\n","protected":false},"excerpt":{"rendered":"<p>O Agrupamento de Escolas da Boa \u00c1gua \u00e9 um Eco-Agrupamento, pois todos os estabelecimentos de ensino que o comp\u00f5em receberam a sua bandeira, que reconhece as boas pr\u00e1ticas no \u00e2mbito da educa\u00e7\u00e3o para o ambiente e da sustentabilidade. . Mas o que s\u00e3o as Eco-Escolas? . Eco-Escolas \u00e9 um programa internacional da \u201cFoundation for Environmental Education\u201d, desenvolvido em Portugal desde<\/p>\n","protected":false},"author":9,"featured_media":0,"parent":5308,"menu_order":3,"comment_status":"closed","ping_status":"closed","template":"","meta":{"footnotes":""},"class_list":["post-5380","page","type-page","status-publish","hentry"],"_links":{"self":[{"href":"https:\/\/aeboaagua.org\/ebiba\/wp-json\/wp\/v2\/pages\/5380","targetHints":{"allow":["GET"]}}],"collection":[{"href":"https:\/\/aeboaagua.org\/ebiba\/wp-json\/wp\/v2\/pages"}],"about":[{"href":"https:\/\/aeboaagua.org\/ebiba\/wp-json\/wp\/v2\/types\/page"}],"author":[{"embeddable":true,"href":"https:\/\/aeboaagua.org\/ebiba\/wp-json\/wp\/v2\/users\/9"}],"replies":[{"embeddable":true,"href":"https:\/\/aeboaagua.org\/ebiba\/wp-json\/wp\/v2\/comments?post=5380"}],"version-history":[{"count":11,"href":"https:\/\/aeboaagua.org\/ebiba\/wp-json\/wp\/v2\/pages\/5380\/revisions"}],"predecessor-version":[{"id":5671,"href":"https:\/\/aeboaagua.org\/ebiba\/wp-json\/wp\/v2\/pages\/5380\/revisions\/5671"}],"up":[{"embeddable":true,"href":"https:\/\/aeboaagua.org\/ebiba\/wp-json\/wp\/v2\/pages\/5308"}],"wp:attachment":[{"href":"https:\/\/aeboaagua.org\/ebiba\/wp-json\/wp\/v2\/media?parent=5380"}],"curies":[{"name":"wp","href":"https:\/\/api.w.org\/{rel}","templated":true}]}}