{"id":5358,"date":"2018-10-08T14:19:05","date_gmt":"2018-10-08T14:19:05","guid":{"rendered":"http:\/\/aeboaagua.org\/ebiba\/?page_id=5358"},"modified":"2019-05-01T10:58:37","modified_gmt":"2019-05-01T10:58:37","slug":"orgaos-de-gestao","status":"publish","type":"page","link":"https:\/\/aeboaagua.org\/ebiba\/agrupamento-2\/orgaos-de-gestao\/","title":{"rendered":"\u00d3rg\u00e3os de gest\u00e3o"},"content":{"rendered":"","protected":false},"excerpt":{"rendered":"","protected":false},"author":9,"featured_media":0,"parent":5342,"menu_order":2,"comment_status":"closed","ping_status":"closed","template":"","meta":{"footnotes":""},"class_list":["post-5358","page","type-page","status-publish","hentry"],"_links":{"self":[{"href":"https:\/\/aeboaagua.org\/ebiba\/wp-json\/wp\/v2\/pages\/5358","targetHints":{"allow":["GET"]}}],"collection":[{"href":"https:\/\/aeboaagua.org\/ebiba\/wp-json\/wp\/v2\/pages"}],"about":[{"href":"https:\/\/aeboaagua.org\/ebiba\/wp-json\/wp\/v2\/types\/page"}],"author":[{"embeddable":true,"href":"https:\/\/aeboaagua.org\/ebiba\/wp-json\/wp\/v2\/users\/9"}],"replies":[{"embeddable":true,"href":"https:\/\/aeboaagua.org\/ebiba\/wp-json\/wp\/v2\/comments?post=5358"}],"version-history":[{"count":2,"href":"https:\/\/aeboaagua.org\/ebiba\/wp-json\/wp\/v2\/pages\/5358\/revisions"}],"predecessor-version":[{"id":7932,"href":"https:\/\/aeboaagua.org\/ebiba\/wp-json\/wp\/v2\/pages\/5358\/revisions\/7932"}],"up":[{"embeddable":true,"href":"https:\/\/aeboaagua.org\/ebiba\/wp-json\/wp\/v2\/pages\/5342"}],"wp:attachment":[{"href":"https:\/\/aeboaagua.org\/ebiba\/wp-json\/wp\/v2\/media?parent=5358"}],"curies":[{"name":"wp","href":"https:\/\/api.w.org\/{rel}","templated":true}]}}