{"id":5355,"date":"2018-10-08T14:09:59","date_gmt":"2018-10-08T14:09:59","guid":{"rendered":"http:\/\/aeboaagua.org\/ebiba\/?page_id=5355"},"modified":"2026-01-08T16:54:20","modified_gmt":"2026-01-08T16:54:20","slug":"conselho-pedagogico","status":"publish","type":"page","link":"https:\/\/aeboaagua.org\/ebiba\/agrupamento-2\/orgaos-de-gestao\/conselho-pedagogico\/","title":{"rendered":"Conselho Pedag\u00f3gico"},"content":{"rendered":"<table width=\"839\">\n<tbody>\n<tr>\n<td width=\"586\"><strong>Presidente<\/strong><\/td>\n<td width=\"253\">Nuno Mantas<\/td>\n<\/tr>\n<tr>\n<td width=\"586\"><strong>Coordenadores de departamento:<\/strong><\/td>\n<td width=\"253\"><\/td>\n<\/tr>\n<tr>\n<td width=\"586\">Pr\u00e9-Escolar<\/td>\n<td width=\"253\">Helena Prates<\/td>\n<\/tr>\n<tr>\n<td width=\"586\">1\u00ba Ciclo<\/td>\n<td width=\"253\">Claudina Lobato<\/td>\n<\/tr>\n<tr>\n<td width=\"586\">L\u00ednguas<\/td>\n<td width=\"253\">M\u00aa Carmo Martins<\/td>\n<\/tr>\n<tr>\n<td width=\"586\">Matem\u00e1tica e Ci\u00eancias Experimentais<\/td>\n<td width=\"253\">Nuno Carreira<\/td>\n<\/tr>\n<tr>\n<td width=\"586\">Ci\u00eancias Sociais e Humanas<\/td>\n<td width=\"253\">M\u00aa Jo\u00e3o Carlos<\/td>\n<\/tr>\n<tr>\n<td width=\"586\">Express\u00f5es<\/td>\n<td width=\"253\">Catarina F\u00e9lix<\/td>\n<\/tr>\n<tr>\n<td width=\"586\">Educa\u00e7\u00e3o Especial<\/td>\n<td width=\"253\">In\u00eas Queiroga<\/td>\n<\/tr>\n<tr>\n<td width=\"586\"><strong>Coordenadoras pedag\u00f3gicas do Pr\u00e9-Escolar<\/strong><\/td>\n<td width=\"253\"><\/td>\n<\/tr>\n<tr>\n<td width=\"586\"><strong>Coordenadoras pedag\u00f3gicas do 1.\u00ba ciclo<\/strong><\/td>\n<td width=\"253\"><\/td>\n<\/tr>\n<tr>\n<td width=\"586\"><strong>Coordenadoras de DT e PT:<\/strong><\/td>\n<td width=\"253\"><\/td>\n<\/tr>\n<tr>\n<td width=\"586\">2\u00ba CEB<\/td>\n<td width=\"253\">Teresa Ramos<\/td>\n<\/tr>\n<tr>\n<td width=\"586\">3\u00ba CEB<\/td>\n<td width=\"253\">Dulce Carrelo<\/td>\n<\/tr>\n<tr>\n<td width=\"586\"><strong>Coordenadora de Cidadania e Desenvolvimento<\/strong><\/td>\n<td width=\"253\">Ana Pereira<\/td>\n<\/tr>\n<tr>\n<td width=\"586\"><strong>Coordenador do PAA e Projetos<\/strong><\/td>\n<td width=\"253\">Armindo Serra<\/td>\n<\/tr>\n<tr>\n<td width=\"586\"><strong>BE\/CRE<\/strong><\/td>\n<td width=\"253\">Cristina Rocha<\/td>\n<\/tr>\n<tr>\n<td width=\"586\"><strong>Enc. de Educa\u00e7\u00e3o<\/strong><\/td>\n<td width=\"253\">Elemento cooptado<\/td>\n<\/tr>\n<tr>\n<td width=\"586\"><\/td>\n<td width=\"253\"><\/td>\n<\/tr>\n<\/tbody>\n<\/table>\n","protected":false},"excerpt":{"rendered":"<p>Presidente Nuno Mantas Coordenadores de departamento: Pr\u00e9-Escolar Helena Prates 1\u00ba Ciclo Claudina Lobato L\u00ednguas M\u00aa Carmo Martins Matem\u00e1tica e Ci\u00eancias Experimentais Nuno Carreira Ci\u00eancias Sociais e Humanas M\u00aa Jo\u00e3o Carlos Express\u00f5es Catarina F\u00e9lix Educa\u00e7\u00e3o Especial In\u00eas Queiroga Coordenadoras pedag\u00f3gicas do Pr\u00e9-Escolar Coordenadoras pedag\u00f3gicas do 1.\u00ba ciclo Coordenadoras de DT e PT: 2\u00ba CEB Teresa Ramos 3\u00ba CEB Dulce Carrelo Coordenadora<\/p>\n","protected":false},"author":9,"featured_media":0,"parent":5358,"menu_order":3,"comment_status":"closed","ping_status":"closed","template":"","meta":{"footnotes":""},"class_list":["post-5355","page","type-page","status-publish","hentry"],"_links":{"self":[{"href":"https:\/\/aeboaagua.org\/ebiba\/wp-json\/wp\/v2\/pages\/5355","targetHints":{"allow":["GET"]}}],"collection":[{"href":"https:\/\/aeboaagua.org\/ebiba\/wp-json\/wp\/v2\/pages"}],"about":[{"href":"https:\/\/aeboaagua.org\/ebiba\/wp-json\/wp\/v2\/types\/page"}],"author":[{"embeddable":true,"href":"https:\/\/aeboaagua.org\/ebiba\/wp-json\/wp\/v2\/users\/9"}],"replies":[{"embeddable":true,"href":"https:\/\/aeboaagua.org\/ebiba\/wp-json\/wp\/v2\/comments?post=5355"}],"version-history":[{"count":17,"href":"https:\/\/aeboaagua.org\/ebiba\/wp-json\/wp\/v2\/pages\/5355\/revisions"}],"predecessor-version":[{"id":9296,"href":"https:\/\/aeboaagua.org\/ebiba\/wp-json\/wp\/v2\/pages\/5355\/revisions\/9296"}],"up":[{"embeddable":true,"href":"https:\/\/aeboaagua.org\/ebiba\/wp-json\/wp\/v2\/pages\/5358"}],"wp:attachment":[{"href":"https:\/\/aeboaagua.org\/ebiba\/wp-json\/wp\/v2\/media?parent=5355"}],"curies":[{"name":"wp","href":"https:\/\/api.w.org\/{rel}","templated":true}]}}