{"id":5289,"date":"2018-10-03T11:42:01","date_gmt":"2018-10-03T11:42:01","guid":{"rendered":"http:\/\/aeboaagua.org\/ebiba\/?page_id=5289"},"modified":"2025-01-30T15:28:41","modified_gmt":"2025-01-30T15:28:41","slug":"ppip","status":"publish","type":"page","link":"https:\/\/aeboaagua.org\/ebiba\/ppip\/","title":{"rendered":"Plano de Inova\u00e7\u00e3o"},"content":{"rendered":"<p><a href=\"http:\/\/aeboaagua.org\/ebiba\/wp-content\/uploads\/2019\/05\/ppip-1.jpeg\"><img loading=\"lazy\" decoding=\"async\" class=\" wp-image-5816 alignright\" src=\"http:\/\/aeboaagua.org\/ebiba\/wp-content\/uploads\/2019\/05\/ppip-1.jpeg\" alt=\"\" width=\"298\" height=\"150\" srcset=\"https:\/\/aeboaagua.org\/ebiba\/wp-content\/uploads\/2019\/05\/ppip-1.jpeg 997w, https:\/\/aeboaagua.org\/ebiba\/wp-content\/uploads\/2019\/05\/ppip-1-300x151.jpeg 300w, https:\/\/aeboaagua.org\/ebiba\/wp-content\/uploads\/2019\/05\/ppip-1-768x386.jpeg 768w\" sizes=\"auto, (max-width: 298px) 100vw, 298px\" \/><\/a><\/p>\n<p>.<\/p>\n<p><a href=\"http:\/\/aeboaagua.org\/ebiba\/wp-content\/uploads\/2020\/01\/PLANO-DE-INOVA\u00c7\u00c3O-Final_corrigido-OG.pdf\">\u00bb Plano de Inova\u00e7\u00e3o 2019_2024<\/a><\/p>\n<p><a href=\"https:\/\/aeboaagua.org\/ebiba\/wp-content\/uploads\/2025\/01\/PLANO-DE-INOVACAO-aprovado-2024_2028_compressed.pdf\" target=\"_blank\" rel=\"noopener\">Plano de Inova\u00e7\u00e3o 2024_2028<\/a><\/p>\n<p>.<\/p>\n<p><a href=\"http:\/\/aeboaagua.org\/ebiba\/wp-content\/uploads\/2019\/09\/FAQs_PI_2019_2020.pdf\"><strong>&gt; Perguntas e respostas sobre o Plano de Inova\u00e7\u00e3o &lt;<\/strong><\/a><\/p>\n<p><iframe loading=\"lazy\" title=\"Escola da Quinta do Conde \u00e9 pioneira na inova\u00e7\u00e3o pedag\u00f3gica\" width=\"860\" height=\"484\" src=\"https:\/\/www.youtube.com\/embed\/h1WN7nw3N0Q?feature=oembed\" frameborder=\"0\" allow=\"accelerometer; autoplay; clipboard-write; encrypted-media; gyroscope; picture-in-picture; web-share\" referrerpolicy=\"strict-origin-when-cross-origin\" allowfullscreen><\/iframe><\/p>\n<p><iframe loading=\"lazy\" title=\"PPIP - Projetos de Inova\u00e7\u00e3o Pedag\u00f3gica\" width=\"860\" height=\"484\" src=\"https:\/\/www.youtube.com\/embed\/zV0UiJxk7Rg?feature=oembed\" frameborder=\"0\" allow=\"accelerometer; autoplay; clipboard-write; encrypted-media; gyroscope; picture-in-picture; web-share\" referrerpolicy=\"strict-origin-when-cross-origin\" allowfullscreen><\/iframe><\/p>\n<p><iframe loading=\"lazy\" title=\"Avaliar compet\u00eancias: o exemplo da Boa \u00c1gua\" width=\"860\" height=\"484\" src=\"https:\/\/www.youtube.com\/embed\/Nrk1ajgicWI?feature=oembed\" frameborder=\"0\" allow=\"accelerometer; autoplay; clipboard-write; encrypted-media; gyroscope; picture-in-picture; web-share\" referrerpolicy=\"strict-origin-when-cross-origin\" allowfullscreen><\/iframe><\/p>\n","protected":false},"excerpt":{"rendered":"<p>. \u00bb Plano de Inova\u00e7\u00e3o 2019_2024 Plano de Inova\u00e7\u00e3o 2024_2028 . &gt; Perguntas e respostas sobre o Plano de Inova\u00e7\u00e3o &lt;<\/p>\n","protected":false},"author":9,"featured_media":0,"parent":0,"menu_order":4,"comment_status":"closed","ping_status":"closed","template":"","meta":{"footnotes":""},"class_list":["post-5289","page","type-page","status-publish","hentry"],"_links":{"self":[{"href":"https:\/\/aeboaagua.org\/ebiba\/wp-json\/wp\/v2\/pages\/5289","targetHints":{"allow":["GET"]}}],"collection":[{"href":"https:\/\/aeboaagua.org\/ebiba\/wp-json\/wp\/v2\/pages"}],"about":[{"href":"https:\/\/aeboaagua.org\/ebiba\/wp-json\/wp\/v2\/types\/page"}],"author":[{"embeddable":true,"href":"https:\/\/aeboaagua.org\/ebiba\/wp-json\/wp\/v2\/users\/9"}],"replies":[{"embeddable":true,"href":"https:\/\/aeboaagua.org\/ebiba\/wp-json\/wp\/v2\/comments?post=5289"}],"version-history":[{"count":29,"href":"https:\/\/aeboaagua.org\/ebiba\/wp-json\/wp\/v2\/pages\/5289\/revisions"}],"predecessor-version":[{"id":9005,"href":"https:\/\/aeboaagua.org\/ebiba\/wp-json\/wp\/v2\/pages\/5289\/revisions\/9005"}],"wp:attachment":[{"href":"https:\/\/aeboaagua.org\/ebiba\/wp-json\/wp\/v2\/media?parent=5289"}],"curies":[{"name":"wp","href":"https:\/\/api.w.org\/{rel}","templated":true}]}}