{"id":3560,"date":"2014-12-02T09:46:32","date_gmt":"2014-12-02T09:46:32","guid":{"rendered":"http:\/\/aeboaagua.org\/ebiba\/?page_id=3560"},"modified":"2019-06-29T18:25:58","modified_gmt":"2019-06-29T18:25:58","slug":"formulariosonline","status":"publish","type":"page","link":"https:\/\/aeboaagua.org\/ebiba\/projetos\/formulariosonline\/","title":{"rendered":"LAI &#8211; Laborat\u00f3rio de Aprendizagem Interativa"},"content":{"rendered":"<p><a href=\"http:\/\/aeboaagua.org\/ebiba\/wp-content\/uploads\/2014\/12\/logo_lai_1617-C\u00f3pia.png\"><img loading=\"lazy\" decoding=\"async\" class=\"aligncenter size-medium wp-image-4521\" src=\"http:\/\/aeboaagua.org\/ebiba\/wp-content\/uploads\/2014\/12\/logo_lai_1617-C\u00f3pia-300x67.png\" alt=\"logo_lai_1617 - C\u00f3pia\" width=\"300\" height=\"67\" srcset=\"https:\/\/aeboaagua.org\/ebiba\/wp-content\/uploads\/2014\/12\/logo_lai_1617-C\u00f3pia-300x67.png 300w, https:\/\/aeboaagua.org\/ebiba\/wp-content\/uploads\/2014\/12\/logo_lai_1617-C\u00f3pia.png 960w\" sizes=\"auto, (max-width: 300px) 100vw, 300px\" \/><\/a><\/p>\n<p style=\"text-align: center;\"><strong><span style=\"color: #ff6600;\">L.A.I. (Laborat\u00f3rio de Aprendizagem Interactiva) da Boa \u00c1gua<\/span><\/strong><\/p>\n<p>&nbsp;<\/p>\n<p><iframe loading=\"lazy\" width=\"860\" height=\"484\" src=\"https:\/\/www.youtube.com\/embed\/B1RxT7QSxgM?feature=oembed\" frameborder=\"0\" allow=\"accelerometer; autoplay; encrypted-media; gyroscope; picture-in-picture\" allowfullscreen><\/iframe><\/p>\n<p>&nbsp;<\/p>\n<p>O LAI \u00e9 um espa\u00e7o comum, com uma disposi\u00e7\u00e3o e recursos diferentes, um ambiente aberto para criar e aplicar pedagogias diferenciadas e motivadoras no processo ensino-aprendizagem.<\/p>\n<p>Um espa\u00e7o que permite a qualquer docente desenvolver pedagogias de colabora\u00e7\u00e3o, explora\u00e7\u00e3o, coopera\u00e7\u00e3o, aula invertida, construtiva e muito mais. Depende somente do pedagogo e da sua criatividade.<\/p>\n<p>Neste espa\u00e7o, os pap\u00e9is dos v\u00e1rios intervenientes por vezes misturam-se, criando assim um percurso colaborativo e construtivo de aprendizagem. Tanto o docente como o aluno\u00a0 tornam-se parceiros no percurso de aquisi\u00e7\u00e3o e explora\u00e7\u00e3o de conhecimento e compet\u00eancias.<\/p>\n<p>Aqui tamb\u00e9m se d\u00e1 import\u00e2ncia \u00e0 aprendizagem conseguida pelo fazer, criar e construir conhecimento.<\/p>\n<p><a href=\"http:\/\/aeboaagua.org\/ebiba\/wp-content\/uploads\/2014\/12\/estudo-2_-logo-lai_1617_pq-C\u00f3pia.png\"><img loading=\"lazy\" decoding=\"async\" class=\"aligncenter size-full wp-image-4522\" src=\"http:\/\/aeboaagua.org\/ebiba\/wp-content\/uploads\/2014\/12\/estudo-2_-logo-lai_1617_pq-C\u00f3pia.png\" alt=\"estudo 2_ logo lai_1617_pq - C\u00f3pia\" width=\"266\" height=\"257\" \/><\/a><\/p>\n<p>&nbsp;<\/p>\n<p>&nbsp;<\/p>\n<p>&nbsp;<\/p>\n<p>&nbsp;<\/p>\n<p>&nbsp;<\/p>\n<p>&nbsp;<\/p>\n","protected":false},"excerpt":{"rendered":"<p>L.A.I. (Laborat\u00f3rio de Aprendizagem Interactiva) da Boa \u00c1gua &nbsp; &nbsp; O LAI \u00e9 um espa\u00e7o comum, com uma disposi\u00e7\u00e3o e recursos diferentes, um ambiente aberto para criar e aplicar pedagogias diferenciadas e motivadoras no processo ensino-aprendizagem. Um espa\u00e7o que permite a qualquer docente desenvolver pedagogias de colabora\u00e7\u00e3o, explora\u00e7\u00e3o, coopera\u00e7\u00e3o, aula invertida, construtiva e muito mais. Depende somente do pedagogo e<\/p>\n","protected":false},"author":15,"featured_media":3515,"parent":5308,"menu_order":0,"comment_status":"closed","ping_status":"open","template":"","meta":{"footnotes":""},"class_list":["post-3560","page","type-page","status-publish","has-post-thumbnail","hentry"],"_links":{"self":[{"href":"https:\/\/aeboaagua.org\/ebiba\/wp-json\/wp\/v2\/pages\/3560","targetHints":{"allow":["GET"]}}],"collection":[{"href":"https:\/\/aeboaagua.org\/ebiba\/wp-json\/wp\/v2\/pages"}],"about":[{"href":"https:\/\/aeboaagua.org\/ebiba\/wp-json\/wp\/v2\/types\/page"}],"author":[{"embeddable":true,"href":"https:\/\/aeboaagua.org\/ebiba\/wp-json\/wp\/v2\/users\/15"}],"replies":[{"embeddable":true,"href":"https:\/\/aeboaagua.org\/ebiba\/wp-json\/wp\/v2\/comments?post=3560"}],"version-history":[{"count":31,"href":"https:\/\/aeboaagua.org\/ebiba\/wp-json\/wp\/v2\/pages\/3560\/revisions"}],"predecessor-version":[{"id":6024,"href":"https:\/\/aeboaagua.org\/ebiba\/wp-json\/wp\/v2\/pages\/3560\/revisions\/6024"}],"up":[{"embeddable":true,"href":"https:\/\/aeboaagua.org\/ebiba\/wp-json\/wp\/v2\/pages\/5308"}],"wp:featuredmedia":[{"embeddable":true,"href":"https:\/\/aeboaagua.org\/ebiba\/wp-json\/wp\/v2\/media\/3515"}],"wp:attachment":[{"href":"https:\/\/aeboaagua.org\/ebiba\/wp-json\/wp\/v2\/media?parent=3560"}],"curies":[{"name":"wp","href":"https:\/\/api.w.org\/{rel}","templated":true}]}}