{"id":100,"date":"2010-12-01T20:18:48","date_gmt":"2010-12-01T20:18:48","guid":{"rendered":"http:\/\/aeboaagua.org\/ebiba\/?page_id=100"},"modified":"2025-10-27T15:22:17","modified_gmt":"2025-10-27T15:22:17","slug":"biblioteca","status":"publish","type":"page","link":"https:\/\/aeboaagua.org\/ebiba\/projetos\/biblioteca\/","title":{"rendered":"Biblioteca Escolar\/Centro de Recursos Educativos"},"content":{"rendered":"<h1 style=\"text-align: center;\"><a href=\"http:\/\/aeboaagua.org\/ebiba\/wp-content\/uploads\/2010\/12\/logobecre.png\"><img loading=\"lazy\" decoding=\"async\" class=\"aligncenter size-medium wp-image-1102\" title=\"logobecre\" src=\"http:\/\/aeboaagua.org\/ebiba\/wp-content\/uploads\/2010\/12\/logobecre-234x300.png\" alt=\"\" width=\"234\" height=\"300\" \/><\/a><\/h1>\n<p><a href=\"http:\/\/aeboaagua.org\/ebiba\/wp-content\/uploads\/2010\/12\/Actividades_becre6.jpg\"><img loading=\"lazy\" decoding=\"async\" class=\"aligncenter size-medium wp-image-966\" title=\"Actividades_becre6\" src=\"http:\/\/aeboaagua.org\/ebiba\/wp-content\/uploads\/2010\/12\/Actividades_becre6-300x200.jpg\" alt=\"\" width=\"300\" height=\"200\" \/><\/a><\/p>\n<h3 style=\"text-align: center;\"><span style=\"color: #0000ff;\">&#8220;Uma biblioteca \u00e9 uma casa onde cabe\u00a0toda a gente&#8221;<\/span><\/h3>\n<p>&nbsp;<\/p>\n<p>O Agrupamento de Escolas da Boa \u00c1gua j\u00e1 conta com a exist\u00eancia de duas Bibliotecas Escolares (BE).<br \/>\nNa EB1\/JI do Pinhal do General, a BE funciona em pleno e professores e alunos j\u00e1 utilizam aquele espa\u00e7o no seu quotidiano para ler ou requisitar um livro, ver um DVD, ouvir contar uma hist\u00f3ria ou simplesmente para estar num s\u00edtio aconchegante e acolhedor\u2026<\/p>\n<p><a href=\"http:\/\/aeboaagua.org\/ebiba\/wp-content\/uploads\/2010\/12\/becre0.jpg\"><img loading=\"lazy\" decoding=\"async\" class=\"aligncenter size-medium wp-image-350\" title=\"becre0\" src=\"http:\/\/aeboaagua.org\/ebiba\/wp-content\/uploads\/2010\/12\/becre0-300x225.jpg\" alt=\"\" width=\"300\" height=\"225\" \/><\/a><\/p>\n<p>Na EBI da Boa \u00c1gua, a Biblioteca abriu as portas no dia 21 de Outubro e, desde ent\u00e3o, os alunos frequentam-na entusiasticamente. Os livros v\u00e3o chegando a conta-gotas (muitos deles escolhidos pelos pr\u00f3prios alunos) e as novidades s\u00e3o imediatamente exploradas por \u00e1vidos leitores. Ainda falta muita coisa: mob\u00edlia adaptada ao 1\u00ba ciclo, fundo documental necess\u00e1rio, computadores, requisi\u00e7\u00e3o domicili\u00e1ria\u2026 mas j\u00e1 se tem o mais importante: gente com muita vontade de ler, criar, aprender e ajudar.<\/p>\n<p><a href=\"http:\/\/aeboaagua.org\/ebiba\/wp-content\/uploads\/2010\/12\/becre1.jpg\"><img loading=\"lazy\" decoding=\"async\" class=\"aligncenter size-full wp-image-351\" title=\"becre1\" src=\"http:\/\/aeboaagua.org\/ebiba\/wp-content\/uploads\/2010\/12\/becre1.jpg\" alt=\"\" width=\"246\" height=\"213\" \/><\/a><\/p>\n<p>A EB1 n\u00ba2 da Quinta do Conde foi recentemente integrada na Rede de Bibliotecas Escolares (gra\u00e7as tamb\u00e9m ao empenho dos nossos parceiros municipais), estando em curso a remodela\u00e7\u00e3o daquele espa\u00e7o e a compra do respectivo fundo documental.<\/p>\n<p style=\"text-align: center;\"><a href=\"http:\/\/aeboaagua.org\/ebiba\/wp-content\/uploads\/2010\/12\/SAM_0751.jpg\"><img loading=\"lazy\" decoding=\"async\" class=\"aligncenter size-medium wp-image-1177\" title=\"SAM_0751\" src=\"http:\/\/aeboaagua.org\/ebiba\/wp-content\/uploads\/2010\/12\/SAM_0751-300x225.jpg\" alt=\"\" width=\"300\" height=\"225\" \/><\/a><\/p>\n<p>\u00c9 preciso n\u00e3o esquecer que \u201cLer faz crescer\u201d e que, na Boa \u00c1gua, procuramos sempre melhorar o sucesso e contribuir para a forma\u00e7\u00e3o de leitores cr\u00edticos e respons\u00e1veis, preparados para viver neste nosso mundo<\/p>\n<h3 style=\"text-align: center;\"><span style=\"color: #008080;\">A nossa miss\u00e3o<\/span><\/h3>\n<p><span style=\"color: #008080;\"><span style=\"color: #333333;\">As Bibliotecas Escolares do Agrupamento procuram contribuir para o desenvolvimento da literacia, das compet\u00eancias da leitura e da escrita, da imagina\u00e7\u00e3o, assim como do esp\u00edrito cr\u00edtico e autonomia no uso da informa\u00e7\u00e3o em diversos formatos e suportes. Como recursos da Comunidade Educativa, pretende-se que sejam espa\u00e7os culturais, promotores de altera\u00e7\u00f5es no processo de ensino-aprendizagem, contribuindo assim para a forma\u00e7\u00e3o de cidad\u00e3os respons\u00e1veis e interventivos na sociedade actual, globalizante, baseada na informa\u00e7\u00e3o, no conhecimento, e em constante transforma\u00e7\u00e3o.<\/span><\/span><\/p>\n<p>&nbsp;<\/p>\n<blockquote><p><a href=\"https:\/\/www.facebook.com\/Biblioteca-Escolar-da-Boa-%C3%81gua-198297080243904\/\">Siga a BE\/CRE no Facebook &lt;<\/a><\/p><\/blockquote>\n<p><a href=\"https:\/\/sites.google.com\/aeboaagua.org\/bibliotecas-escolares-aeba\/p%C3%A1gina-inicial\">Site das Bibliotecas Escolares<\/a><\/p>\n<p>&nbsp;<\/p>\n<p>&nbsp;<\/p>\n","protected":false},"excerpt":{"rendered":"<p>&#8220;Uma biblioteca \u00e9 uma casa onde cabe\u00a0toda a gente&#8221; &nbsp; O Agrupamento de Escolas da Boa \u00c1gua j\u00e1 conta com a exist\u00eancia de duas Bibliotecas Escolares (BE). Na EB1\/JI do Pinhal do General, a BE funciona em pleno e professores e alunos j\u00e1 utilizam aquele espa\u00e7o no seu quotidiano para ler ou requisitar um livro, ver um DVD, ouvir contar<\/p>\n","protected":false},"author":15,"featured_media":0,"parent":5308,"menu_order":9,"comment_status":"closed","ping_status":"open","template":"","meta":{"footnotes":""},"class_list":["post-100","page","type-page","status-publish","hentry"],"_links":{"self":[{"href":"https:\/\/aeboaagua.org\/ebiba\/wp-json\/wp\/v2\/pages\/100","targetHints":{"allow":["GET"]}}],"collection":[{"href":"https:\/\/aeboaagua.org\/ebiba\/wp-json\/wp\/v2\/pages"}],"about":[{"href":"https:\/\/aeboaagua.org\/ebiba\/wp-json\/wp\/v2\/types\/page"}],"author":[{"embeddable":true,"href":"https:\/\/aeboaagua.org\/ebiba\/wp-json\/wp\/v2\/users\/15"}],"replies":[{"embeddable":true,"href":"https:\/\/aeboaagua.org\/ebiba\/wp-json\/wp\/v2\/comments?post=100"}],"version-history":[{"count":66,"href":"https:\/\/aeboaagua.org\/ebiba\/wp-json\/wp\/v2\/pages\/100\/revisions"}],"predecessor-version":[{"id":9232,"href":"https:\/\/aeboaagua.org\/ebiba\/wp-json\/wp\/v2\/pages\/100\/revisions\/9232"}],"up":[{"embeddable":true,"href":"https:\/\/aeboaagua.org\/ebiba\/wp-json\/wp\/v2\/pages\/5308"}],"wp:attachment":[{"href":"https:\/\/aeboaagua.org\/ebiba\/wp-json\/wp\/v2\/media?parent=100"}],"curies":[{"name":"wp","href":"https:\/\/api.w.org\/{rel}","templated":true}]}}